{"id":9934,"date":"2021-04-07T10:18:16","date_gmt":"2021-04-07T08:18:16","guid":{"rendered":"https:\/\/mediendesign-moser.at\/shop\/?post_type=product&#038;p=9934"},"modified":"2026-02-19T12:10:55","modified_gmt":"2026-02-19T11:10:55","slug":"download-schneide-datei-bastelbogen-noerdliche-haeuser","status":"publish","type":"product","link":"https:\/\/mediendesign-moser.at\/shop\/?product=download-schneide-datei-bastelbogen-noerdliche-haeuser","title":{"rendered":"Download: Schneide Datei \/ Bastelbogen n\u00f6rdliche H\u00e4user"},"content":{"rendered":"","protected":false},"excerpt":{"rendered":"<p>Schneide Dateien (.svg, .dxf) zum Drucken und\/oder Zuschnitt einer 2D-H\u00e4userreihe im n\u00f6rdlichen Stil.<\/p>\n<p>Mit diesem Download k\u00f6nnen die Papierteile f\u00fcr die 2D H\u00e4userreihe (Fotos) geschnitten werden.<\/p>\n<p>Im Download sind enthalten:<\/p>\n<ul>\n<li>SVG-Dateien f\u00fcr die Verwendung mit folgenden Schneideger\u00e4ten:<br \/>\nCricut, Brother ScanNCut, oder Silhouette-Ger\u00e4te (Silhouette Studio ab Designer-Edition erforderlich)<\/li>\n<li>DXF-Dateien f\u00fcr Silhouette-Ger\u00e4te (Silhouette Studio Basic Edition ist ausreichend)<\/li>\n<li>Bastelbogen zum Ausdrucken f\u00fcr manuellen Zuschnitt.<\/li>\n<\/ul>\n<p>Dieses Projekt wurde mit folgenden Schneideger\u00e4ten getestet:<br \/>\nSilhouette Cameo, Cricut Maker, Brother ScanNCut.<br \/>\nInfos und Anleitungen zur Verwendung mit den jeweiligen Ger\u00e4ten <a href=\"https:\/\/mediendesign-moser.at\/shop\/?page_id=6409\" target=\"_blank\" rel=\"noopener\">finden Sie hier<\/a>.<\/p>\n<p>Beachten Sie unsere \u00a0<a href=\"https:\/\/mediendesign-moser.at\/shop\/?page_id=758\" target=\"_blank\" rel=\"noopener\">Lizenzbedingungen<\/a>\u00a0f\u00fcr downloadbare Produkte.<br \/>\n<a href=\"https:\/\/mediendesign-moser.at\/shop\/wp-content\/uploads\/2021\/04\/BMDM0482.jpg\"><img loading=\"lazy\" decoding=\"async\" class=\"alignleft size-full wp-image-9927\" src=\"https:\/\/mediendesign-moser.at\/shop\/wp-content\/uploads\/2021\/04\/BMDM0482.jpg\" alt=\"\" width=\"800\" height=\"533\" srcset=\"https:\/\/mediendesign-moser.at\/shop\/wp-content\/uploads\/2021\/04\/BMDM0482.jpg 800w, https:\/\/mediendesign-moser.at\/shop\/wp-content\/uploads\/2021\/04\/BMDM0482-300x200.jpg 300w, https:\/\/mediendesign-moser.at\/shop\/wp-content\/uploads\/2021\/04\/BMDM0482-768x512.jpg 768w, https:\/\/mediendesign-moser.at\/shop\/wp-content\/uploads\/2021\/04\/BMDM0482-600x400.jpg 600w\" sizes=\"auto, (max-width: 800px) 100vw, 800px\" \/><\/a><\/p>\n","protected":false},"featured_media":9928,"comment_status":"open","ping_status":"closed","template":"","meta":{"om_disable_all_campaigns":false,"_monsterinsights_skip_tracking":false,"_monsterinsights_sitenote_active":false,"_monsterinsights_sitenote_note":"","_monsterinsights_sitenote_category":0},"product_cat":[1124,513,796,851,263],"product_tag":[38,1120,543,544,1635,1629,1625,954,1634,518,99,504,142,517,412],"class_list":{"0":"post-9934","1":"product","2":"type-product","3":"status-publish","4":"has-post-thumbnail","6":"product_cat-bastelboegen","7":"product_cat-schneidplotter-svg-und-pdf","8":"product_cat-gebaeude-schneidplotter-svg-und-pdf","9":"product_cat-urlaub","10":"product_cat-downloadprodukte","11":"product_tag-download","12":"product_tag-dxf","13":"product_tag-haeuser","14":"product_tag-haeuserreihe","15":"product_tag-houses","16":"product_tag-iceland","17":"product_tag-island","18":"product_tag-norden","19":"product_tag-northern","20":"product_tag-pdf","21":"product_tag-reise","22":"product_tag-schneidplotter","23":"product_tag-schneidplotter-datei","24":"product_tag-svg","25":"product_tag-urlaub","27":"first","28":"instock","29":"downloadable","30":"virtual","31":"purchasable","32":"product-type-simple"},"aioseo_notices":[],"jetpack_sharing_enabled":true,"_links":{"self":[{"href":"https:\/\/mediendesign-moser.at\/shop\/index.php?rest_route=\/wp\/v2\/product\/9934","targetHints":{"allow":["GET"]}}],"collection":[{"href":"https:\/\/mediendesign-moser.at\/shop\/index.php?rest_route=\/wp\/v2\/product"}],"about":[{"href":"https:\/\/mediendesign-moser.at\/shop\/index.php?rest_route=\/wp\/v2\/types\/product"}],"replies":[{"embeddable":true,"href":"https:\/\/mediendesign-moser.at\/shop\/index.php?rest_route=%2Fwp%2Fv2%2Fcomments&post=9934"}],"wp:featuredmedia":[{"embeddable":true,"href":"https:\/\/mediendesign-moser.at\/shop\/index.php?rest_route=\/wp\/v2\/media\/9928"}],"wp:attachment":[{"href":"https:\/\/mediendesign-moser.at\/shop\/index.php?rest_route=%2Fwp%2Fv2%2Fmedia&parent=9934"}],"wp:term":[{"taxonomy":"product_cat","embeddable":true,"href":"https:\/\/mediendesign-moser.at\/shop\/index.php?rest_route=%2Fwp%2Fv2%2Fproduct_cat&post=9934"},{"taxonomy":"product_tag","embeddable":true,"href":"https:\/\/mediendesign-moser.at\/shop\/index.php?rest_route=%2Fwp%2Fv2%2Fproduct_tag&post=9934"}],"curies":[{"name":"wp","href":"https:\/\/api.w.org\/{rel}","templated":true}]}}