{"id":9818,"date":"2021-03-25T17:24:43","date_gmt":"2021-03-25T16:24:43","guid":{"rendered":"https:\/\/mediendesign-moser.at\/shop\/?post_type=product&#038;p=9818"},"modified":"2023-01-03T15:55:02","modified_gmt":"2023-01-03T14:55:02","slug":"download-schneide-datei-simple-cat","status":"publish","type":"product","link":"https:\/\/mediendesign-moser.at\/shop\/?product=download-schneide-datei-simple-cat","title":{"rendered":"Download: Schneide Datei"},"content":{"rendered":"","protected":false},"excerpt":{"rendered":"<p>Downloadbare Schneide Dateien (.svg, .dxf) f\u00fcr den Zuschnitt eines Folienmotives.<br \/>\nMotiv: Lustige Katze ohne Text und als 2. Motiv Katzengesicht mit Text. Der Text wurde in verschiedenen Sprachen aufbereitet (deutsch, englisch, spanisch, niederl\u00e4ndisch, portugiesisch, franz\u00f6sisch, italienisch).<\/p>\n<p>Dieses Folienmotiv ist ideal f\u00fcr den Zuschnitt von B\u00fcgelfolie geeignet. Z. B. f\u00fcr die Versch\u00f6nerung von T-Shirts oder sonstigen Textilien.<\/p>\n<p>Im Download sind enthalten:<\/p>\n<ul>\n<li>SVG-Dateien f\u00fcr die Verwendung mit folgenden Schneideger\u00e4ten:<br \/>\nCricut, Brother ScanNCut, oder Silhouette-Ger\u00e4te (Silhouette Studio ab Designer-Edition erforderlich)<\/li>\n<li>DXF-Dateien f\u00fcr Silhouette-Ger\u00e4te (Silhouette Studio Basic Edition ist ausreichend)<\/li>\n<li>PDF Dateien<\/li>\n<\/ul>\n<p>Dieses Projekt wurde mit folgenden Schneideger\u00e4ten getestet:<br \/>\nSilhouette Cameo, Cricut Maker, Brother ScanNCut.<br \/>\nInfos und Anleitungen zur Verwendung mit den jeweiligen Ger\u00e4ten <a href=\"https:\/\/mediendesign-moser.at\/shop\/?page_id=6409\" target=\"_blank\" rel=\"noopener\">finden Sie hier<\/a>.<\/p>\n<p><span style=\"color: #ff0000;\"><strong>Empfehlung:<\/strong><\/span><br \/>\nWir empfehlen f\u00fcr den Zuschnitt die Motivbreite auf ca. 29 cm einzustellen (ideal f\u00fcr T-Shirt)<\/p>\n<p>Beachten Sie unsere \u00a0<a href=\"https:\/\/mediendesign-moser.at\/shop\/?page_id=758\" target=\"_blank\" rel=\"noopener\">Lizenzbedingungen<\/a>\u00a0f\u00fcr downloadbare Produkte.<a href=\"https:\/\/mediendesign-moser.at\/shop\/wp-content\/uploads\/2021\/03\/BMDM0429.jpg\"><img loading=\"lazy\" decoding=\"async\" class=\"alignleft size-full wp-image-9808\" src=\"https:\/\/mediendesign-moser.at\/shop\/wp-content\/uploads\/2021\/03\/BMDM0429.jpg\" alt=\"\" width=\"800\" height=\"533\" srcset=\"https:\/\/mediendesign-moser.at\/shop\/wp-content\/uploads\/2021\/03\/BMDM0429.jpg 800w, https:\/\/mediendesign-moser.at\/shop\/wp-content\/uploads\/2021\/03\/BMDM0429-300x200.jpg 300w, https:\/\/mediendesign-moser.at\/shop\/wp-content\/uploads\/2021\/03\/BMDM0429-768x512.jpg 768w, https:\/\/mediendesign-moser.at\/shop\/wp-content\/uploads\/2021\/03\/BMDM0429-600x400.jpg 600w\" sizes=\"auto, (max-width: 800px) 100vw, 800px\" \/><\/a><a href=\"https:\/\/mediendesign-moser.at\/shop\/wp-content\/uploads\/2021\/03\/BMDM0444.jpg\"><img loading=\"lazy\" decoding=\"async\" class=\"alignleft size-full wp-image-9809\" src=\"https:\/\/mediendesign-moser.at\/shop\/wp-content\/uploads\/2021\/03\/BMDM0444.jpg\" alt=\"\" width=\"800\" height=\"533\" srcset=\"https:\/\/mediendesign-moser.at\/shop\/wp-content\/uploads\/2021\/03\/BMDM0444.jpg 800w, https:\/\/mediendesign-moser.at\/shop\/wp-content\/uploads\/2021\/03\/BMDM0444-300x200.jpg 300w, https:\/\/mediendesign-moser.at\/shop\/wp-content\/uploads\/2021\/03\/BMDM0444-768x512.jpg 768w, https:\/\/mediendesign-moser.at\/shop\/wp-content\/uploads\/2021\/03\/BMDM0444-600x400.jpg 600w\" sizes=\"auto, (max-width: 800px) 100vw, 800px\" \/><\/a><\/p>\n","protected":false},"featured_media":9809,"comment_status":"closed","ping_status":"closed","template":"","meta":{"om_disable_all_campaigns":false,"_monsterinsights_skip_tracking":false,"_monsterinsights_sitenote_active":false,"_monsterinsights_sitenote_note":"","_monsterinsights_sitenote_category":0},"product_cat":[513,1622,263],"product_tag":[1623,1619,38,1120,1621,1529,654,518,504,142,517,1620],"class_list":{"0":"post-9818","1":"product","2":"type-product","3":"status-publish","4":"has-post-thumbnail","6":"product_cat-schneidplotter-svg-und-pdf","7":"product_cat-folien-und-t-shirt-designs","8":"product_cat-downloadprodukte","9":"product_tag-buegelmotiv","10":"product_tag-cat","11":"product_tag-download","12":"product_tag-dxf","13":"product_tag-funny","14":"product_tag-katze","15":"product_tag-lustig","16":"product_tag-pdf","17":"product_tag-schneidplotter","18":"product_tag-schneidplotter-datei","19":"product_tag-svg","20":"product_tag-t-shirt-design","22":"first","23":"instock","24":"downloadable","25":"virtual","26":"purchasable","27":"product-type-simple"},"aioseo_notices":[],"jetpack_sharing_enabled":true,"_links":{"self":[{"href":"https:\/\/mediendesign-moser.at\/shop\/index.php?rest_route=\/wp\/v2\/product\/9818","targetHints":{"allow":["GET"]}}],"collection":[{"href":"https:\/\/mediendesign-moser.at\/shop\/index.php?rest_route=\/wp\/v2\/product"}],"about":[{"href":"https:\/\/mediendesign-moser.at\/shop\/index.php?rest_route=\/wp\/v2\/types\/product"}],"replies":[{"embeddable":true,"href":"https:\/\/mediendesign-moser.at\/shop\/index.php?rest_route=%2Fwp%2Fv2%2Fcomments&post=9818"}],"wp:featuredmedia":[{"embeddable":true,"href":"https:\/\/mediendesign-moser.at\/shop\/index.php?rest_route=\/wp\/v2\/media\/9809"}],"wp:attachment":[{"href":"https:\/\/mediendesign-moser.at\/shop\/index.php?rest_route=%2Fwp%2Fv2%2Fmedia&parent=9818"}],"wp:term":[{"taxonomy":"product_cat","embeddable":true,"href":"https:\/\/mediendesign-moser.at\/shop\/index.php?rest_route=%2Fwp%2Fv2%2Fproduct_cat&post=9818"},{"taxonomy":"product_tag","embeddable":true,"href":"https:\/\/mediendesign-moser.at\/shop\/index.php?rest_route=%2Fwp%2Fv2%2Fproduct_tag&post=9818"}],"curies":[{"name":"wp","href":"https:\/\/api.w.org\/{rel}","templated":true}]}}