{"id":9447,"date":"2021-03-04T15:14:36","date_gmt":"2021-03-04T14:14:36","guid":{"rendered":"https:\/\/mediendesign-moser.at\/shop\/?post_type=product&#038;p=9447"},"modified":"2025-01-23T13:02:50","modified_gmt":"2025-01-23T12:02:50","slug":"download-schneide-datei-bastelbogen-fuer-schminktisch","status":"publish","type":"product","link":"https:\/\/mediendesign-moser.at\/shop\/?product=download-schneide-datei-bastelbogen-fuer-schminktisch","title":{"rendered":"Download: Schneide Datei \/ Bastelbogen f\u00fcr Schminktisch"},"content":{"rendered":"","protected":false},"excerpt":{"rendered":"<p>Schneide Dateien (.svg, .dxf) f\u00fcr den Zuschnitt eines Schminktisches samt Hocker.<\/p>\n<p>Mit diesem Download k\u00f6nnen die Papierteile f\u00fcr Schminktisch und Hocker (Fotos) geschnitten werden.<\/p>\n<p>Das fertig hergestellte Schminktisch-und-Hocker-Set passt ideal in eine Explosionsbox mit Standardgr\u00f6\u00dfe 4x4x4&#8243; (=W\u00fcrfelform mit Seitenkantenl\u00e4nge von ca. 10,2 cm.)<\/p>\n<p>Im Download sind enthalten:<\/p>\n<ul>\n<li>SVG-Dateien f\u00fcr die Verwendung mit folgenden Schneideger\u00e4ten:<br \/>\nCricut, Brother ScanNCut, oder Silhouette-Ger\u00e4te (Silhouette Studio ab Designer-Edition erforderlich)<\/li>\n<li>DXF-Dateien f\u00fcr Silhouette-Ger\u00e4te (Silhouette Studio Basic Edition ist ausreichend)<\/li>\n<li>Bastelbogen zum Ausdrucken f\u00fcr manuellen Zuschnitt.<\/li>\n<\/ul>\n<p>Dieses Projekt wurde mit folgenden Schneideger\u00e4ten getestet:<br \/>\nSilhouette Cameo, Cricut Maker, Brother ScanNCut.<br \/>\nInfos und Anleitungen zur Verwendung mit den jeweiligen Ger\u00e4ten <a href=\"https:\/\/mediendesign-moser.at\/shop\/?page_id=6409\" target=\"_blank\" rel=\"noopener\">finden Sie hier<\/a>.<\/p>\n<p>Beachten Sie unsere \u00a0<a href=\"https:\/\/mediendesign-moser.at\/shop\/?page_id=758\" target=\"_blank\" rel=\"noopener\">Lizenzbedingungen<\/a>\u00a0f\u00fcr downloadbare Produkte.<a href=\"https:\/\/mediendesign-moser.at\/shop\/wp-content\/uploads\/2021\/03\/DL-MD020-makeup-table-photocompilation.jpg\"><img loading=\"lazy\" decoding=\"async\" class=\"alignnone size-full wp-image-9442\" src=\"https:\/\/mediendesign-moser.at\/shop\/wp-content\/uploads\/2021\/03\/DL-MD020-makeup-table-photocompilation.jpg\" alt=\"\" width=\"620\" height=\"1739\" srcset=\"https:\/\/mediendesign-moser.at\/shop\/wp-content\/uploads\/2021\/03\/DL-MD020-makeup-table-photocompilation.jpg 620w, https:\/\/mediendesign-moser.at\/shop\/wp-content\/uploads\/2021\/03\/DL-MD020-makeup-table-photocompilation-107x300.jpg 107w, https:\/\/mediendesign-moser.at\/shop\/wp-content\/uploads\/2021\/03\/DL-MD020-makeup-table-photocompilation-365x1024.jpg 365w, https:\/\/mediendesign-moser.at\/shop\/wp-content\/uploads\/2021\/03\/DL-MD020-makeup-table-photocompilation-600x1683.jpg 600w\" sizes=\"auto, (max-width: 620px) 100vw, 620px\" \/><\/a><\/p>\n","protected":false},"featured_media":9441,"comment_status":"open","ping_status":"closed","template":"","meta":{"om_disable_all_campaigns":false,"_monsterinsights_skip_tracking":false,"_monsterinsights_sitenote_active":false,"_monsterinsights_sitenote_note":"","_monsterinsights_sitenote_category":0},"product_cat":[1124,513,803,898,263],"product_tag":[312,38,1120,904,1571,1573,1576,518,1575,1574,504,142,76,517],"class_list":{"0":"post-9447","1":"product","2":"type-product","3":"status-publish","4":"has-post-thumbnail","6":"product_cat-bastelboegen","7":"product_cat-schneidplotter-svg-und-pdf","8":"product_cat-freizeit-schneidplotter-svg-und-pdf","9":"product_cat-mode-und-schoenheit","10":"product_cat-downloadprodukte","11":"product_tag-beauty","12":"product_tag-download","13":"product_tag-dxf","14":"product_tag-friseur","15":"product_tag-frisoer","16":"product_tag-make-up","17":"product_tag-make-up-table","18":"product_tag-pdf","19":"product_tag-schminken","20":"product_tag-schminktisch","21":"product_tag-schneidplotter","22":"product_tag-schneidplotter-datei","23":"product_tag-schoenheit","24":"product_tag-svg","26":"first","27":"instock","28":"downloadable","29":"virtual","30":"purchasable","31":"product-type-simple"},"aioseo_notices":[],"jetpack_sharing_enabled":true,"_links":{"self":[{"href":"https:\/\/mediendesign-moser.at\/shop\/index.php?rest_route=\/wp\/v2\/product\/9447","targetHints":{"allow":["GET"]}}],"collection":[{"href":"https:\/\/mediendesign-moser.at\/shop\/index.php?rest_route=\/wp\/v2\/product"}],"about":[{"href":"https:\/\/mediendesign-moser.at\/shop\/index.php?rest_route=\/wp\/v2\/types\/product"}],"replies":[{"embeddable":true,"href":"https:\/\/mediendesign-moser.at\/shop\/index.php?rest_route=%2Fwp%2Fv2%2Fcomments&post=9447"}],"wp:featuredmedia":[{"embeddable":true,"href":"https:\/\/mediendesign-moser.at\/shop\/index.php?rest_route=\/wp\/v2\/media\/9441"}],"wp:attachment":[{"href":"https:\/\/mediendesign-moser.at\/shop\/index.php?rest_route=%2Fwp%2Fv2%2Fmedia&parent=9447"}],"wp:term":[{"taxonomy":"product_cat","embeddable":true,"href":"https:\/\/mediendesign-moser.at\/shop\/index.php?rest_route=%2Fwp%2Fv2%2Fproduct_cat&post=9447"},{"taxonomy":"product_tag","embeddable":true,"href":"https:\/\/mediendesign-moser.at\/shop\/index.php?rest_route=%2Fwp%2Fv2%2Fproduct_tag&post=9447"}],"curies":[{"name":"wp","href":"https:\/\/api.w.org\/{rel}","templated":true}]}}