{"id":9249,"date":"2021-02-02T21:09:29","date_gmt":"2021-02-02T20:09:29","guid":{"rendered":"https:\/\/mediendesign-moser.at\/shop\/?post_type=product&#038;p=9249"},"modified":"2023-02-08T10:10:16","modified_gmt":"2023-02-08T09:10:16","slug":"download-schneide-datei-fuer-motorrad","status":"publish","type":"product","link":"https:\/\/mediendesign-moser.at\/shop\/?product=download-schneide-datei-fuer-motorrad","title":{"rendered":"Download: Schneide Datei f\u00fcr Motorrad"},"content":{"rendered":"","protected":false},"excerpt":{"rendered":"<p>Schneide Dateien (.svg, .dxf) f\u00fcr den Zuschnitt eines Motorrades. Das fertig hergestellte Motorrad passt in eine Explosionsbox mit 4&#8243; Seitenkantenl\u00e4nge (=ca. 10,2 cm) in diagonaler Ausrichtung hinein.<\/p>\n<p>Mit diesem Download k\u00f6nnen die Papierteile f\u00fcr das Motorrad (Fotos) geschnitten werden.<\/p>\n<p>Im Download sind enthalten:<\/p>\n<ul>\n<li>SVG-Dateien f\u00fcr die Verwendung mit folgenden Schneideger\u00e4ten:<br \/>\nCricut, Brother ScanNCut, oder Silhouette-Ger\u00e4te (Silhouette Studio ab Designer-Edition erforderlich)<\/li>\n<li>DXF-Dateien f\u00fcr Silhouette-Ger\u00e4te (Silhouette Studio Basic Edition ist ausreichend)<\/li>\n<li>Bastelbogen zum Ausdrucken f\u00fcr manuellen Zuschnitt &#8211; PDF-Datei.<\/li>\n<\/ul>\n<p>Dieses Projekt wurde mit folgenden Schneideger\u00e4ten getestet:<br \/>\nSilhouette Cameo, Cricut Maker, Brother ScanNCut.<br \/>\nInfos und Anleitungen zur Verwendung mit den jeweiligen Ger\u00e4ten <a href=\"https:\/\/mediendesign-moser.at\/shop\/?page_id=6409\" target=\"_blank\" rel=\"noopener\">finden Sie hier<\/a>.<\/p>\n<p>Beachten Sie unsere \u00a0<a href=\"https:\/\/mediendesign-moser.at\/shop\/?page_id=758\" target=\"_blank\" rel=\"noopener\">Lizenzbedingungen<\/a>\u00a0f\u00fcr downloadbare Produkte.<\/p>\n<p><span style=\"color: #ff0000;\"><strong>Achtung:<\/strong> Diese Schneidedatei enth\u00e4lt sehr viele Einzelteile und teilweise sind auch Teile von relativ kleiner Gr\u00f6\u00dfe enthalten. Daher empfehlen wir dieses Schneideprojekt nur f\u00fcr fortgeschrittene Anwender. Die Komplexit\u00e4t dieses Projektes ist im nachfolgenden Video und der Fotostrecke unten f\u00fcr den Zusammenbau des Motorrades ersichtlich.<\/span><\/p>\n<p><iframe loading=\"lazy\" src=\"https:\/\/www.youtube.com\/embed\/YULoC1-RK_c\" width=\"560\" height=\"315\" frameborder=\"0\" allowfullscreen=\"allowfullscreen\"><\/iframe><\/p>\n<p><a href=\"https:\/\/mediendesign-moser.at\/shop\/wp-content\/uploads\/2021\/02\/photocompilat-motorcycle.jpg\"><img loading=\"lazy\" decoding=\"async\" class=\"alignnone size-full wp-image-9248\" src=\"https:\/\/mediendesign-moser.at\/shop\/wp-content\/uploads\/2021\/02\/photocompilat-motorcycle.jpg\" alt=\"\" width=\"620\" height=\"5788\" srcset=\"https:\/\/mediendesign-moser.at\/shop\/wp-content\/uploads\/2021\/02\/photocompilat-motorcycle.jpg 620w, https:\/\/mediendesign-moser.at\/shop\/wp-content\/uploads\/2021\/02\/photocompilat-motorcycle-32x300.jpg 32w, https:\/\/mediendesign-moser.at\/shop\/wp-content\/uploads\/2021\/02\/photocompilat-motorcycle-600x5601.jpg 600w\" sizes=\"auto, (max-width: 620px) 100vw, 620px\" \/><\/a><\/p>\n","protected":false},"featured_media":9247,"comment_status":"open","ping_status":"closed","template":"","meta":{"om_disable_all_campaigns":false,"_monsterinsights_skip_tracking":false,"_monsterinsights_sitenote_active":false,"_monsterinsights_sitenote_note":"","_monsterinsights_sitenote_category":0},"product_cat":[1124,513,795,263],"product_tag":[38,1120,539,518,504,142,1567,517,1054],"class_list":{"0":"post-9249","1":"product","2":"type-product","3":"status-publish","4":"has-post-thumbnail","6":"product_cat-bastelboegen","7":"product_cat-schneidplotter-svg-und-pdf","8":"product_cat-fahrzeuge-schneidplotter-svg-und-pdf","9":"product_cat-downloadprodukte","10":"product_tag-download","11":"product_tag-dxf","12":"product_tag-motorrad","13":"product_tag-pdf","14":"product_tag-schneidplotter","15":"product_tag-schneidplotter-datei","16":"product_tag-strassenmaschine","17":"product_tag-svg","18":"product_tag-zweirad","20":"first","21":"instock","22":"downloadable","23":"virtual","24":"purchasable","25":"product-type-simple"},"aioseo_notices":[],"jetpack_sharing_enabled":true,"_links":{"self":[{"href":"https:\/\/mediendesign-moser.at\/shop\/index.php?rest_route=\/wp\/v2\/product\/9249","targetHints":{"allow":["GET"]}}],"collection":[{"href":"https:\/\/mediendesign-moser.at\/shop\/index.php?rest_route=\/wp\/v2\/product"}],"about":[{"href":"https:\/\/mediendesign-moser.at\/shop\/index.php?rest_route=\/wp\/v2\/types\/product"}],"replies":[{"embeddable":true,"href":"https:\/\/mediendesign-moser.at\/shop\/index.php?rest_route=%2Fwp%2Fv2%2Fcomments&post=9249"}],"wp:featuredmedia":[{"embeddable":true,"href":"https:\/\/mediendesign-moser.at\/shop\/index.php?rest_route=\/wp\/v2\/media\/9247"}],"wp:attachment":[{"href":"https:\/\/mediendesign-moser.at\/shop\/index.php?rest_route=%2Fwp%2Fv2%2Fmedia&parent=9249"}],"wp:term":[{"taxonomy":"product_cat","embeddable":true,"href":"https:\/\/mediendesign-moser.at\/shop\/index.php?rest_route=%2Fwp%2Fv2%2Fproduct_cat&post=9249"},{"taxonomy":"product_tag","embeddable":true,"href":"https:\/\/mediendesign-moser.at\/shop\/index.php?rest_route=%2Fwp%2Fv2%2Fproduct_tag&post=9249"}],"curies":[{"name":"wp","href":"https:\/\/api.w.org\/{rel}","templated":true}]}}