{"id":8847,"date":"2021-01-09T16:17:13","date_gmt":"2021-01-09T15:17:13","guid":{"rendered":"https:\/\/mediendesign-moser.at\/shop\/?post_type=product&#038;p=8847"},"modified":"2023-11-24T11:46:44","modified_gmt":"2023-11-24T10:46:44","slug":"reise-explosionsbox-holland-mit-windmuehle","status":"publish","type":"product","link":"https:\/\/mediendesign-moser.at\/shop\/?product=reise-explosionsbox-holland-mit-windmuehle","title":{"rendered":"Reise Explosionsbox Holland mit Windm\u00fchle"},"content":{"rendered":"","protected":false},"excerpt":{"rendered":"<p>Handgemachte Explosionsbox mit Windm\u00fchle, Tulpen, Reisekoffer. Diese Geschenkbox passt als Symbolgeschenk f\u00fcr eine Reise nach Holland.<br \/>\nGr\u00f6\u00dfe dieser Geschenkbox: \u00a010 x 10 x 10 cm.<\/p>\n<p>Nicht lieferbar, da wir unsere Explosionsboxen-Angebote eingestellt haben.<\/p>\n","protected":false},"featured_media":8846,"comment_status":"closed","ping_status":"closed","template":"","meta":{"om_disable_all_campaigns":false,"_monsterinsights_skip_tracking":false,"_monsterinsights_sitenote_active":false,"_monsterinsights_sitenote_note":"","_monsterinsights_sitenote_category":0},"product_cat":[98,49],"product_tag":[89,51,64,52,165,409,1215,410,99,723,704,412,1518],"class_list":{"0":"post-8847","1":"product","2":"type-product","3":"status-publish","4":"has-post-thumbnail","6":"product_cat-reise","7":"product_cat-explosionsboxen","8":"product_tag-ausflug","9":"product_tag-explosionsbox","10":"product_tag-geburtstag","11":"product_tag-geschenk","12":"product_tag-geschenkbox","13":"product_tag-holland","14":"product_tag-kurzurlaub","15":"product_tag-niederlande","16":"product_tag-reise","17":"product_tag-reisegeschenk","18":"product_tag-symbolgeschenk","19":"product_tag-urlaub","20":"product_tag-windmuehle","21":"product_shipping_class-gebo","23":"first","24":"instock","25":"product-type-external"},"aioseo_notices":[],"jetpack_sharing_enabled":true,"_links":{"self":[{"href":"https:\/\/mediendesign-moser.at\/shop\/index.php?rest_route=\/wp\/v2\/product\/8847","targetHints":{"allow":["GET"]}}],"collection":[{"href":"https:\/\/mediendesign-moser.at\/shop\/index.php?rest_route=\/wp\/v2\/product"}],"about":[{"href":"https:\/\/mediendesign-moser.at\/shop\/index.php?rest_route=\/wp\/v2\/types\/product"}],"replies":[{"embeddable":true,"href":"https:\/\/mediendesign-moser.at\/shop\/index.php?rest_route=%2Fwp%2Fv2%2Fcomments&post=8847"}],"wp:featuredmedia":[{"embeddable":true,"href":"https:\/\/mediendesign-moser.at\/shop\/index.php?rest_route=\/wp\/v2\/media\/8846"}],"wp:attachment":[{"href":"https:\/\/mediendesign-moser.at\/shop\/index.php?rest_route=%2Fwp%2Fv2%2Fmedia&parent=8847"}],"wp:term":[{"taxonomy":"product_cat","embeddable":true,"href":"https:\/\/mediendesign-moser.at\/shop\/index.php?rest_route=%2Fwp%2Fv2%2Fproduct_cat&post=8847"},{"taxonomy":"product_tag","embeddable":true,"href":"https:\/\/mediendesign-moser.at\/shop\/index.php?rest_route=%2Fwp%2Fv2%2Fproduct_tag&post=8847"}],"curies":[{"name":"wp","href":"https:\/\/api.w.org\/{rel}","templated":true}]}}