{"id":820,"date":"2017-08-19T16:37:15","date_gmt":"2017-08-19T14:37:15","guid":{"rendered":"http:\/\/mediendesign-moser.at\/shop\/?post_type=product&#038;p=820"},"modified":"2017-08-19T19:08:37","modified_gmt":"2017-08-19T17:08:37","slug":"download-designhintergrund-holz","status":"publish","type":"product","link":"https:\/\/mediendesign-moser.at\/shop\/?product=download-designhintergrund-holz","title":{"rendered":"Download: Designhintergrund Holz"},"content":{"rendered":"","protected":false},"excerpt":{"rendered":"<p>Foto-Datei mit Holzmotiv. Dieses Foto kann in Ihrem Mediaprojekt (Webseite, Flyer, Brosch\u00fcre, etc.) z.B. als Hintergrund verwendet werden. Die Downloaddateien beinhalten das Holzmotiv in 3 verschiedenen Farbgebungen und werden im Dateiformat .jpg \u00a0in 3 Aufl\u00f6sungen (gro\u00df, mittel, klein) zur Verf\u00fcgung gestellt.<br \/>\nEs gelten unsere <a href=\"https:\/\/mediendesign-moser.at\/shop\/?page_id=758\" target=\"_blank\" rel=\"noopener\">Lizenzbedingungen<\/a> f\u00fcr downloadbare Produkte.<\/p>\n","protected":false},"featured_media":822,"comment_status":"closed","ping_status":"closed","template":"","meta":{"om_disable_all_campaigns":false,"_monsterinsights_skip_tracking":false,"_monsterinsights_sitenote_active":false,"_monsterinsights_sitenote_note":"","_monsterinsights_sitenote_category":0},"product_cat":[268,263],"product_tag":[281,276,38,271,36,285,273,282,283,274,275,272,284],"class_list":{"0":"post-820","1":"product","2":"type-product","3":"status-publish","4":"has-post-thumbnail","6":"product_cat-fotos","7":"product_cat-downloadprodukte","8":"product_tag-artwork","9":"product_tag-design","10":"product_tag-download","11":"product_tag-foto","12":"product_tag-grafik","13":"product_tag-grafikdesign","14":"product_tag-hintergrund","15":"product_tag-holz","16":"product_tag-holzhintergrund","17":"product_tag-illustrator","18":"product_tag-photoshop","19":"product_tag-stockfoto","20":"product_tag-webdesign","22":"first","23":"instock","24":"downloadable","25":"virtual","26":"purchasable","27":"product-type-simple"},"aioseo_notices":[],"jetpack_sharing_enabled":true,"_links":{"self":[{"href":"https:\/\/mediendesign-moser.at\/shop\/index.php?rest_route=\/wp\/v2\/product\/820","targetHints":{"allow":["GET"]}}],"collection":[{"href":"https:\/\/mediendesign-moser.at\/shop\/index.php?rest_route=\/wp\/v2\/product"}],"about":[{"href":"https:\/\/mediendesign-moser.at\/shop\/index.php?rest_route=\/wp\/v2\/types\/product"}],"replies":[{"embeddable":true,"href":"https:\/\/mediendesign-moser.at\/shop\/index.php?rest_route=%2Fwp%2Fv2%2Fcomments&post=820"}],"wp:featuredmedia":[{"embeddable":true,"href":"https:\/\/mediendesign-moser.at\/shop\/index.php?rest_route=\/wp\/v2\/media\/822"}],"wp:attachment":[{"href":"https:\/\/mediendesign-moser.at\/shop\/index.php?rest_route=%2Fwp%2Fv2%2Fmedia&parent=820"}],"wp:term":[{"taxonomy":"product_cat","embeddable":true,"href":"https:\/\/mediendesign-moser.at\/shop\/index.php?rest_route=%2Fwp%2Fv2%2Fproduct_cat&post=820"},{"taxonomy":"product_tag","embeddable":true,"href":"https:\/\/mediendesign-moser.at\/shop\/index.php?rest_route=%2Fwp%2Fv2%2Fproduct_tag&post=820"}],"curies":[{"name":"wp","href":"https:\/\/api.w.org\/{rel}","templated":true}]}}