{"id":812,"date":"2017-08-19T15:38:40","date_gmt":"2017-08-19T13:38:40","guid":{"rendered":"http:\/\/mediendesign-moser.at\/shop\/?post_type=product&#038;p=812"},"modified":"2017-08-21T00:34:37","modified_gmt":"2017-08-20T22:34:37","slug":"download-designhintergrund-aquarell-rot-gruen-gelb","status":"publish","type":"product","link":"https:\/\/mediendesign-moser.at\/shop\/?product=download-designhintergrund-aquarell-rot-gruen-gelb","title":{"rendered":"Download: Designhintergrund Aquarell"},"content":{"rendered":"","protected":false},"excerpt":{"rendered":"<p>Zwei Bild-Dateien, hergestellt mit Aquarellfarben und danach abfotografiert. Verwendete Farben: Rot, gr\u00fcn, gelb. Dieser Aquarellhintergrund kann in Ihrem Multimediaprojekt (Webseite, Flyer, Brosch\u00fcre, etc.) z.B. als farbiger Hintergrund verwendet werden. Die Downloaddateien beinhalten .jpg und freigestelltes .png. Es werden 3 Aufl\u00f6sungen (gro\u00df, mittel, klein) zur Verf\u00fcgung gestellt.<br \/>\nEs gelten unsere <a href=\"https:\/\/mediendesign-moser.at\/shop\/?page_id=758\" target=\"_blank\" rel=\"noopener\">Lizenzbedingungen<\/a> f\u00fcr downloadbare Produkte.<\/p>\n","protected":false},"featured_media":819,"comment_status":"closed","ping_status":"closed","template":"","meta":{"om_disable_all_campaigns":false,"_monsterinsights_skip_tracking":false,"_monsterinsights_sitenote_active":false,"_monsterinsights_sitenote_note":"","_monsterinsights_sitenote_category":0},"product_cat":[268,263],"product_tag":[277,281,276,38,271,280,36,279,273,274,275,278,272],"class_list":{"0":"post-812","1":"product","2":"type-product","3":"status-publish","4":"has-post-thumbnail","6":"product_cat-fotos","7":"product_cat-downloadprodukte","8":"product_tag-aquarell","9":"product_tag-artwork","10":"product_tag-design","11":"product_tag-download","12":"product_tag-foto","13":"product_tag-gelb","14":"product_tag-grafik","15":"product_tag-gruen","16":"product_tag-hintergrund","17":"product_tag-illustrator","18":"product_tag-photoshop","19":"product_tag-rot","20":"product_tag-stockfoto","22":"first","23":"instock","24":"downloadable","25":"virtual","26":"purchasable","27":"product-type-simple"},"aioseo_notices":[],"jetpack_sharing_enabled":true,"_links":{"self":[{"href":"https:\/\/mediendesign-moser.at\/shop\/index.php?rest_route=\/wp\/v2\/product\/812","targetHints":{"allow":["GET"]}}],"collection":[{"href":"https:\/\/mediendesign-moser.at\/shop\/index.php?rest_route=\/wp\/v2\/product"}],"about":[{"href":"https:\/\/mediendesign-moser.at\/shop\/index.php?rest_route=\/wp\/v2\/types\/product"}],"replies":[{"embeddable":true,"href":"https:\/\/mediendesign-moser.at\/shop\/index.php?rest_route=%2Fwp%2Fv2%2Fcomments&post=812"}],"wp:featuredmedia":[{"embeddable":true,"href":"https:\/\/mediendesign-moser.at\/shop\/index.php?rest_route=\/wp\/v2\/media\/819"}],"wp:attachment":[{"href":"https:\/\/mediendesign-moser.at\/shop\/index.php?rest_route=%2Fwp%2Fv2%2Fmedia&parent=812"}],"wp:term":[{"taxonomy":"product_cat","embeddable":true,"href":"https:\/\/mediendesign-moser.at\/shop\/index.php?rest_route=%2Fwp%2Fv2%2Fproduct_cat&post=812"},{"taxonomy":"product_tag","embeddable":true,"href":"https:\/\/mediendesign-moser.at\/shop\/index.php?rest_route=%2Fwp%2Fv2%2Fproduct_tag&post=812"}],"curies":[{"name":"wp","href":"https:\/\/api.w.org\/{rel}","templated":true}]}}