{"id":7965,"date":"2020-10-30T18:04:28","date_gmt":"2020-10-30T17:04:28","guid":{"rendered":"https:\/\/mediendesign-moser.at\/shop\/?post_type=product&#038;p=7965"},"modified":"2023-01-03T15:51:34","modified_gmt":"2023-01-03T14:51:34","slug":"download-schneide-datei-bastelbogen-fuer-trommel","status":"publish","type":"product","link":"https:\/\/mediendesign-moser.at\/shop\/?product=download-schneide-datei-bastelbogen-fuer-trommel","title":{"rendered":"Download: Schneide Datei \/ Bastelbogen f\u00fcr Trommel"},"content":{"rendered":"","protected":false},"excerpt":{"rendered":"<p>Schneide Dateien (.svg, .dxf) f\u00fcr den Zuschnitt von kleinen Trommeln mit ca. 5,8 cm Durchmesser. Diese Trommeln k\u00f6nnen z.B. auch als Baumschmuck bzw. Christbaumschmuck verwendet werden.<\/p>\n<p>Mit diesem Download k\u00f6nnen die Papierteile f\u00fcr Trommeln (Fotos) geschnitten werden.<br \/>\nF\u00fcr die Fertigstellung der Trommel wird ein St\u00fcck d\u00fcnne Schnur oder Kordel ben\u00f6tigt, welches in die seitlichen Laschen eingef\u00e4delt wird.<\/p>\n<p>Im Download sind enthalten:<\/p>\n<ul>\n<li>SVG-Dateien f\u00fcr die Verwendung mit folgenden Schneideger\u00e4ten:<br \/>\nCricut, Brother ScanNCut, oder Silhouette-Ger\u00e4te (Silhouette Studio ab Designer-Edition erforderlich)<\/li>\n<li>DXF-Dateien f\u00fcr Silhouette-Ger\u00e4te (Silhouette Studio Basic Edition ist ausreichend)<\/li>\n<li>Bastelbogen zum Ausdrucken f\u00fcr manuellen Zuschnitt \u2013 Bastelbogen farbig gef\u00fcllt und PDF Druckdatei (ohne F\u00fcllung, nur Linien).<\/li>\n<\/ul>\n<p>Dieses Projekt wurde mit folgenden Schneideger\u00e4ten getestet:<br \/>\nSilhouette Cameo, Cricut Maker, Brother ScanNCut.<br \/>\nInfos und Anleitungen zur Verwendung mit den jeweiligen Ger\u00e4ten <a href=\"https:\/\/mediendesign-moser.at\/shop\/?page_id=6409\" target=\"_blank\" rel=\"noopener\">finden Sie hier<\/a>.<\/p>\n<p>Beachten Sie unsere \u00a0<a href=\"https:\/\/mediendesign-moser.at\/shop\/?page_id=758\" target=\"_blank\" rel=\"noopener\">Lizenzbedingungen<\/a>\u00a0f\u00fcr downloadbare Produkte.<a href=\"https:\/\/mediendesign-moser.at\/shop\/wp-content\/uploads\/2020\/10\/photocompilation-drum.jpg\"><img loading=\"lazy\" decoding=\"async\" class=\"alignnone size-full wp-image-7964\" src=\"https:\/\/mediendesign-moser.at\/shop\/wp-content\/uploads\/2020\/10\/photocompilation-drum.jpg\" alt=\"\" width=\"620\" height=\"2616\" srcset=\"https:\/\/mediendesign-moser.at\/shop\/wp-content\/uploads\/2020\/10\/photocompilation-drum.jpg 620w, https:\/\/mediendesign-moser.at\/shop\/wp-content\/uploads\/2020\/10\/photocompilation-drum-71x300.jpg 71w, https:\/\/mediendesign-moser.at\/shop\/wp-content\/uploads\/2020\/10\/photocompilation-drum-243x1024.jpg 243w, https:\/\/mediendesign-moser.at\/shop\/wp-content\/uploads\/2020\/10\/photocompilation-drum-600x2532.jpg 600w\" sizes=\"auto, (max-width: 620px) 100vw, 620px\" \/><\/a><\/p>\n","protected":false},"featured_media":7955,"comment_status":"closed","ping_status":"closed","template":"","meta":{"om_disable_all_campaigns":false,"_monsterinsights_skip_tracking":false,"_monsterinsights_sitenote_active":false,"_monsterinsights_sitenote_note":"","_monsterinsights_sitenote_category":0},"product_cat":[1124,513,808,789,263],"product_tag":[773,1231,1312,38,1310,1120,83,511,1308,518,504,142,1311,517,1309,129,1313],"class_list":{"0":"post-7965","1":"product","2":"type-product","3":"status-publish","4":"has-post-thumbnail","6":"product_cat-bastelboegen","7":"product_cat-schneidplotter-svg-und-pdf","8":"product_cat-musikinstrumente","9":"product_cat-weihnachten-schneidplotter-svg-und-pdf","10":"product_cat-downloadprodukte","11":"product_tag-anhaenger","12":"product_tag-baumschmuck","13":"product_tag-christbaumschmuck","14":"product_tag-download","15":"product_tag-drum","16":"product_tag-dxf","17":"product_tag-musik","18":"product_tag-musikinstrument","19":"product_tag-musikinstrumente","20":"product_tag-pdf","21":"product_tag-schneidplotter","22":"product_tag-schneidplotter-datei","23":"product_tag-snare-drum","24":"product_tag-svg","25":"product_tag-trommel","26":"product_tag-weihnachten","27":"product_tag-weihnachtsbaumschmuck","29":"first","30":"instock","31":"downloadable","32":"virtual","33":"purchasable","34":"product-type-simple"},"aioseo_notices":[],"jetpack_sharing_enabled":true,"_links":{"self":[{"href":"https:\/\/mediendesign-moser.at\/shop\/index.php?rest_route=\/wp\/v2\/product\/7965","targetHints":{"allow":["GET"]}}],"collection":[{"href":"https:\/\/mediendesign-moser.at\/shop\/index.php?rest_route=\/wp\/v2\/product"}],"about":[{"href":"https:\/\/mediendesign-moser.at\/shop\/index.php?rest_route=\/wp\/v2\/types\/product"}],"replies":[{"embeddable":true,"href":"https:\/\/mediendesign-moser.at\/shop\/index.php?rest_route=%2Fwp%2Fv2%2Fcomments&post=7965"}],"wp:featuredmedia":[{"embeddable":true,"href":"https:\/\/mediendesign-moser.at\/shop\/index.php?rest_route=\/wp\/v2\/media\/7955"}],"wp:attachment":[{"href":"https:\/\/mediendesign-moser.at\/shop\/index.php?rest_route=%2Fwp%2Fv2%2Fmedia&parent=7965"}],"wp:term":[{"taxonomy":"product_cat","embeddable":true,"href":"https:\/\/mediendesign-moser.at\/shop\/index.php?rest_route=%2Fwp%2Fv2%2Fproduct_cat&post=7965"},{"taxonomy":"product_tag","embeddable":true,"href":"https:\/\/mediendesign-moser.at\/shop\/index.php?rest_route=%2Fwp%2Fv2%2Fproduct_tag&post=7965"}],"curies":[{"name":"wp","href":"https:\/\/api.w.org\/{rel}","templated":true}]}}