{"id":7891,"date":"2020-10-27T14:28:31","date_gmt":"2020-10-27T13:28:31","guid":{"rendered":"https:\/\/mediendesign-moser.at\/shop\/?post_type=product&#038;p=7891"},"modified":"2025-11-07T19:28:10","modified_gmt":"2025-11-07T18:28:10","slug":"download-schneide-datei-bastelbogen-fuer-puppenhausmoebel-wohnzimmer-set","status":"publish","type":"product","link":"https:\/\/mediendesign-moser.at\/shop\/?product=download-schneide-datei-bastelbogen-fuer-puppenhausmoebel-wohnzimmer-set","title":{"rendered":"Download: Schneide Datei \/ Bastelbogen f\u00fcr Puppenhausm\u00f6bel &#8211; Wohnzimmer Set"},"content":{"rendered":"","protected":false},"excerpt":{"rendered":"<p>Schneide Dateien (.svg, .dxf) f\u00fcr den Zuschnitt von Wohnzimmerm\u00f6beln, bestehend aus: Couch, Sessel, Tisch, Spiegel, Kommode. Diese Einrichtung ist gr\u00f6\u00dfenm\u00e4\u00dfig passend f\u00fcr das <a href=\"https:\/\/mediendesign-moser.at\/shop\/?product=download-schneide-datei-fuer-puppenhaus\" target=\"_blank\" rel=\"noopener\">Puppenhaus DL-PU010<\/a>.<\/p>\n<p>Mit diesem Download k\u00f6nnen die Papierteile f\u00fcr die Wohnzimmerm\u00f6bel (siehe Fotos) geschnitten werden.<\/p>\n<p>Abmessungen der fertig gebastelten Einrichtung f\u00fcr das kleine Puppenhaus aus A4-Papier (montiert auf der vorgesehenen Bodenplatte):<br \/>\n12,6 cm Breite und 5,5 cm Tiefe. Raumh\u00f6he: 7 cm.<\/p>\n<p>Bei Verwendung einer gro\u00dfen Schneidematte (12 x 24 &#8220;) und gro\u00dfem Papier k\u00f6nnen diese Puppenhaus M\u00f6bel auch gr\u00f6\u00dfer, passend zum gr\u00f6\u00dfer geplotteten Puppenhaus, hergestellt werden.<\/p>\n<p>Im Download sind enthalten:<\/p>\n<ul>\n<li>SVG-Dateien f\u00fcr die Verwendung mit folgenden Schneideger\u00e4ten:<br \/>\nCricut &#8211; Voraussetzung Schneidemattengr\u00f6\u00dfe 12&#215;12&#8243;,<br \/>\nBrother ScanNCut,<br \/>\nSilhouette-Ger\u00e4te (Silhouette Studio ab Designer-Edition erforderlich)<\/li>\n<li>DXF-Dateien<\/li>\n<li>Bastelbogen zum Ausdrucken f\u00fcr manuellen Zuschnitt \u2013 1x Bastelbogen gef\u00fcllt mit einer fixen Farbvariante und 1x PDF Druckdateien leer (ohne F\u00fcllung, es werden nur Linien gedruckt)<br \/>\n<strong>Achtung:<\/strong> Bastelbogen ist nur f\u00fcr kleines Haus mit A4-Papier-Gr\u00f6\u00dfe m\u00f6glich (au\u00dfer du besitzt einen A3 Drucker, dann k\u00f6nnen die Bastelb\u00f6gen auch gr\u00f6\u00dfer ausgedruckt werden).<\/li>\n<\/ul>\n<p>Dieses Projekt wurde mit folgenden Schneideger\u00e4ten getestet:<br \/>\nSilhouette Cameo, Cricut Maker, Brother ScanNCut.<br \/>\nInfos und Anleitungen zur Verwendung mit den jeweiligen Ger\u00e4ten <a href=\"https:\/\/mediendesign-moser.at\/shop\/?page_id=6409\" target=\"_blank\" rel=\"noopener\">findest du hier<\/a>.<\/p>\n<p>Anleitungsvideo f\u00fcr den Zusammenbau:<br \/>\n<iframe loading=\"lazy\" title=\"YouTube video player\" src=\"https:\/\/www.youtube.com\/embed\/DTwIBrnEIO4?si=tXpKfQb_x_IwHRKt\" width=\"560\" height=\"315\" frameborder=\"0\" allowfullscreen=\"allowfullscreen\"><\/iframe><\/p>\n<p>Es gelten unsere \u00a0<a href=\"https:\/\/mediendesign-moser.at\/shop\/?page_id=758\" target=\"_blank\" rel=\"noopener\">Lizenzbedingungen<\/a>\u00a0f\u00fcr downloadbare Produkte.<a href=\"https:\/\/mediendesign-moser.at\/shop\/wp-content\/uploads\/2020\/10\/photocompilation-dollhouse-livingroom.jpg\"><img loading=\"lazy\" decoding=\"async\" class=\"alignnone size-full wp-image-7889\" src=\"https:\/\/mediendesign-moser.at\/shop\/wp-content\/uploads\/2020\/10\/photocompilation-dollhouse-livingroom.jpg\" alt=\"\" width=\"620\" height=\"3076\" srcset=\"https:\/\/mediendesign-moser.at\/shop\/wp-content\/uploads\/2020\/10\/photocompilation-dollhouse-livingroom.jpg 620w, https:\/\/mediendesign-moser.at\/shop\/wp-content\/uploads\/2020\/10\/photocompilation-dollhouse-livingroom-600x2977.jpg 600w\" sizes=\"auto, (max-width: 620px) 100vw, 620px\" \/><\/a><\/p>\n","protected":false},"featured_media":7883,"comment_status":"open","ping_status":"closed","template":"","meta":{"om_disable_all_campaigns":false,"_monsterinsights_skip_tracking":false,"_monsterinsights_sitenote_active":false,"_monsterinsights_sitenote_note":"","_monsterinsights_sitenote_category":0},"product_cat":[1124,513,807,1270,263],"product_tag":[1126,1271,38,1120,1062,501,503,518,896,504,142,1045,123,1275,1127,1283,648,517,1272,1282,1284],"class_list":{"0":"post-7891","1":"product","2":"type-product","3":"status-publish","4":"has-post-thumbnail","6":"product_cat-bastelboegen","7":"product_cat-schneidplotter-svg-und-pdf","8":"product_cat-moebel-u-einrichtung-schneidplotter-svg-und-pdf","9":"product_cat-puppenhaus","10":"product_cat-downloadprodukte","11":"product_tag-couch","12":"product_tag-dollhouse","13":"product_tag-download","14":"product_tag-dxf","15":"product_tag-furniture","16":"product_tag-modell","17":"product_tag-papiermodell","18":"product_tag-pdf","19":"product_tag-puppenhaus","20":"product_tag-schneidplotter","21":"product_tag-schneidplotter-datei","22":"product_tag-schrank","23":"product_tag-sessel","24":"product_tag-sideboard","25":"product_tag-sofa","26":"product_tag-spiegel","27":"product_tag-stuhl","28":"product_tag-svg","29":"product_tag-tischgarnitur","30":"product_tag-wohnzimmer","31":"product_tag-wohnzimmermoebel","33":"first","34":"instock","35":"downloadable","36":"virtual","37":"purchasable","38":"product-type-simple"},"aioseo_notices":[],"jetpack_sharing_enabled":true,"_links":{"self":[{"href":"https:\/\/mediendesign-moser.at\/shop\/index.php?rest_route=\/wp\/v2\/product\/7891","targetHints":{"allow":["GET"]}}],"collection":[{"href":"https:\/\/mediendesign-moser.at\/shop\/index.php?rest_route=\/wp\/v2\/product"}],"about":[{"href":"https:\/\/mediendesign-moser.at\/shop\/index.php?rest_route=\/wp\/v2\/types\/product"}],"replies":[{"embeddable":true,"href":"https:\/\/mediendesign-moser.at\/shop\/index.php?rest_route=%2Fwp%2Fv2%2Fcomments&post=7891"}],"wp:featuredmedia":[{"embeddable":true,"href":"https:\/\/mediendesign-moser.at\/shop\/index.php?rest_route=\/wp\/v2\/media\/7883"}],"wp:attachment":[{"href":"https:\/\/mediendesign-moser.at\/shop\/index.php?rest_route=%2Fwp%2Fv2%2Fmedia&parent=7891"}],"wp:term":[{"taxonomy":"product_cat","embeddable":true,"href":"https:\/\/mediendesign-moser.at\/shop\/index.php?rest_route=%2Fwp%2Fv2%2Fproduct_cat&post=7891"},{"taxonomy":"product_tag","embeddable":true,"href":"https:\/\/mediendesign-moser.at\/shop\/index.php?rest_route=%2Fwp%2Fv2%2Fproduct_tag&post=7891"}],"curies":[{"name":"wp","href":"https:\/\/api.w.org\/{rel}","templated":true}]}}