{"id":7803,"date":"2020-10-22T15:46:37","date_gmt":"2020-10-22T13:46:37","guid":{"rendered":"https:\/\/mediendesign-moser.at\/shop\/?post_type=product&#038;p=7803"},"modified":"2024-04-19T11:33:11","modified_gmt":"2024-04-19T09:33:11","slug":"download-schneide-datei-fuer-puppenhausmoebel-tischgarnitur-und-kredenz","status":"publish","type":"product","link":"https:\/\/mediendesign-moser.at\/shop\/?product=download-schneide-datei-fuer-puppenhausmoebel-tischgarnitur-und-kredenz","title":{"rendered":"Download: Schneide Datei \/ Bastelbogen f\u00fcr Puppenhausm\u00f6bel &#8211; Tischgarnitur und Kredenz"},"content":{"rendered":"","protected":false},"excerpt":{"rendered":"<p>Schneide Dateien (.svg, .dxf) f\u00fcr den Zuschnitt von Tischgarnitur und Kredenz. Diese Einrichtung ist gr\u00f6\u00dfenm\u00e4\u00dfig passend f\u00fcr das <a href=\"https:\/\/mediendesign-moser.at\/shop\/?product=download-schneide-datei-fuer-puppenhaus\" target=\"_blank\" rel=\"noopener\">Puppenhaus DL-PU010<\/a>.<\/p>\n<p>Mit diesem Download k\u00f6nnen die Papierteile f\u00fcr die M\u00f6bel (siehe Fotos) geschnitten werden.<\/p>\n<p>Abmessungen der fertig gebastelten Einrichtung (montiert auf der vorgesehenen Bodenplatte), wenn es im Originalformat geplottet wird:<br \/>\n5,9 cm Breite und 5,5 cm Tiefe. Raumh\u00f6he: 5,3 cm.<\/p>\n<p>Im Download sind enthalten:<\/p>\n<ul>\n<li>SVG-Dateien f\u00fcr die Verwendung mit folgenden Schneideger\u00e4ten:<br \/>\nCricut, Brother ScanNCut, oder Silhouette-Ger\u00e4te (Silhouette Studio ab Designer-Edition erforderlich)<\/li>\n<li>DXF-Dateien<\/li>\n<li>Bastelbogen zum Ausdrucken f\u00fcr manuellen Zuschnitt \u2013 Bastelbogen farbig gef\u00fcllt und PDF Druckdatei (ohne F\u00fcllung, nur Linien).<\/li>\n<\/ul>\n<p>Dieses Projekt wurde mit folgenden Schneideger\u00e4ten getestet:<br \/>\nSilhouette Cameo, Cricut Maker, Brother ScanNCut.<br \/>\nInfos und Anleitungen zur Verwendung mit den jeweiligen Ger\u00e4ten <a href=\"https:\/\/mediendesign-moser.at\/shop\/?page_id=6409\" target=\"_blank\" rel=\"noopener\">finden Sie hier<\/a>.<\/p>\n<p>Beachten Sie unsere \u00a0<a href=\"https:\/\/mediendesign-moser.at\/shop\/?page_id=758\" target=\"_blank\" rel=\"noopener\">Lizenzbedingungen<\/a>\u00a0f\u00fcr downloadbare Produkte.<\/p>\n<p>Bastelvideo:<\/p>\n<p><iframe loading=\"lazy\" title=\"YouTube video player\" src=\"https:\/\/www.youtube.com\/embed\/nL6XNh6F1V4?si=87hEiCEzE0f4RuR6\" width=\"560\" height=\"315\" frameborder=\"0\" allowfullscreen=\"allowfullscreen\"><\/iframe><\/p>\n<p><a href=\"https:\/\/mediendesign-moser.at\/shop\/wp-content\/uploads\/2020\/10\/photocompilation-table-set-and-sideboard.jpg\"><img loading=\"lazy\" decoding=\"async\" class=\"alignnone size-full wp-image-7796\" src=\"https:\/\/mediendesign-moser.at\/shop\/wp-content\/uploads\/2020\/10\/photocompilation-table-set-and-sideboard.jpg\" alt=\"\" width=\"620\" height=\"2945\" srcset=\"https:\/\/mediendesign-moser.at\/shop\/wp-content\/uploads\/2020\/10\/photocompilation-table-set-and-sideboard.jpg 620w, https:\/\/mediendesign-moser.at\/shop\/wp-content\/uploads\/2020\/10\/photocompilation-table-set-and-sideboard-63x300.jpg 63w, https:\/\/mediendesign-moser.at\/shop\/wp-content\/uploads\/2020\/10\/photocompilation-table-set-and-sideboard-600x2850.jpg 600w\" sizes=\"auto, (max-width: 620px) 100vw, 620px\" \/><\/a><\/p>\n","protected":false},"featured_media":7802,"comment_status":"open","ping_status":"closed","template":"","meta":{"om_disable_all_campaigns":false,"_monsterinsights_skip_tracking":false,"_monsterinsights_sitenote_active":false,"_monsterinsights_sitenote_note":"","_monsterinsights_sitenote_category":0},"product_cat":[1124,513,807,1270,263],"product_tag":[1271,38,1120,1277,1273,697,911,501,503,518,896,504,142,1045,123,1275,648,517,1272,1274],"class_list":{"0":"post-7803","1":"product","2":"type-product","3":"status-publish","4":"has-post-thumbnail","6":"product_cat-bastelboegen","7":"product_cat-schneidplotter-svg-und-pdf","8":"product_cat-moebel-u-einrichtung-schneidplotter-svg-und-pdf","9":"product_cat-puppenhaus","10":"product_cat-downloadprodukte","11":"product_tag-dollhouse","12":"product_tag-download","13":"product_tag-dxf","14":"product_tag-kitchen","15":"product_tag-kredenz","16":"product_tag-kueche","17":"product_tag-kuechenschrank","18":"product_tag-modell","19":"product_tag-papiermodell","20":"product_tag-pdf","21":"product_tag-puppenhaus","22":"product_tag-schneidplotter","23":"product_tag-schneidplotter-datei","24":"product_tag-schrank","25":"product_tag-sessel","26":"product_tag-sideboard","27":"product_tag-stuhl","28":"product_tag-svg","29":"product_tag-tischgarnitur","30":"product_tag-wandschrank","32":"first","33":"instock","34":"downloadable","35":"virtual","36":"purchasable","37":"product-type-simple"},"aioseo_notices":[],"jetpack_sharing_enabled":true,"_links":{"self":[{"href":"https:\/\/mediendesign-moser.at\/shop\/index.php?rest_route=\/wp\/v2\/product\/7803","targetHints":{"allow":["GET"]}}],"collection":[{"href":"https:\/\/mediendesign-moser.at\/shop\/index.php?rest_route=\/wp\/v2\/product"}],"about":[{"href":"https:\/\/mediendesign-moser.at\/shop\/index.php?rest_route=\/wp\/v2\/types\/product"}],"replies":[{"embeddable":true,"href":"https:\/\/mediendesign-moser.at\/shop\/index.php?rest_route=%2Fwp%2Fv2%2Fcomments&post=7803"}],"wp:featuredmedia":[{"embeddable":true,"href":"https:\/\/mediendesign-moser.at\/shop\/index.php?rest_route=\/wp\/v2\/media\/7802"}],"wp:attachment":[{"href":"https:\/\/mediendesign-moser.at\/shop\/index.php?rest_route=%2Fwp%2Fv2%2Fmedia&parent=7803"}],"wp:term":[{"taxonomy":"product_cat","embeddable":true,"href":"https:\/\/mediendesign-moser.at\/shop\/index.php?rest_route=%2Fwp%2Fv2%2Fproduct_cat&post=7803"},{"taxonomy":"product_tag","embeddable":true,"href":"https:\/\/mediendesign-moser.at\/shop\/index.php?rest_route=%2Fwp%2Fv2%2Fproduct_tag&post=7803"}],"curies":[{"name":"wp","href":"https:\/\/api.w.org\/{rel}","templated":true}]}}