{"id":7793,"date":"2020-10-21T18:10:50","date_gmt":"2020-10-21T16:10:50","guid":{"rendered":"https:\/\/mediendesign-moser.at\/shop\/?post_type=product&#038;p=7793"},"modified":"2024-01-05T12:24:14","modified_gmt":"2024-01-05T11:24:14","slug":"download-schneide-datei-fuer-puppenhaus","status":"publish","type":"product","link":"https:\/\/mediendesign-moser.at\/shop\/?product=download-schneide-datei-fuer-puppenhaus","title":{"rendered":"Download: Schneide Datei \/ Bastelbogen f\u00fcr Puppenhaus"},"content":{"rendered":"","protected":false},"excerpt":{"rendered":"<p>Schneide Dateien (.svg, .dxf) f\u00fcr den Zuschnitt eines kleinen Puppenhauses.<\/p>\n<p>Mit diesem Download k\u00f6nnen die Papierteile f\u00fcr das Puppenhaus (Fotos) geschnitten werden.<\/p>\n<p>Abmessungen des fertig gebastelten Hauses (ohne Dach und ohne Vorbau):<br \/>\n25 cm Breite und 15 cm H\u00f6he.<br \/>\nGr\u00f6\u00dfenm\u00e4\u00dfig passende M\u00f6bel Schneidedateien zum Einrichten dieses Puppenhauses finden Sie in der <a href=\"https:\/\/mediendesign-moser.at\/shop\/?product_cat=puppenhaus\" target=\"_blank\" rel=\"noopener\">Kategorie Puppenhaus.<\/a><\/p>\n<p>Zusatzinfo: Das Dach des fertig hergestellten Hauses l\u00e4sst sich abnehmen. Darunter befindet sich im Haus-Mittelteil ein Innenfach, in welches z.B. eine elektrische Kerze hineingegeben werden kann.<\/p>\n<p>Im Download sind enthalten:<\/p>\n<ul>\n<li>SVG-Dateien f\u00fcr die Verwendung mit folgenden Schneideger\u00e4ten:<br \/>\nCricut, Brother ScanNCut, oder Silhouette-Ger\u00e4te (Silhouette Studio ab Designer-Edition erforderlich)<\/li>\n<li>DXF-Dateien f\u00fcr Silhouette-Ger\u00e4te (Silhouette Studio Basic Edition ist ausreichend)<\/li>\n<li>Bastelbogen zum Ausdrucken f\u00fcr manuellen Zuschnitt \u2013 Bastelbogen farbig gef\u00fcllt und PDF Druckdatei (ohne F\u00fcllung, nur Linien).<\/li>\n<\/ul>\n<p>Dieses Projekt wurde mit folgenden Schneideger\u00e4ten getestet:<br \/>\nSilhouette Cameo, Cricut Maker, Brother ScanNCut.<br \/>\nInfos und Anleitungen zur Verwendung mit den jeweiligen Ger\u00e4ten <a href=\"https:\/\/mediendesign-moser.at\/shop\/?page_id=6409\" target=\"_blank\" rel=\"noopener\">finden Sie hier<\/a>.<\/p>\n<p>Beachten Sie unsere \u00a0<a href=\"https:\/\/mediendesign-moser.at\/shop\/?page_id=758\" target=\"_blank\" rel=\"noopener\">Lizenzbedingungen<\/a>\u00a0f\u00fcr downloadbare Produkte.<\/p>\n<p>Anleitungsvideo Puppenhaus zusammenkleben:<br \/>\n<iframe loading=\"lazy\" title=\"YouTube video player\" src=\"https:\/\/www.youtube.com\/embed\/aD6ZmGybOqc?si=iJq-GVWRxn1YD0AJ\" width=\"560\" height=\"315\" frameborder=\"0\" allowfullscreen=\"allowfullscreen\"><\/iframe><\/p>\n<p>Anleitungsvideo Puppenhaus f\u00fcr gro\u00dfe Gr\u00f6\u00dfe in der Silhouette Software vorbereiten:<br \/>\n<iframe loading=\"lazy\" title=\"YouTube video player\" src=\"https:\/\/www.youtube.com\/embed\/ROAsFhoTa8w?si=rbEBWhfPEwOnoQZG\" width=\"560\" height=\"315\" frameborder=\"0\" allowfullscreen=\"allowfullscreen\"><\/iframe><\/p>\n<p><a href=\"https:\/\/mediendesign-moser.at\/shop\/wp-content\/uploads\/2020\/10\/photocompilation-small-dollhouse.jpg\"><img loading=\"lazy\" decoding=\"async\" class=\"alignnone size-full wp-image-7792\" src=\"https:\/\/mediendesign-moser.at\/shop\/wp-content\/uploads\/2020\/10\/photocompilation-small-dollhouse.jpg\" alt=\"\" width=\"620\" height=\"4384\" srcset=\"https:\/\/mediendesign-moser.at\/shop\/wp-content\/uploads\/2020\/10\/photocompilation-small-dollhouse.jpg 620w, https:\/\/mediendesign-moser.at\/shop\/wp-content\/uploads\/2020\/10\/photocompilation-small-dollhouse-145x1024.jpg 145w, https:\/\/mediendesign-moser.at\/shop\/wp-content\/uploads\/2020\/10\/photocompilation-small-dollhouse-600x4243.jpg 600w\" sizes=\"auto, (max-width: 620px) 100vw, 620px\" \/><\/a><\/p>\n","protected":false},"featured_media":7779,"comment_status":"open","ping_status":"closed","template":"","meta":{"om_disable_all_campaigns":false,"_monsterinsights_skip_tracking":false,"_monsterinsights_sitenote_active":false,"_monsterinsights_sitenote_note":"","_monsterinsights_sitenote_category":0},"product_cat":[1124,513,796,1270,263],"product_tag":[1271,38,1120,995,114,501,503,518,896,504,142,517],"class_list":{"0":"post-7793","1":"product","2":"type-product","3":"status-publish","4":"has-post-thumbnail","6":"product_cat-bastelboegen","7":"product_cat-schneidplotter-svg-und-pdf","8":"product_cat-gebaeude-schneidplotter-svg-und-pdf","9":"product_cat-puppenhaus","10":"product_cat-downloadprodukte","11":"product_tag-dollhouse","12":"product_tag-download","13":"product_tag-dxf","14":"product_tag-gebaeude","15":"product_tag-haus","16":"product_tag-modell","17":"product_tag-papiermodell","18":"product_tag-pdf","19":"product_tag-puppenhaus","20":"product_tag-schneidplotter","21":"product_tag-schneidplotter-datei","22":"product_tag-svg","24":"first","25":"instock","26":"downloadable","27":"virtual","28":"purchasable","29":"product-type-simple"},"aioseo_notices":[],"jetpack_sharing_enabled":true,"_links":{"self":[{"href":"https:\/\/mediendesign-moser.at\/shop\/index.php?rest_route=\/wp\/v2\/product\/7793","targetHints":{"allow":["GET"]}}],"collection":[{"href":"https:\/\/mediendesign-moser.at\/shop\/index.php?rest_route=\/wp\/v2\/product"}],"about":[{"href":"https:\/\/mediendesign-moser.at\/shop\/index.php?rest_route=\/wp\/v2\/types\/product"}],"replies":[{"embeddable":true,"href":"https:\/\/mediendesign-moser.at\/shop\/index.php?rest_route=%2Fwp%2Fv2%2Fcomments&post=7793"}],"wp:featuredmedia":[{"embeddable":true,"href":"https:\/\/mediendesign-moser.at\/shop\/index.php?rest_route=\/wp\/v2\/media\/7779"}],"wp:attachment":[{"href":"https:\/\/mediendesign-moser.at\/shop\/index.php?rest_route=%2Fwp%2Fv2%2Fmedia&parent=7793"}],"wp:term":[{"taxonomy":"product_cat","embeddable":true,"href":"https:\/\/mediendesign-moser.at\/shop\/index.php?rest_route=%2Fwp%2Fv2%2Fproduct_cat&post=7793"},{"taxonomy":"product_tag","embeddable":true,"href":"https:\/\/mediendesign-moser.at\/shop\/index.php?rest_route=%2Fwp%2Fv2%2Fproduct_tag&post=7793"}],"curies":[{"name":"wp","href":"https:\/\/api.w.org\/{rel}","templated":true}]}}