{"id":7614,"date":"2020-10-05T12:07:57","date_gmt":"2020-10-05T10:07:57","guid":{"rendered":"https:\/\/mediendesign-moser.at\/shop\/?post_type=product&#038;p=7614"},"modified":"2026-02-19T12:01:05","modified_gmt":"2026-02-19T11:01:05","slug":"download-schneide-datei-rasenmaeher","status":"publish","type":"product","link":"https:\/\/mediendesign-moser.at\/shop\/?product=download-schneide-datei-rasenmaeher","title":{"rendered":"Download: Schneide Datei Rasenm\u00e4her"},"content":{"rendered":"","protected":false},"excerpt":{"rendered":"<p>Schneidedateien f\u00fcr den Zuschnitt eines Rasemm\u00e4hers.<br \/>\nMit diesem Download k\u00f6nnen die Einzelteile f\u00fcr den Rasenm\u00e4her (Fotos) zugeschnitten werden.<\/p>\n<p>Im Download sind enthalten:<\/p>\n<ul>\n<li>SVG-Dateien f\u00fcr die Verwendung mit folgenden Schneideger\u00e4ten:<br \/>\nCricut, Brother ScanNCut, oder Silhouette-Ger\u00e4te (Silhouette Studio ab Designer-Edition erforderlich)<\/li>\n<li>DXF-Dateien f\u00fcr Silhouette-Ger\u00e4te (Silhouette Studio Basic Edition ist ausreichend)<\/li>\n<li>Bastelbogen f\u00fcr manuellen Zuschnitt &#8211; Bastelbogen farbig gef\u00fcllt und Bastelbogen ungef\u00fcllt.<\/li>\n<\/ul>\n<p>Dieses Projekt wurde mit folgenden Schneideger\u00e4ten getestet:<br \/>\nSilhouette Cameo, Cricut Maker, Brother ScanNCut.<br \/>\nInfos und Anleitungen zur Verwendung mit den jeweiligen Ger\u00e4ten <a href=\"https:\/\/mediendesign-moser.at\/shop\/?page_id=6409\" target=\"_blank\" rel=\"noopener\">finden Sie hier<\/a>.<\/p>\n<p>Es gelten unsere\u00a0<a href=\"https:\/\/mediendesign-moser.at\/shop\/?page_id=758\" target=\"_blank\" rel=\"noopener\">Lizenzbedingungen<\/a>\u00a0f\u00fcr downloadbare Produkte.<a href=\"https:\/\/mediendesign-moser.at\/shop\/wp-content\/uploads\/2020\/10\/photocompilation-lawn-mower.jpg\"><img loading=\"lazy\" decoding=\"async\" class=\"alignnone size-full wp-image-7612\" src=\"https:\/\/mediendesign-moser.at\/shop\/wp-content\/uploads\/2020\/10\/photocompilation-lawn-mower.jpg\" alt=\"\" width=\"620\" height=\"2703\" srcset=\"https:\/\/mediendesign-moser.at\/shop\/wp-content\/uploads\/2020\/10\/photocompilation-lawn-mower.jpg 620w, https:\/\/mediendesign-moser.at\/shop\/wp-content\/uploads\/2020\/10\/photocompilation-lawn-mower-69x300.jpg 69w, https:\/\/mediendesign-moser.at\/shop\/wp-content\/uploads\/2020\/10\/photocompilation-lawn-mower-235x1024.jpg 235w, https:\/\/mediendesign-moser.at\/shop\/wp-content\/uploads\/2020\/10\/photocompilation-lawn-mower-600x2616.jpg 600w\" sizes=\"auto, (max-width: 620px) 100vw, 620px\" \/><\/a><\/p>\n","protected":false},"featured_media":7611,"comment_status":"closed","ping_status":"closed","template":"","meta":{"om_disable_all_campaigns":false,"_monsterinsights_skip_tracking":false,"_monsterinsights_sitenote_active":false,"_monsterinsights_sitenote_note":"","_monsterinsights_sitenote_category":0},"product_cat":[1124,513,800,861,263],"product_tag":[1129,542,1055,38,1120,565,1241,782,1252,1250,1251,1149,518,1249,1227,541,504,142],"class_list":{"0":"post-7614","1":"product","2":"type-product","3":"status-publish","4":"has-post-thumbnail","6":"product_cat-bastelboegen","7":"product_cat-schneidplotter-svg-und-pdf","8":"product_cat-garten-schneidplotter-svg-und-pdf","9":"product_cat-hobby-und-beruf","10":"product_cat-downloadprodukte","11":"product_tag-bastelbogen","12":"product_tag-brother","13":"product_tag-cricut","14":"product_tag-download","15":"product_tag-dxf","16":"product_tag-garten","17":"product_tag-gaertner","18":"product_tag-gaertnern","19":"product_tag-lawn","20":"product_tag-maehen","21":"product_tag-mower","22":"product_tag-paper-craft-sheet","23":"product_tag-pdf","24":"product_tag-rasen","25":"product_tag-rasenmaeher","26":"product_tag-scanncut","27":"product_tag-schneidplotter","28":"product_tag-schneidplotter-datei","30":"first","31":"instock","32":"downloadable","33":"virtual","34":"purchasable","35":"product-type-simple"},"aioseo_notices":[],"jetpack_sharing_enabled":true,"_links":{"self":[{"href":"https:\/\/mediendesign-moser.at\/shop\/index.php?rest_route=\/wp\/v2\/product\/7614","targetHints":{"allow":["GET"]}}],"collection":[{"href":"https:\/\/mediendesign-moser.at\/shop\/index.php?rest_route=\/wp\/v2\/product"}],"about":[{"href":"https:\/\/mediendesign-moser.at\/shop\/index.php?rest_route=\/wp\/v2\/types\/product"}],"replies":[{"embeddable":true,"href":"https:\/\/mediendesign-moser.at\/shop\/index.php?rest_route=%2Fwp%2Fv2%2Fcomments&post=7614"}],"wp:featuredmedia":[{"embeddable":true,"href":"https:\/\/mediendesign-moser.at\/shop\/index.php?rest_route=\/wp\/v2\/media\/7611"}],"wp:attachment":[{"href":"https:\/\/mediendesign-moser.at\/shop\/index.php?rest_route=%2Fwp%2Fv2%2Fmedia&parent=7614"}],"wp:term":[{"taxonomy":"product_cat","embeddable":true,"href":"https:\/\/mediendesign-moser.at\/shop\/index.php?rest_route=%2Fwp%2Fv2%2Fproduct_cat&post=7614"},{"taxonomy":"product_tag","embeddable":true,"href":"https:\/\/mediendesign-moser.at\/shop\/index.php?rest_route=%2Fwp%2Fv2%2Fproduct_tag&post=7614"}],"curies":[{"name":"wp","href":"https:\/\/api.w.org\/{rel}","templated":true}]}}