{"id":7476,"date":"2020-09-26T19:09:18","date_gmt":"2020-09-26T17:09:18","guid":{"rendered":"https:\/\/mediendesign-moser.at\/shop\/?post_type=product&#038;p=7476"},"modified":"2025-11-08T14:40:04","modified_gmt":"2025-11-08T13:40:04","slug":"download-schneide-datei-lebkuchenhaus-mini-explosionsbox","status":"publish","type":"product","link":"https:\/\/mediendesign-moser.at\/shop\/?product=download-schneide-datei-lebkuchenhaus-mini-explosionsbox","title":{"rendered":"Download: Schneide Datei Lebkuchenhaus Mini Explosionsbox"},"content":{"rendered":"","protected":false},"excerpt":{"rendered":"<p>Schneidedateien f\u00fcr den Zuschnitt einer Mini-Explosionsbox im Lebkuchenhaus Design.<br \/>\nDie fertig hergestellte Mini-Explosionsbox kann als Verpackung verwendet werden.<br \/>\nAbmessungen dieser Box: Grundfl\u00e4che ca 5 x 5 cm, H\u00f6he (inkl. Dach) ca 8,2 cm<\/p>\n<p>Im Download sind enthalten:<\/p>\n<ul>\n<li>SVG-Dateien f\u00fcr die Verwendung mit folgenden Schneideger\u00e4ten:<br \/>\nCricut, Brother ScanNCut, oder Silhouette-Ger\u00e4te (Silhouette Studio ab Designer-Edition erforderlich)<\/li>\n<li>DXF-Dateien f\u00fcr Silhouette-Ger\u00e4te (Silhouette Studio Basic Edition ist ausreichend)<\/li>\n<li>Bastelbogen f\u00fcr manuellen Zuschnitt &#8211; Bastelbogen farbig gef\u00fcllt zum Ausdrucken auf wei\u00dfem Papier.<\/li>\n<\/ul>\n<p>Dieses Projekt wurde mit folgenden Schneideger\u00e4ten getestet:<br \/>\nSilhouette Cameo, Cricut Maker, Brother ScanNCut.<br \/>\nInfos und Anleitungen zur Verwendung mit den jeweiligen Ger\u00e4ten <a href=\"https:\/\/mediendesign-moser.at\/shop\/?page_id=6409\" target=\"_blank\" rel=\"noopener\">finden Sie hier<\/a>.<\/p>\n<p>Es gelten unsere\u00a0<a href=\"https:\/\/mediendesign-moser.at\/shop\/?page_id=758\" target=\"_blank\" rel=\"noopener\">Lizenzbedingungen<\/a>\u00a0f\u00fcr downloadbare Produkte.<a href=\"https:\/\/mediendesign-moser.at\/shop\/wp-content\/uploads\/2020\/09\/2020-09-lebhaus_klein.jpg\"><img loading=\"lazy\" decoding=\"async\" class=\"alignnone size-full wp-image-7472\" src=\"https:\/\/mediendesign-moser.at\/shop\/wp-content\/uploads\/2020\/09\/2020-09-lebhaus_klein.jpg\" alt=\"\" width=\"1280\" height=\"5880\" srcset=\"https:\/\/mediendesign-moser.at\/shop\/wp-content\/uploads\/2020\/09\/2020-09-lebhaus_klein.jpg 1280w, https:\/\/mediendesign-moser.at\/shop\/wp-content\/uploads\/2020\/09\/2020-09-lebhaus_klein-65x300.jpg 65w, https:\/\/mediendesign-moser.at\/shop\/wp-content\/uploads\/2020\/09\/2020-09-lebhaus_klein-768x3528.jpg 768w, https:\/\/mediendesign-moser.at\/shop\/wp-content\/uploads\/2020\/09\/2020-09-lebhaus_klein-223x1024.jpg 223w, https:\/\/mediendesign-moser.at\/shop\/wp-content\/uploads\/2020\/09\/2020-09-lebhaus_klein-600x2756.jpg 600w\" sizes=\"auto, (max-width: 1280px) 100vw, 1280px\" \/><\/a><\/p>\n<p>&nbsp;<\/p>\n","protected":false},"featured_media":7471,"comment_status":"open","ping_status":"closed","template":"","meta":{"om_disable_all_campaigns":false,"_monsterinsights_skip_tracking":false,"_monsterinsights_sitenote_active":false,"_monsterinsights_sitenote_note":"","_monsterinsights_sitenote_category":0},"product_cat":[1124,513,799,789,263],"product_tag":[1129,542,1234,1055,38,1120,1239,51,1238,1216,1237,1149,518,541,504,142,129,1232],"class_list":{"0":"post-7476","1":"product","2":"type-product","3":"status-publish","4":"has-post-thumbnail","6":"product_cat-bastelboegen","7":"product_cat-schneidplotter-svg-und-pdf","8":"product_cat-verpackungen-schneidplotter-svg-und-pdf","9":"product_cat-weihnachten-schneidplotter-svg-und-pdf","10":"product_cat-downloadprodukte","11":"product_tag-bastelbogen","12":"product_tag-brother","13":"product_tag-christmas","14":"product_tag-cricut","15":"product_tag-download","16":"product_tag-dxf","17":"product_tag-exploding-box","18":"product_tag-explosionsbox","19":"product_tag-gingerbreadhouse","20":"product_tag-lebkuchenhaus","21":"product_tag-mini-explosionsbox","22":"product_tag-paper-craft-sheet","23":"product_tag-pdf","24":"product_tag-scanncut","25":"product_tag-schneidplotter","26":"product_tag-schneidplotter-datei","27":"product_tag-weihnachten","28":"product_tag-weihnachtsdekoration","30":"first","31":"instock","32":"downloadable","33":"virtual","34":"purchasable","35":"product-type-simple"},"aioseo_notices":[],"jetpack_sharing_enabled":true,"_links":{"self":[{"href":"https:\/\/mediendesign-moser.at\/shop\/index.php?rest_route=\/wp\/v2\/product\/7476","targetHints":{"allow":["GET"]}}],"collection":[{"href":"https:\/\/mediendesign-moser.at\/shop\/index.php?rest_route=\/wp\/v2\/product"}],"about":[{"href":"https:\/\/mediendesign-moser.at\/shop\/index.php?rest_route=\/wp\/v2\/types\/product"}],"replies":[{"embeddable":true,"href":"https:\/\/mediendesign-moser.at\/shop\/index.php?rest_route=%2Fwp%2Fv2%2Fcomments&post=7476"}],"wp:featuredmedia":[{"embeddable":true,"href":"https:\/\/mediendesign-moser.at\/shop\/index.php?rest_route=\/wp\/v2\/media\/7471"}],"wp:attachment":[{"href":"https:\/\/mediendesign-moser.at\/shop\/index.php?rest_route=%2Fwp%2Fv2%2Fmedia&parent=7476"}],"wp:term":[{"taxonomy":"product_cat","embeddable":true,"href":"https:\/\/mediendesign-moser.at\/shop\/index.php?rest_route=%2Fwp%2Fv2%2Fproduct_cat&post=7476"},{"taxonomy":"product_tag","embeddable":true,"href":"https:\/\/mediendesign-moser.at\/shop\/index.php?rest_route=%2Fwp%2Fv2%2Fproduct_tag&post=7476"}],"curies":[{"name":"wp","href":"https:\/\/api.w.org\/{rel}","templated":true}]}}