{"id":7408,"date":"2020-09-20T13:54:11","date_gmt":"2020-09-20T11:54:11","guid":{"rendered":"https:\/\/mediendesign-moser.at\/shop\/?post_type=product&#038;p=7408"},"modified":"2024-12-08T16:12:28","modified_gmt":"2024-12-08T15:12:28","slug":"explosionsbox-neujahr-mit-pilzhaeuschen-und-glueckssymbolen","status":"publish","type":"product","link":"https:\/\/mediendesign-moser.at\/shop\/?product=explosionsbox-neujahr-mit-pilzhaeuschen-und-glueckssymbolen","title":{"rendered":"Explosionsbox f\u00fcr Neujahr mit Pilzh\u00e4uschen und Gl\u00fcckssymbolen"},"content":{"rendered":"","protected":false},"excerpt":{"rendered":"<p>Handgemachte Explosionsbox, passend als\u00a0Geschenk zu m Jahreswechsel<br \/>\nMotiv im Inneren der Box: Pilzh\u00e4uschen und Gl\u00fcckssymbole.<br \/>\nHauptfarben: wei\u00df, rot, gr\u00fcn, schwarz<br \/>\nKantenl\u00e4nge der Box: ca. 10 cm.<\/p>\n<p>Nicht lieferbar, da wir unsere Explosionsboxen-Angebote eingestellt haben.<br \/>\nProdukte zum Selber Machen (Plotterdateien):<\/p>\n<table>\n<tbody>\n<tr>\n<td><a href=\"https:\/\/mediendesign-moser.at\/shop\/?product=download-schneide-datei-bastelbogen-pilzhaus\" target=\"_blank\" rel=\"noopener\"><img loading=\"lazy\" decoding=\"async\" class=\"alignnone wp-image-11994 size-medium\" src=\"https:\/\/mediendesign-moser.at\/shop\/wp-content\/uploads\/2021\/08\/DL-SPDE045-ST-mushroom-house-300x200.jpg\" alt=\"\" width=\"300\" height=\"200\" srcset=\"https:\/\/mediendesign-moser.at\/shop\/wp-content\/uploads\/2021\/08\/DL-SPDE045-ST-mushroom-house-300x200.jpg 300w, https:\/\/mediendesign-moser.at\/shop\/wp-content\/uploads\/2021\/08\/DL-SPDE045-ST-mushroom-house-600x400.jpg 600w, https:\/\/mediendesign-moser.at\/shop\/wp-content\/uploads\/2021\/08\/DL-SPDE045-ST-mushroom-house.jpg 640w\" sizes=\"auto, (max-width: 300px) 100vw, 300px\" \/><\/a><\/td>\n<td><a href=\"https:\/\/mediendesign-moser.at\/shop\/?product=download-schneide-datei-bastelbogen-fuer-fette-zahlen\" target=\"_blank\" rel=\"noopener\"><img loading=\"lazy\" decoding=\"async\" class=\"alignnone wp-image-13508 size-medium\" src=\"https:\/\/mediendesign-moser.at\/shop\/wp-content\/uploads\/2021\/12\/BMDM0347-300x200.jpg\" alt=\"\" width=\"300\" height=\"200\" srcset=\"https:\/\/mediendesign-moser.at\/shop\/wp-content\/uploads\/2021\/12\/BMDM0347-300x200.jpg 300w, https:\/\/mediendesign-moser.at\/shop\/wp-content\/uploads\/2021\/12\/BMDM0347-768x512.jpg 768w, https:\/\/mediendesign-moser.at\/shop\/wp-content\/uploads\/2021\/12\/BMDM0347-600x400.jpg 600w, https:\/\/mediendesign-moser.at\/shop\/wp-content\/uploads\/2021\/12\/BMDM0347.jpg 800w\" sizes=\"auto, (max-width: 300px) 100vw, 300px\" \/><\/a><\/td>\n<td><a href=\"https:\/\/mediendesign-moser.at\/shop\/?product=download-schneide-datei-bastelbogen-explosionsbox-in-standardgroesse\" target=\"_blank\" rel=\"noopener\"><img loading=\"lazy\" decoding=\"async\" class=\"alignnone wp-image-14323 size-medium\" src=\"https:\/\/mediendesign-moser.at\/shop\/wp-content\/uploads\/2022\/02\/DL-SPBA010-ST-explodingbox-300x200.jpg\" alt=\"\" width=\"300\" height=\"200\" srcset=\"https:\/\/mediendesign-moser.at\/shop\/wp-content\/uploads\/2022\/02\/DL-SPBA010-ST-explodingbox-300x200.jpg 300w, https:\/\/mediendesign-moser.at\/shop\/wp-content\/uploads\/2022\/02\/DL-SPBA010-ST-explodingbox-600x400.jpg 600w, https:\/\/mediendesign-moser.at\/shop\/wp-content\/uploads\/2022\/02\/DL-SPBA010-ST-explodingbox.jpg 640w\" sizes=\"auto, (max-width: 300px) 100vw, 300px\" \/><\/a><\/td>\n<\/tr>\n<\/tbody>\n<\/table>\n<table>\n<tbody>\n<tr>\n<td><a href=\"https:\/\/mediendesign-moser.at\/shop\/?product=download-digitales-designpapier-new-years-eve\" target=\"_blank\" rel=\"noopener\"><img loading=\"lazy\" decoding=\"async\" class=\"alignnone wp-image-13391 size-medium\" src=\"https:\/\/mediendesign-moser.at\/shop\/wp-content\/uploads\/2021\/12\/DL_DPFJ400-new-years-eve-300x300.jpg\" alt=\"\" width=\"300\" height=\"300\" srcset=\"https:\/\/mediendesign-moser.at\/shop\/wp-content\/uploads\/2021\/12\/DL_DPFJ400-new-years-eve-300x300.jpg 300w, https:\/\/mediendesign-moser.at\/shop\/wp-content\/uploads\/2021\/12\/DL_DPFJ400-new-years-eve.jpg 600w, https:\/\/mediendesign-moser.at\/shop\/wp-content\/uploads\/2021\/12\/DL_DPFJ400-new-years-eve-100x100.jpg 100w\" sizes=\"auto, (max-width: 300px) 100vw, 300px\" \/><\/a><\/td>\n<td><\/td>\n<td><\/td>\n<\/tr>\n<\/tbody>\n<\/table>\n","protected":false},"featured_media":22635,"comment_status":"closed","ping_status":"closed","template":"","meta":{"om_disable_all_campaigns":false,"_monsterinsights_skip_tracking":false,"_monsterinsights_sitenote_active":false,"_monsterinsights_sitenote_note":"","_monsterinsights_sitenote_category":0},"product_cat":[1223,983,49],"product_tag":[51,165,1221,1219,1797,1222,1220,353,1207],"class_list":{"0":"post-7408","1":"product","2":"type-product","3":"status-publish","4":"has-post-thumbnail","6":"product_cat-neujahr","7":"product_cat-weihnachten","8":"product_cat-explosionsboxen","9":"product_tag-explosionsbox","10":"product_tag-geschenkbox","11":"product_tag-jahreswechsel","12":"product_tag-neujahr","13":"product_tag-pilzhaus","14":"product_tag-prosit-neujahr","15":"product_tag-silvester","16":"product_tag-verpackung","17":"product_tag-zylinder","18":"product_shipping_class-gebo","20":"first","21":"instock","22":"product-type-external"},"aioseo_notices":[],"jetpack_sharing_enabled":true,"_links":{"self":[{"href":"https:\/\/mediendesign-moser.at\/shop\/index.php?rest_route=\/wp\/v2\/product\/7408","targetHints":{"allow":["GET"]}}],"collection":[{"href":"https:\/\/mediendesign-moser.at\/shop\/index.php?rest_route=\/wp\/v2\/product"}],"about":[{"href":"https:\/\/mediendesign-moser.at\/shop\/index.php?rest_route=\/wp\/v2\/types\/product"}],"replies":[{"embeddable":true,"href":"https:\/\/mediendesign-moser.at\/shop\/index.php?rest_route=%2Fwp%2Fv2%2Fcomments&post=7408"}],"wp:featuredmedia":[{"embeddable":true,"href":"https:\/\/mediendesign-moser.at\/shop\/index.php?rest_route=\/wp\/v2\/media\/22635"}],"wp:attachment":[{"href":"https:\/\/mediendesign-moser.at\/shop\/index.php?rest_route=%2Fwp%2Fv2%2Fmedia&parent=7408"}],"wp:term":[{"taxonomy":"product_cat","embeddable":true,"href":"https:\/\/mediendesign-moser.at\/shop\/index.php?rest_route=%2Fwp%2Fv2%2Fproduct_cat&post=7408"},{"taxonomy":"product_tag","embeddable":true,"href":"https:\/\/mediendesign-moser.at\/shop\/index.php?rest_route=%2Fwp%2Fv2%2Fproduct_tag&post=7408"}],"curies":[{"name":"wp","href":"https:\/\/api.w.org\/{rel}","templated":true}]}}