{"id":7280,"date":"2020-09-12T10:29:09","date_gmt":"2020-09-12T08:29:09","guid":{"rendered":"https:\/\/mediendesign-moser.at\/shop\/?post_type=product&#038;p=7280"},"modified":"2023-11-23T12:25:24","modified_gmt":"2023-11-23T11:25:24","slug":"reise-explosionsbox-berge-und-see","status":"publish","type":"product","link":"https:\/\/mediendesign-moser.at\/shop\/?product=reise-explosionsbox-berge-und-see","title":{"rendered":"Reise Explosionsbox Berge und See"},"content":{"rendered":"","protected":false},"excerpt":{"rendered":"<p>Handgemachte Explosionsbox mit Bergen, H\u00e4usern, See und Wegweiser. Diese Geschenkbox passt als Symbolgeschenk f\u00fcr eine Reise bzw. f\u00fcr einen Gemeinschaftsausflug.<br \/>\nGr\u00f6\u00dfe dieser Geschenkbox: \u00a010 x 10 x 10 cm.<\/p>\n<p>Nicht lieferbar, da wir unsere Explosionsboxen-Angebote eingestellt haben.<\/p>\n","protected":false},"featured_media":7278,"comment_status":"closed","ping_status":"closed","template":"","meta":{"om_disable_all_campaigns":false,"_monsterinsights_skip_tracking":false,"_monsterinsights_sitenote_active":false,"_monsterinsights_sitenote_note":"","_monsterinsights_sitenote_category":0},"product_cat":[98,49],"product_tag":[586,89,418,51,64,52,165,1215,99,723,416,704,412],"class_list":{"0":"post-7280","1":"product","2":"type-product","3":"status-publish","4":"has-post-thumbnail","6":"product_cat-reise","7":"product_cat-explosionsboxen","8":"product_tag-alpen","9":"product_tag-ausflug","10":"product_tag-berge","11":"product_tag-explosionsbox","12":"product_tag-geburtstag","13":"product_tag-geschenk","14":"product_tag-geschenkbox","15":"product_tag-kurzurlaub","16":"product_tag-reise","17":"product_tag-reisegeschenk","18":"product_tag-see","19":"product_tag-symbolgeschenk","20":"product_tag-urlaub","21":"product_shipping_class-gebo","23":"first","24":"instock","25":"product-type-external"},"aioseo_notices":[],"jetpack_sharing_enabled":true,"_links":{"self":[{"href":"https:\/\/mediendesign-moser.at\/shop\/index.php?rest_route=\/wp\/v2\/product\/7280","targetHints":{"allow":["GET"]}}],"collection":[{"href":"https:\/\/mediendesign-moser.at\/shop\/index.php?rest_route=\/wp\/v2\/product"}],"about":[{"href":"https:\/\/mediendesign-moser.at\/shop\/index.php?rest_route=\/wp\/v2\/types\/product"}],"replies":[{"embeddable":true,"href":"https:\/\/mediendesign-moser.at\/shop\/index.php?rest_route=%2Fwp%2Fv2%2Fcomments&post=7280"}],"wp:featuredmedia":[{"embeddable":true,"href":"https:\/\/mediendesign-moser.at\/shop\/index.php?rest_route=\/wp\/v2\/media\/7278"}],"wp:attachment":[{"href":"https:\/\/mediendesign-moser.at\/shop\/index.php?rest_route=%2Fwp%2Fv2%2Fmedia&parent=7280"}],"wp:term":[{"taxonomy":"product_cat","embeddable":true,"href":"https:\/\/mediendesign-moser.at\/shop\/index.php?rest_route=%2Fwp%2Fv2%2Fproduct_cat&post=7280"},{"taxonomy":"product_tag","embeddable":true,"href":"https:\/\/mediendesign-moser.at\/shop\/index.php?rest_route=%2Fwp%2Fv2%2Fproduct_tag&post=7280"}],"curies":[{"name":"wp","href":"https:\/\/api.w.org\/{rel}","templated":true}]}}