{"id":6839,"date":"2020-08-14T21:06:26","date_gmt":"2020-08-14T19:06:26","guid":{"rendered":"https:\/\/mediendesign-moser.at\/shop\/?post_type=product&#038;p=6839"},"modified":"2023-01-03T15:48:50","modified_gmt":"2023-01-03T14:48:50","slug":"download-schneide-dateien-miniatur-tower-bridge","status":"publish","type":"product","link":"https:\/\/mediendesign-moser.at\/shop\/?product=download-schneide-dateien-miniatur-tower-bridge","title":{"rendered":"Download: Schneide Dateien Tower Bridge"},"content":{"rendered":"","protected":false},"excerpt":{"rendered":"<p>Schneidedateien f\u00fcr den Zuschnitt einer Miniatur Tower Bridge.<br \/>\nMit diesen Dateien k\u00f6nnen die Papier-Einzelteile f\u00fcr T\u00fcrme und Br\u00fccke zugeschnitten.<\/p>\n<p>Im Download sind enthalten:<\/p>\n<ul>\n<li>SVG-Dateien f\u00fcr die Verwendung mit folgenden Schneideger\u00e4ten:<br \/>\nCricut, Brother ScanNCut, oder Silhouette-Ger\u00e4te (Silhouette Studio ab Designer-Edition erforderlich)<\/li>\n<li>DXF-Dateien f\u00fcr Silhouette-Ger\u00e4te (Silhouette Studio Basic Edition ist ausreichend)<\/li>\n<li>Bastelbogen f\u00fcr manuellen Zuschnitt &#8211; 1x Bastelbogen leer (kann auf farbiges Papier gedruckt werden), 1x Bastelbogen farbig gemustert (wei\u00dfes Papier 200g\/m2 ausreichend)<\/li>\n<\/ul>\n<p>Dieses Projekt wurde mit folgenden Schneideger\u00e4ten getestet:<br \/>\nSilhouette Cameo, Cricut Maker, Brother ScanNCut.<br \/>\nInfos und Anleitungen zur Verwendung mit den jeweiligen Ger\u00e4ten <a href=\"https:\/\/mediendesign-moser.at\/shop\/?page_id=6409\" target=\"_blank\" rel=\"noopener\">finden Sie hier<\/a>.<\/p>\n<p>Es gelten unsere\u00a0<a href=\"https:\/\/mediendesign-moser.at\/shop\/?page_id=758\" target=\"_blank\" rel=\"noopener\">Lizenzbedingungen<\/a>\u00a0f\u00fcr downloadbare Produkte.<a href=\"https:\/\/mediendesign-moser.at\/shop\/wp-content\/uploads\/2020\/08\/photocompilation-tower-bridge.jpg\"><img loading=\"lazy\" decoding=\"async\" class=\"alignnone size-full wp-image-6848\" src=\"https:\/\/mediendesign-moser.at\/shop\/wp-content\/uploads\/2020\/08\/photocompilation-tower-bridge.jpg\" alt=\"\" width=\"620\" height=\"3730\" srcset=\"https:\/\/mediendesign-moser.at\/shop\/wp-content\/uploads\/2020\/08\/photocompilation-tower-bridge.jpg 620w, https:\/\/mediendesign-moser.at\/shop\/wp-content\/uploads\/2020\/08\/photocompilation-tower-bridge-50x300.jpg 50w, https:\/\/mediendesign-moser.at\/shop\/wp-content\/uploads\/2020\/08\/photocompilation-tower-bridge-170x1024.jpg 170w, https:\/\/mediendesign-moser.at\/shop\/wp-content\/uploads\/2020\/08\/photocompilation-tower-bridge-600x3610.jpg 600w\" sizes=\"auto, (max-width: 620px) 100vw, 620px\" \/><\/a><\/p>\n","protected":false},"featured_media":6847,"comment_status":"closed","ping_status":"closed","template":"","meta":{"om_disable_all_campaigns":false,"_monsterinsights_skip_tracking":false,"_monsterinsights_sitenote_active":false,"_monsterinsights_sitenote_note":"","_monsterinsights_sitenote_category":0},"product_cat":[1124,513,796,792,851,263],"product_tag":[1129,542,38,1120,1016,1149,518,541,504,142,720,1174,517,1172,1173],"class_list":{"0":"post-6839","1":"product","2":"type-product","3":"status-publish","4":"has-post-thumbnail","6":"product_cat-bastelboegen","7":"product_cat-schneidplotter-svg-und-pdf","8":"product_cat-gebaeude-schneidplotter-svg-und-pdf","9":"product_cat-sehenswuerdigkeiten","10":"product_cat-urlaub","11":"product_cat-downloadprodukte","12":"product_tag-bastelbogen","13":"product_tag-brother","14":"product_tag-download","15":"product_tag-dxf","16":"product_tag-london","17":"product_tag-paper-craft-sheet","18":"product_tag-pdf","19":"product_tag-scanncut","20":"product_tag-schneidplotter","21":"product_tag-schneidplotter-datei","22":"product_tag-sehenswuerdigkeit","23":"product_tag-sights","24":"product_tag-svg","25":"product_tag-tower-bridge","26":"product_tag-towerbridge","28":"first","29":"instock","30":"downloadable","31":"virtual","32":"purchasable","33":"product-type-simple"},"aioseo_notices":[],"jetpack_sharing_enabled":true,"_links":{"self":[{"href":"https:\/\/mediendesign-moser.at\/shop\/index.php?rest_route=\/wp\/v2\/product\/6839","targetHints":{"allow":["GET"]}}],"collection":[{"href":"https:\/\/mediendesign-moser.at\/shop\/index.php?rest_route=\/wp\/v2\/product"}],"about":[{"href":"https:\/\/mediendesign-moser.at\/shop\/index.php?rest_route=\/wp\/v2\/types\/product"}],"replies":[{"embeddable":true,"href":"https:\/\/mediendesign-moser.at\/shop\/index.php?rest_route=%2Fwp%2Fv2%2Fcomments&post=6839"}],"wp:featuredmedia":[{"embeddable":true,"href":"https:\/\/mediendesign-moser.at\/shop\/index.php?rest_route=\/wp\/v2\/media\/6847"}],"wp:attachment":[{"href":"https:\/\/mediendesign-moser.at\/shop\/index.php?rest_route=%2Fwp%2Fv2%2Fmedia&parent=6839"}],"wp:term":[{"taxonomy":"product_cat","embeddable":true,"href":"https:\/\/mediendesign-moser.at\/shop\/index.php?rest_route=%2Fwp%2Fv2%2Fproduct_cat&post=6839"},{"taxonomy":"product_tag","embeddable":true,"href":"https:\/\/mediendesign-moser.at\/shop\/index.php?rest_route=%2Fwp%2Fv2%2Fproduct_tag&post=6839"}],"curies":[{"name":"wp","href":"https:\/\/api.w.org\/{rel}","templated":true}]}}