{"id":6803,"date":"2020-08-10T14:49:17","date_gmt":"2020-08-10T12:49:17","guid":{"rendered":"https:\/\/mediendesign-moser.at\/shop\/?post_type=product&#038;p=6803"},"modified":"2020-09-06T18:21:49","modified_gmt":"2020-09-06T16:21:49","slug":"download-digitales-designpapier-sparkling-water","status":"publish","type":"product","link":"https:\/\/mediendesign-moser.at\/shop\/?product=download-digitales-designpapier-sparkling-water","title":{"rendered":"Download: Digitales Designpapier &#8220;Sparkling Water&#8221;"},"content":{"rendered":"","protected":false},"excerpt":{"rendered":"<p>Downloadbares digitales Designpapier mit acht verschiedenen Papieren.<br \/>\nDigitalpapier zum selbst Ausdrucken. Es kann dann bei Ihren individuellen kreativen Projekten verwendet werden (z.B. Scrapbooking, Kartenherstellung, Verpackungen, Gestaltung von Explosionsboxen, etc.)<br \/>\nDieser Download enth\u00e4lt Dateien im Dateiformat .jpg (2000 x 2830 pix) und im Dateiformat .pdf in der Gr\u00f6\u00dfe A4 (21 x 29,7 cm).<br \/>\nDie Lizenz f\u00fcr dieses Digitalpapier umfasst den pers\u00f6nlichen Gebrauch und den Gebrauch f\u00fcr kleine Firmen (f\u00fcr den Verkauf von max. 400 Artikeln mit diesen Designs).<br \/>\nWenn Sie eine erweiterte Lizenz f\u00fcr diesen Artikel ben\u00f6tigen (f\u00fcr die Herstellung von mehr als 400 Artikeln), dann kontaktieren Sie uns bitte.<\/p>\n","protected":false},"featured_media":6802,"comment_status":"closed","ping_status":"closed","template":"","meta":{"om_disable_all_campaigns":false,"_monsterinsights_skip_tracking":false,"_monsterinsights_sitenote_active":false,"_monsterinsights_sitenote_note":"","_monsterinsights_sitenote_category":0},"product_cat":[555,263],"product_tag":[40,556,38,557,562,518,561],"class_list":{"0":"post-6803","1":"product","2":"type-product","3":"status-publish","4":"has-post-thumbnail","6":"product_cat-digitalpapier","7":"product_cat-downloadprodukte","8":"product_tag-designpapier","9":"product_tag-digitalpapier","10":"product_tag-download","11":"product_tag-druck","12":"product_tag-kartengestaltung","13":"product_tag-pdf","14":"product_tag-scrapbook","16":"first","17":"instock","18":"downloadable","19":"virtual","20":"purchasable","21":"product-type-simple"},"aioseo_notices":[],"jetpack_sharing_enabled":true,"_links":{"self":[{"href":"https:\/\/mediendesign-moser.at\/shop\/index.php?rest_route=\/wp\/v2\/product\/6803","targetHints":{"allow":["GET"]}}],"collection":[{"href":"https:\/\/mediendesign-moser.at\/shop\/index.php?rest_route=\/wp\/v2\/product"}],"about":[{"href":"https:\/\/mediendesign-moser.at\/shop\/index.php?rest_route=\/wp\/v2\/types\/product"}],"replies":[{"embeddable":true,"href":"https:\/\/mediendesign-moser.at\/shop\/index.php?rest_route=%2Fwp%2Fv2%2Fcomments&post=6803"}],"wp:featuredmedia":[{"embeddable":true,"href":"https:\/\/mediendesign-moser.at\/shop\/index.php?rest_route=\/wp\/v2\/media\/6802"}],"wp:attachment":[{"href":"https:\/\/mediendesign-moser.at\/shop\/index.php?rest_route=%2Fwp%2Fv2%2Fmedia&parent=6803"}],"wp:term":[{"taxonomy":"product_cat","embeddable":true,"href":"https:\/\/mediendesign-moser.at\/shop\/index.php?rest_route=%2Fwp%2Fv2%2Fproduct_cat&post=6803"},{"taxonomy":"product_tag","embeddable":true,"href":"https:\/\/mediendesign-moser.at\/shop\/index.php?rest_route=%2Fwp%2Fv2%2Fproduct_tag&post=6803"}],"curies":[{"name":"wp","href":"https:\/\/api.w.org\/{rel}","templated":true}]}}