{"id":6611,"date":"2020-08-20T14:59:26","date_gmt":"2020-08-20T12:59:26","guid":{"rendered":"https:\/\/mediendesign-moser.at\/shop\/?post_type=product&#038;p=6611"},"modified":"2020-08-20T15:18:23","modified_gmt":"2020-08-20T13:18:23","slug":"download-schneide-datei-fuer-motivetiketten-rose","status":"publish","type":"product","link":"https:\/\/mediendesign-moser.at\/shop\/?product=download-schneide-datei-fuer-motivetiketten-rose","title":{"rendered":"#02 #00 &#8211; Download: Schneide Datei f\u00fcr Motivetiketten Rose"},"content":{"rendered":"","protected":false},"excerpt":{"rendered":"<p>Mit dieser Datei k\u00f6nnen Motiv Etiketten mit Rose hergestellt werden.<br \/>\nDiese Datei ist die \u00dcbungsdatei zu unserem<br \/>\n<strong><span style=\"color: #ff0000;\">Anleitungsvideo #02 Basis\u00fcbung #00<\/span><\/strong><\/p>\n<p>Unsere \u00dcbungsvideos <a href=\"https:\/\/mediendesign-moser.at\/shop\/?page_id=6903\" target=\"_blank\" rel=\"noopener\">Verwendung Brother Ger\u00e4te f\u00fcr Anf\u00e4nger finden Sie hier<\/a>.<\/p>\n<p>Entsprechende Anf\u00e4ngervideos f\u00fcr Silhouette und Cricut Ger\u00e4te werden von uns noch produziert werden und folgen bis zum Jahresende.<\/p>\n<p>Beachten Sie unsere \u00a0<a href=\"https:\/\/mediendesign-moser.at\/shop\/?page_id=758\" target=\"_blank\" rel=\"noopener\">Lizenzbedingungen<\/a>\u00a0f\u00fcr downloadbare Produkte.<\/p>\n","protected":false},"featured_media":6644,"comment_status":"closed","ping_status":"closed","template":"","meta":{"om_disable_all_campaigns":false,"_monsterinsights_skip_tracking":false,"_monsterinsights_sitenote_active":false,"_monsterinsights_sitenote_note":"","_monsterinsights_sitenote_category":0},"product_cat":[513,1145,1146,263],"product_tag":[1147,38,1120,1115,338,1143,153,504,142,1148,517],"class_list":{"0":"post-6611","1":"product","2":"type-product","3":"status-publish","4":"has-post-thumbnail","6":"product_cat-schneidplotter-svg-und-pdf","7":"product_cat-anleitungsvideos-uebungsdateien","8":"product_cat-etiketten-und-verzierungen","9":"product_cat-downloadprodukte","10":"product_tag-anleitungsvideo","11":"product_tag-download","12":"product_tag-dxf","13":"product_tag-etikett","14":"product_tag-etiketten","15":"product_tag-lehrvideo","16":"product_tag-rose","17":"product_tag-schneidplotter","18":"product_tag-schneidplotter-datei","19":"product_tag-schulungsvideo","20":"product_tag-svg","22":"first","23":"instock","24":"downloadable","25":"virtual","26":"purchasable","27":"product-type-simple"},"aioseo_notices":[],"jetpack_sharing_enabled":true,"_links":{"self":[{"href":"https:\/\/mediendesign-moser.at\/shop\/index.php?rest_route=\/wp\/v2\/product\/6611","targetHints":{"allow":["GET"]}}],"collection":[{"href":"https:\/\/mediendesign-moser.at\/shop\/index.php?rest_route=\/wp\/v2\/product"}],"about":[{"href":"https:\/\/mediendesign-moser.at\/shop\/index.php?rest_route=\/wp\/v2\/types\/product"}],"replies":[{"embeddable":true,"href":"https:\/\/mediendesign-moser.at\/shop\/index.php?rest_route=%2Fwp%2Fv2%2Fcomments&post=6611"}],"wp:featuredmedia":[{"embeddable":true,"href":"https:\/\/mediendesign-moser.at\/shop\/index.php?rest_route=\/wp\/v2\/media\/6644"}],"wp:attachment":[{"href":"https:\/\/mediendesign-moser.at\/shop\/index.php?rest_route=%2Fwp%2Fv2%2Fmedia&parent=6611"}],"wp:term":[{"taxonomy":"product_cat","embeddable":true,"href":"https:\/\/mediendesign-moser.at\/shop\/index.php?rest_route=%2Fwp%2Fv2%2Fproduct_cat&post=6611"},{"taxonomy":"product_tag","embeddable":true,"href":"https:\/\/mediendesign-moser.at\/shop\/index.php?rest_route=%2Fwp%2Fv2%2Fproduct_tag&post=6611"}],"curies":[{"name":"wp","href":"https:\/\/api.w.org\/{rel}","templated":true}]}}