{"id":661,"date":"2017-06-14T21:02:59","date_gmt":"2017-06-14T19:02:59","guid":{"rendered":"http:\/\/mediendesign-moser.at\/shop\/?product=download-schneidplotter-datei-fuer-fotoapparat"},"modified":"2024-02-05T14:22:12","modified_gmt":"2024-02-05T13:22:12","slug":"download-schneidplotter-datei-fuer-fotoapparat","status":"publish","type":"product","link":"https:\/\/mediendesign-moser.at\/shop\/?product=download-schneidplotter-datei-fuer-fotoapparat","title":{"rendered":"Download: Schneidplotter-Datei f\u00fcr Fotoapparat"},"content":{"rendered":"","protected":false},"excerpt":{"rendered":"<p>Schneide Dateien Set (.svg, .dxf) f\u00fcr den Zuschnitt f\u00fcr den am Foto ersichtlichen Fotoapparat.<\/p>\n<p>Mit diesem Download k\u00f6nnen die Papierteile den Fotoapparat geschnitten werden.<\/p>\n<p>Gr\u00f6\u00dfe des Fotoapparates (wenn die Dateien vor dem Plotten nicht skaliert werden): Ca. 6 x 4 cm; Tiefe (Dicke) ca. 2,7 cm.<\/p>\n<p>Im Download sind enthalten:<\/p>\n<ul>\n<li>SVG-Dateien f\u00fcr die Verwendung mit folgenden Schneideger\u00e4ten:<br \/>\nCricut, Brother ScanNCut, Silhouette Ger\u00e4te<\/li>\n<li>DXF-Dateien<\/li>\n<li>Bastelbogen zum Ausdrucken f\u00fcr manuellen Zuschnitt \u2013 Achtung: fixe Gr\u00f6\u00dfe \u2013 Gr\u00f6\u00dfe nur \u00fcber deine Druckereinstellungen bzw. Druckerm\u00f6glichkeiten \u00e4nderbar!<\/li>\n<\/ul>\n<p>Dieses Projekt wurde mit folgenden Schneideger\u00e4ten getestet:<br \/>\nSilhouette Cameo, Cricut Maker, Brother ScanNCut.<br \/>\nInfos und Anleitungen zur Verwendung mit den jeweiligen Ger\u00e4ten <a href=\"https:\/\/mediendesign-moser.at\/shop\/?page_id=6409\" target=\"_blank\" rel=\"noopener\">findest du hier<\/a>.<\/p>\n<p>Beachte bitte unsere \u00a0<a href=\"https:\/\/mediendesign-moser.at\/shop\/?page_id=758\" target=\"_blank\" rel=\"noopener\">Lizenzbedingungen<\/a>\u00a0f\u00fcr downloadbare Produkte.<\/p>\n<p><a href=\"https:\/\/mediendesign-moser.at\/shop\/wp-content\/uploads\/2024\/02\/DL-SPHB215-photocamera.jpg\"><img loading=\"lazy\" decoding=\"async\" class=\"alignnone size-full wp-image-23033\" src=\"https:\/\/mediendesign-moser.at\/shop\/wp-content\/uploads\/2024\/02\/DL-SPHB215-photocamera.jpg\" alt=\"\" width=\"1280\" height=\"6600\" srcset=\"https:\/\/mediendesign-moser.at\/shop\/wp-content\/uploads\/2024\/02\/DL-SPHB215-photocamera.jpg 1280w, https:\/\/mediendesign-moser.at\/shop\/wp-content\/uploads\/2024\/02\/DL-SPHB215-photocamera-58x300.jpg 58w, https:\/\/mediendesign-moser.at\/shop\/wp-content\/uploads\/2024\/02\/DL-SPHB215-photocamera-768x3960.jpg 768w, https:\/\/mediendesign-moser.at\/shop\/wp-content\/uploads\/2024\/02\/DL-SPHB215-photocamera-600x3094.jpg 600w\" sizes=\"auto, (max-width: 1280px) 100vw, 1280px\" \/><\/a><\/p>\n","protected":false},"featured_media":23032,"comment_status":"open","ping_status":"closed","template":"","meta":{"om_disable_all_campaigns":false,"_monsterinsights_skip_tracking":false,"_monsterinsights_sitenote_active":false,"_monsterinsights_sitenote_note":"","_monsterinsights_sitenote_category":0},"product_cat":[1124,513,861,851,263],"product_tag":[38,210,203,212,211,142],"class_list":{"0":"post-661","1":"product","2":"type-product","3":"status-publish","4":"has-post-thumbnail","6":"product_cat-bastelboegen","7":"product_cat-schneidplotter-svg-und-pdf","8":"product_cat-hobby-und-beruf","9":"product_cat-urlaub","10":"product_cat-downloadprodukte","11":"product_tag-download","12":"product_tag-fotoapparat","13":"product_tag-fotografie","14":"product_tag-fotogutschein","15":"product_tag-kamera","16":"product_tag-schneidplotter-datei","18":"first","19":"instock","20":"downloadable","21":"virtual","22":"purchasable","23":"product-type-simple"},"aioseo_notices":[],"jetpack_sharing_enabled":true,"_links":{"self":[{"href":"https:\/\/mediendesign-moser.at\/shop\/index.php?rest_route=\/wp\/v2\/product\/661","targetHints":{"allow":["GET"]}}],"collection":[{"href":"https:\/\/mediendesign-moser.at\/shop\/index.php?rest_route=\/wp\/v2\/product"}],"about":[{"href":"https:\/\/mediendesign-moser.at\/shop\/index.php?rest_route=\/wp\/v2\/types\/product"}],"replies":[{"embeddable":true,"href":"https:\/\/mediendesign-moser.at\/shop\/index.php?rest_route=%2Fwp%2Fv2%2Fcomments&post=661"}],"wp:featuredmedia":[{"embeddable":true,"href":"https:\/\/mediendesign-moser.at\/shop\/index.php?rest_route=\/wp\/v2\/media\/23032"}],"wp:attachment":[{"href":"https:\/\/mediendesign-moser.at\/shop\/index.php?rest_route=%2Fwp%2Fv2%2Fmedia&parent=661"}],"wp:term":[{"taxonomy":"product_cat","embeddable":true,"href":"https:\/\/mediendesign-moser.at\/shop\/index.php?rest_route=%2Fwp%2Fv2%2Fproduct_cat&post=661"},{"taxonomy":"product_tag","embeddable":true,"href":"https:\/\/mediendesign-moser.at\/shop\/index.php?rest_route=%2Fwp%2Fv2%2Fproduct_tag&post=661"}],"curies":[{"name":"wp","href":"https:\/\/api.w.org\/{rel}","templated":true}]}}