{"id":6368,"date":"2020-06-30T19:23:11","date_gmt":"2020-06-30T17:23:11","guid":{"rendered":"https:\/\/mediendesign-moser.at\/shop\/?post_type=product&#038;p=6368"},"modified":"2023-10-10T13:27:33","modified_gmt":"2023-10-10T11:27:33","slug":"download-schneide-dateien-jaegerstand","status":"publish","type":"product","link":"https:\/\/mediendesign-moser.at\/shop\/?product=download-schneide-dateien-jaegerstand","title":{"rendered":"Download: Schneide Dateien J\u00e4gerstand"},"content":{"rendered":"","protected":false},"excerpt":{"rendered":"<p>Schneidedateien f\u00fcr den Zuschnitt eines J\u00e4gerstandes bzw. Hochstandes.<br \/>\nMit diesen Dateien k\u00f6nnen die Papier-Einzelteile f\u00fcr Hochstand, Bodenfl\u00e4che und B\u00e4ume zugeschnitten werden.<\/p>\n<p>Im Download sind enthalten:<\/p>\n<ul>\n<li>SVG-Dateien f\u00fcr die Verwendung mit folgenden Schneideger\u00e4ten:<br \/>\nCricut, Brother ScanNCut, oder Silhouette-Ger\u00e4te (Silhouette Studio ab Designer-Edition erforderlich)<\/li>\n<li>DXF-Dateien f\u00fcr Silhouette-Ger\u00e4te (Silhouette Studio Basic Edition ist ausreichend)<\/li>\n<li>Bastelbogen f\u00fcr manuellen Zuschnitt &#8211; 1x Bastelbogen leer (kann auf farbiges Papier gedruckt werden), 1x Bastelbogen farbig gemustert (wei\u00dfes Papier 200g\/m2 ausreichend)<\/li>\n<li>Anleitung, wie diese Datei mit den jeweiligen Ger\u00e4ten (Silhouette, Brother, Cricut) zu verwenden ist.<\/li>\n<\/ul>\n<p>Dieses Projekt wurde mit folgenden Schneideger\u00e4ten getestet:<br \/>\nSilhouette Cameo, Cricut Maker, Brother ScanNCut<\/p>\n<p>Es gelten unsere\u00a0<a href=\"https:\/\/mediendesign-moser.at\/shop\/?page_id=758\" target=\"_blank\" rel=\"noopener\">Lizenzbedingungen<\/a>\u00a0f\u00fcr downloadbare Produkte.<a href=\"https:\/\/mediendesign-moser.at\/shop\/wp-content\/uploads\/2020\/06\/photocompilation-hunters-booth.jpg\"><img loading=\"lazy\" decoding=\"async\" class=\"alignnone size-full wp-image-6364\" src=\"https:\/\/mediendesign-moser.at\/shop\/wp-content\/uploads\/2020\/06\/photocompilation-hunters-booth.jpg\" alt=\"\" width=\"620\" height=\"3366\" srcset=\"https:\/\/mediendesign-moser.at\/shop\/wp-content\/uploads\/2020\/06\/photocompilation-hunters-booth.jpg 620w, https:\/\/mediendesign-moser.at\/shop\/wp-content\/uploads\/2020\/06\/photocompilation-hunters-booth-55x300.jpg 55w, https:\/\/mediendesign-moser.at\/shop\/wp-content\/uploads\/2020\/06\/photocompilation-hunters-booth-600x3257.jpg 600w\" sizes=\"auto, (max-width: 620px) 100vw, 620px\" \/><\/a><\/p>\n","protected":false},"featured_media":6365,"comment_status":"open","ping_status":"closed","template":"","meta":{"om_disable_all_campaigns":false,"_monsterinsights_skip_tracking":false,"_monsterinsights_sitenote_active":false,"_monsterinsights_sitenote_note":"","_monsterinsights_sitenote_category":0},"product_cat":[1124,513,861,263],"product_tag":[1129,542,38,1120,1132,1133,354,1131,319,1130,518,541,504,142,517],"class_list":{"0":"post-6368","1":"product","2":"type-product","3":"status-publish","4":"has-post-thumbnail","6":"product_cat-bastelboegen","7":"product_cat-schneidplotter-svg-und-pdf","8":"product_cat-hobby-und-beruf","9":"product_cat-downloadprodukte","10":"product_tag-bastelbogen","11":"product_tag-brother","12":"product_tag-download","13":"product_tag-dxf","14":"product_tag-hobby","15":"product_tag-hunters-booth","16":"product_tag-jagd","17":"product_tag-jagdstand","18":"product_tag-jaeger","19":"product_tag-jaegerstand","20":"product_tag-pdf","21":"product_tag-scanncut","22":"product_tag-schneidplotter","23":"product_tag-schneidplotter-datei","24":"product_tag-svg","26":"first","27":"instock","28":"downloadable","29":"virtual","30":"purchasable","31":"product-type-simple"},"aioseo_notices":[],"jetpack_sharing_enabled":true,"_links":{"self":[{"href":"https:\/\/mediendesign-moser.at\/shop\/index.php?rest_route=\/wp\/v2\/product\/6368","targetHints":{"allow":["GET"]}}],"collection":[{"href":"https:\/\/mediendesign-moser.at\/shop\/index.php?rest_route=\/wp\/v2\/product"}],"about":[{"href":"https:\/\/mediendesign-moser.at\/shop\/index.php?rest_route=\/wp\/v2\/types\/product"}],"replies":[{"embeddable":true,"href":"https:\/\/mediendesign-moser.at\/shop\/index.php?rest_route=%2Fwp%2Fv2%2Fcomments&post=6368"}],"wp:featuredmedia":[{"embeddable":true,"href":"https:\/\/mediendesign-moser.at\/shop\/index.php?rest_route=\/wp\/v2\/media\/6365"}],"wp:attachment":[{"href":"https:\/\/mediendesign-moser.at\/shop\/index.php?rest_route=%2Fwp%2Fv2%2Fmedia&parent=6368"}],"wp:term":[{"taxonomy":"product_cat","embeddable":true,"href":"https:\/\/mediendesign-moser.at\/shop\/index.php?rest_route=%2Fwp%2Fv2%2Fproduct_cat&post=6368"},{"taxonomy":"product_tag","embeddable":true,"href":"https:\/\/mediendesign-moser.at\/shop\/index.php?rest_route=%2Fwp%2Fv2%2Fproduct_tag&post=6368"}],"curies":[{"name":"wp","href":"https:\/\/api.w.org\/{rel}","templated":true}]}}