{"id":6305,"date":"2020-06-25T07:30:13","date_gmt":"2020-06-25T05:30:13","guid":{"rendered":"https:\/\/mediendesign-moser.at\/shop\/?post_type=product&#038;p=6305"},"modified":"2023-01-03T15:47:50","modified_gmt":"2023-01-03T14:47:50","slug":"download-schneide-dateien-wohnzimmergarnitur","status":"publish","type":"product","link":"https:\/\/mediendesign-moser.at\/shop\/?product=download-schneide-dateien-wohnzimmergarnitur","title":{"rendered":"Download: Schneide Dateien Wohnzimmergarnitur"},"content":{"rendered":"","protected":false},"excerpt":{"rendered":"<p>Schneidedateien f\u00fcr den Zuschnitt einer Wohnzimmergarnitur.<br \/>\nMit diesen Dateien k\u00f6nnen die Papier-Einzelteile f\u00fcr Wohnzimmer Miniatur-M\u00f6bel zugeschnitten werden.<\/p>\n<p>Im Download sind enthalten:<\/p>\n<ul>\n<li>Designpapier mit Rosenmuster zum selbst Ausdrucken (Dateiformate pdf und jpg)<\/li>\n<li>SVG-Dateien f\u00fcr die Verwendung mit folgenden Schneideger\u00e4ten:<br \/>\nCricut, Brother ScanNCut, oder Silhouette-Ger\u00e4te (Silhouette Studio ab Designer-Edition erforderlich)<\/li>\n<li>DXF-Dateien f\u00fcr Silhouette-Ger\u00e4te (Silhouette Studio Basic Edition ist ausreichend)<\/li>\n<li>Bastelbogen f\u00fcr manuellen Zuschnitt &#8211; 1x Bastelbogen leer (kann auf farbiges Papier gedruckt werden), 1x Bastelbogen farbig gemustert (wei\u00dfes Papier 200g\/m2 ausreichend)<\/li>\n<li>Anleitung, wie diese Datei mit den jeweiligen Ger\u00e4ten (Silhouette, Brother, Cricut) zu verwenden ist.<\/li>\n<\/ul>\n<p>Folgende Miniatur M\u00f6bel k\u00f6nnen mit diesem Dateien-Set zugeschnitten werden:<\/p>\n<ul>\n<li>Eck Couch<\/li>\n<li>Standard Couch<\/li>\n<li>Doppel Couch<\/li>\n<li>Sessel<\/li>\n<li>Ovaler Tisch<\/li>\n<li>Rechteckiger Tisch<\/li>\n<li>Kleiner quadratischer Tisch<\/li>\n<\/ul>\n<p>Dieses Projekt wurde mit folgenden Schneideger\u00e4ten ausgiebig getestet:<br \/>\nSilhouette Cameo, Cricut Maker, Brother ScanNCut<\/p>\n<p>Es gelten unsere\u00a0<a href=\"https:\/\/mediendesign-moser.at\/shop\/?page_id=758\" target=\"_blank\" rel=\"noopener\">Lizenzbedingungen<\/a>\u00a0f\u00fcr downloadbare Produkte.<a href=\"https:\/\/mediendesign-moser.at\/shop\/wp-content\/uploads\/2020\/06\/photocompilation-living-room-set.jpg\"><img loading=\"lazy\" decoding=\"async\" class=\"alignnone wp-image-6302 size-full\" src=\"https:\/\/mediendesign-moser.at\/shop\/wp-content\/uploads\/2020\/06\/photocompilation-living-room-set.jpg\" alt=\"\" width=\"620\" height=\"3778\" srcset=\"https:\/\/mediendesign-moser.at\/shop\/wp-content\/uploads\/2020\/06\/photocompilation-living-room-set.jpg 620w, https:\/\/mediendesign-moser.at\/shop\/wp-content\/uploads\/2020\/06\/photocompilation-living-room-set-49x300.jpg 49w, https:\/\/mediendesign-moser.at\/shop\/wp-content\/uploads\/2020\/06\/photocompilation-living-room-set-168x1024.jpg 168w, https:\/\/mediendesign-moser.at\/shop\/wp-content\/uploads\/2020\/06\/photocompilation-living-room-set-600x3656.jpg 600w\" sizes=\"auto, (max-width: 620px) 100vw, 620px\" \/><\/a><\/p>\n","protected":false},"featured_media":6304,"comment_status":"closed","ping_status":"closed","template":"","meta":{"om_disable_all_campaigns":false,"_monsterinsights_skip_tracking":false,"_monsterinsights_sitenote_active":false,"_monsterinsights_sitenote_note":"","_monsterinsights_sitenote_category":0},"product_cat":[1124,513,807,263],"product_tag":[1129,542,1126,38,1120,895,1165,712,518,896,1163,541,504,142,1164,1127,517,1128,1125],"class_list":{"0":"post-6305","1":"product","2":"type-product","3":"status-publish","4":"has-post-thumbnail","6":"product_cat-bastelboegen","7":"product_cat-schneidplotter-svg-und-pdf","8":"product_cat-moebel-u-einrichtung-schneidplotter-svg-und-pdf","9":"product_cat-downloadprodukte","10":"product_tag-bastelbogen","11":"product_tag-brother","12":"product_tag-couch","13":"product_tag-download","14":"product_tag-dxf","15":"product_tag-einrichtung","16":"product_tag-ensemble-de-salon","17":"product_tag-garnitur","18":"product_tag-pdf","19":"product_tag-puppenhaus","20":"product_tag-sala-de-estar","21":"product_tag-scanncut","22":"product_tag-schneidplotter","23":"product_tag-schneidplotter-datei","24":"product_tag-set-soggiorno","25":"product_tag-sofa","26":"product_tag-svg","27":"product_tag-wohnzimmereinrichtung","28":"product_tag-wohnzimmergarnitur","30":"first","31":"instock","32":"downloadable","33":"virtual","34":"purchasable","35":"product-type-simple"},"aioseo_notices":[],"jetpack_sharing_enabled":true,"_links":{"self":[{"href":"https:\/\/mediendesign-moser.at\/shop\/index.php?rest_route=\/wp\/v2\/product\/6305","targetHints":{"allow":["GET"]}}],"collection":[{"href":"https:\/\/mediendesign-moser.at\/shop\/index.php?rest_route=\/wp\/v2\/product"}],"about":[{"href":"https:\/\/mediendesign-moser.at\/shop\/index.php?rest_route=\/wp\/v2\/types\/product"}],"replies":[{"embeddable":true,"href":"https:\/\/mediendesign-moser.at\/shop\/index.php?rest_route=%2Fwp%2Fv2%2Fcomments&post=6305"}],"wp:featuredmedia":[{"embeddable":true,"href":"https:\/\/mediendesign-moser.at\/shop\/index.php?rest_route=\/wp\/v2\/media\/6304"}],"wp:attachment":[{"href":"https:\/\/mediendesign-moser.at\/shop\/index.php?rest_route=%2Fwp%2Fv2%2Fmedia&parent=6305"}],"wp:term":[{"taxonomy":"product_cat","embeddable":true,"href":"https:\/\/mediendesign-moser.at\/shop\/index.php?rest_route=%2Fwp%2Fv2%2Fproduct_cat&post=6305"},{"taxonomy":"product_tag","embeddable":true,"href":"https:\/\/mediendesign-moser.at\/shop\/index.php?rest_route=%2Fwp%2Fv2%2Fproduct_tag&post=6305"}],"curies":[{"name":"wp","href":"https:\/\/api.w.org\/{rel}","templated":true}]}}