{"id":5764,"date":"2020-05-06T20:43:29","date_gmt":"2020-05-06T18:43:29","guid":{"rendered":"https:\/\/mediendesign-moser.at\/shop\/?post_type=product&#038;p=5764"},"modified":"2022-07-08T11:34:04","modified_gmt":"2022-07-08T09:34:04","slug":"download-schneide-datei-fuer-haus-und-baustelle-mit-haus","status":"publish","type":"product","link":"https:\/\/mediendesign-moser.at\/shop\/?product=download-schneide-datei-fuer-haus-und-baustelle-mit-haus","title":{"rendered":"Download: Schneide Datei f\u00fcr Haus und Baustelle mit Haus"},"content":{"rendered":"","protected":false},"excerpt":{"rendered":"<p>Schneide Datei (.svg, .dxf) f\u00fcr den Zuschnitt eines Hauses.<\/p>\n<p>Es sind 3 Varianten des Hauses enthalten und zwar:<\/p>\n<ul>\n<li>Haus in Standardgr\u00f6\u00dfe &#8211; L\u00e4nge x Breite ca. 7 x 5 cm, H\u00f6he ca 7,5 cm (passend in eine Explosionsbox mit 4&#8243; Seitenkantenl\u00e4nge)<\/li>\n<li>Haus in Standardgr\u00f6\u00dfe als Baustellen-Variante (mit Ger\u00fcst und Bretterstapel)<\/li>\n<li>Haus in kleinerer Gr\u00f6\u00dfe &#8211; L\u00e4nge x Breite ca. 5,3 x 3,8 cm, H\u00f6he ca. 5 cm<\/li>\n<\/ul>\n<p>Das Dach beim Standardgr\u00f6\u00dfen-Haus kann mit Magneten befestigt werden, sodass das Dach des fertigen Hauses abgenommen werden kann. Au\u00dferdem ist eine 2. Variante des Daches mit einem Kamin enthalten. In diesen Kamin kann z.B. ein zusammengerollter Geldschein hineingeschoben werden.<\/p>\n<p>Im Download sind enthalten:<\/p>\n<ul>\n<li>SVG-Dateien f\u00fcr die Verwendung mit folgenden Schneideger\u00e4ten:<br \/>\nCricut, Brother ScanNCut, oder Silhouette-Ger\u00e4te<\/li>\n<li>DXF-Dateien<\/li>\n<li>Bastelbogen zum Ausdrucken f\u00fcr manuellen Zuschnitt.<\/li>\n<\/ul>\n<p>Dieses Projekt wurde mit folgenden Schneideger\u00e4ten getestet:<br \/>\nSilhouette Cameo, Cricut Maker, Brother ScanNCut.<br \/>\nInfos und Anleitungen zur Verwendung mit den jeweiligen Ger\u00e4ten <a href=\"https:\/\/mediendesign-moser.at\/shop\/?page_id=6409\" target=\"_blank\" rel=\"noopener\">finden Sie hier<\/a>.<\/p>\n<p>Beachten Sie unsere \u00a0<a href=\"https:\/\/mediendesign-moser.at\/shop\/?page_id=758\" target=\"_blank\" rel=\"noopener\">Lizenzbedingungen<\/a>\u00a0f\u00fcr downloadbare Produkte.<a href=\"https:\/\/mediendesign-moser.at\/shop\/wp-content\/uploads\/2020\/05\/photo-compilation-house-1.jpg\"><img loading=\"lazy\" decoding=\"async\" class=\"alignnone size-full wp-image-5763\" src=\"https:\/\/mediendesign-moser.at\/shop\/wp-content\/uploads\/2020\/05\/photo-compilation-house-1.jpg\" alt=\"\" width=\"620\" height=\"3003\" srcset=\"https:\/\/mediendesign-moser.at\/shop\/wp-content\/uploads\/2020\/05\/photo-compilation-house-1.jpg 620w, https:\/\/mediendesign-moser.at\/shop\/wp-content\/uploads\/2020\/05\/photo-compilation-house-1-62x300.jpg 62w, https:\/\/mediendesign-moser.at\/shop\/wp-content\/uploads\/2020\/05\/photo-compilation-house-1-600x2906.jpg 600w\" sizes=\"auto, (max-width: 620px) 100vw, 620px\" \/><\/a><\/p>\n","protected":false},"featured_media":5749,"comment_status":"closed","ping_status":"closed","template":"","meta":{"om_disable_all_campaigns":false,"_monsterinsights_skip_tracking":false,"_monsterinsights_sitenote_active":false,"_monsterinsights_sitenote_note":"","_monsterinsights_sitenote_category":0},"product_cat":[513,796,263],"product_tag":[1080,38,1120,114,1079,1081,501,503,518,504,142,517],"class_list":{"0":"post-5764","1":"product","2":"type-product","3":"status-publish","4":"has-post-thumbnail","6":"product_cat-schneidplotter-svg-und-pdf","7":"product_cat-gebaeude-schneidplotter-svg-und-pdf","8":"product_cat-downloadprodukte","9":"product_tag-baustelle","10":"product_tag-download","11":"product_tag-dxf","12":"product_tag-haus","13":"product_tag-house","14":"product_tag-house-under-construction","15":"product_tag-modell","16":"product_tag-papiermodell","17":"product_tag-pdf","18":"product_tag-schneidplotter","19":"product_tag-schneidplotter-datei","20":"product_tag-svg","22":"first","23":"instock","24":"downloadable","25":"virtual","26":"purchasable","27":"product-type-simple"},"aioseo_notices":[],"jetpack_sharing_enabled":true,"_links":{"self":[{"href":"https:\/\/mediendesign-moser.at\/shop\/index.php?rest_route=\/wp\/v2\/product\/5764","targetHints":{"allow":["GET"]}}],"collection":[{"href":"https:\/\/mediendesign-moser.at\/shop\/index.php?rest_route=\/wp\/v2\/product"}],"about":[{"href":"https:\/\/mediendesign-moser.at\/shop\/index.php?rest_route=\/wp\/v2\/types\/product"}],"replies":[{"embeddable":true,"href":"https:\/\/mediendesign-moser.at\/shop\/index.php?rest_route=%2Fwp%2Fv2%2Fcomments&post=5764"}],"wp:featuredmedia":[{"embeddable":true,"href":"https:\/\/mediendesign-moser.at\/shop\/index.php?rest_route=\/wp\/v2\/media\/5749"}],"wp:attachment":[{"href":"https:\/\/mediendesign-moser.at\/shop\/index.php?rest_route=%2Fwp%2Fv2%2Fmedia&parent=5764"}],"wp:term":[{"taxonomy":"product_cat","embeddable":true,"href":"https:\/\/mediendesign-moser.at\/shop\/index.php?rest_route=%2Fwp%2Fv2%2Fproduct_cat&post=5764"},{"taxonomy":"product_tag","embeddable":true,"href":"https:\/\/mediendesign-moser.at\/shop\/index.php?rest_route=%2Fwp%2Fv2%2Fproduct_tag&post=5764"}],"curies":[{"name":"wp","href":"https:\/\/api.w.org\/{rel}","templated":true}]}}