{"id":5693,"date":"2020-05-04T00:05:56","date_gmt":"2020-05-03T22:05:56","guid":{"rendered":"https:\/\/mediendesign-moser.at\/shop\/?post_type=product&#038;p=5693"},"modified":"2023-01-03T15:46:50","modified_gmt":"2023-01-03T14:46:50","slug":"download-schneide-datei-fuer-zuendholzschachteln","status":"publish","type":"product","link":"https:\/\/mediendesign-moser.at\/shop\/?product=download-schneide-datei-fuer-zuendholzschachteln","title":{"rendered":"Download: Schneide Datei \/ Bastelbogen f\u00fcr Z\u00fcndholzschachteln"},"content":{"rendered":"","protected":false},"excerpt":{"rendered":"<p>Schneide Datei (.svg, .dxf) f\u00fcr den Zuschnitt von gro\u00dfen Z\u00fcndholzschachteln.<br \/>\nSchachtelgr\u00f6\u00dfe: 9 cm x 6 cm x 2,5 cm<br \/>\nMit dieser Datei k\u00f6nnen die Papierteile f\u00fcr die Herstellung von gro\u00dfen Z\u00fcndholzschachteln geschnitten werden.<\/p>\n<p>Im Download sind enthalten:<\/p>\n<ul>\n<li>SVG-Dateien f\u00fcr die Verwendung mit folgenden Schneideger\u00e4ten:<br \/>\nCricut, Pazzles, Brother ScanNCut, oder Silhouette-Ger\u00e4te (Silhouette Studio ab Designer-Edition erforderlich)<\/li>\n<li>DXF-Dateien<\/li>\n<li>Bastelbogen-PDF zum Ausdrucken<\/li>\n<\/ul>\n<p>Dieses Projekt wurde mit folgenden Schneideger\u00e4ten getestet:<br \/>\nSilhouette Cameo, Cricut Maker, Brother ScanNCut.<br \/>\nInfos und Anleitungen zur Verwendung mit den jeweiligen Ger\u00e4ten <a href=\"https:\/\/mediendesign-moser.at\/shop\/?page_id=6409\" target=\"_blank\" rel=\"noopener\">finden Sie hier<\/a>.<\/p>\n<p>Beachten Sie unsere \u00a0<a href=\"https:\/\/mediendesign-moser.at\/shop\/?page_id=758\" target=\"_blank\" rel=\"noopener\">Lizenzbedingungen<\/a>\u00a0f\u00fcr downloadbare Produkte.<\/p>\n<p><a href=\"https:\/\/mediendesign-moser.at\/shop\/wp-content\/uploads\/2020\/05\/photocompilation-matchboxes.jpg\"><img loading=\"lazy\" decoding=\"async\" class=\"alignnone size-full wp-image-5692\" src=\"https:\/\/mediendesign-moser.at\/shop\/wp-content\/uploads\/2020\/05\/photocompilation-matchboxes.jpg\" alt=\"\" width=\"640\" height=\"1475\" srcset=\"https:\/\/mediendesign-moser.at\/shop\/wp-content\/uploads\/2020\/05\/photocompilation-matchboxes.jpg 640w, https:\/\/mediendesign-moser.at\/shop\/wp-content\/uploads\/2020\/05\/photocompilation-matchboxes-130x300.jpg 130w, https:\/\/mediendesign-moser.at\/shop\/wp-content\/uploads\/2020\/05\/photocompilation-matchboxes-444x1024.jpg 444w, https:\/\/mediendesign-moser.at\/shop\/wp-content\/uploads\/2020\/05\/photocompilation-matchboxes-600x1383.jpg 600w\" sizes=\"auto, (max-width: 640px) 100vw, 640px\" \/><\/a><\/p>\n","protected":false},"featured_media":5695,"comment_status":"closed","ping_status":"closed","template":"","meta":{"om_disable_all_campaigns":false,"_monsterinsights_skip_tracking":false,"_monsterinsights_sitenote_active":false,"_monsterinsights_sitenote_note":"","_monsterinsights_sitenote_category":0},"product_cat":[1124,513,799,263],"product_tag":[38,1120,64,1077,1078,518,504,142,517,353,1076],"class_list":{"0":"post-5693","1":"product","2":"type-product","3":"status-publish","4":"has-post-thumbnail","6":"product_cat-bastelboegen","7":"product_cat-schneidplotter-svg-und-pdf","8":"product_cat-verpackungen-schneidplotter-svg-und-pdf","9":"product_cat-downloadprodukte","10":"product_tag-download","11":"product_tag-dxf","12":"product_tag-geburtstag","13":"product_tag-matchbox","14":"product_tag-matchboxes","15":"product_tag-pdf","16":"product_tag-schneidplotter","17":"product_tag-schneidplotter-datei","18":"product_tag-svg","19":"product_tag-verpackung","20":"product_tag-zuendholzschachtel","22":"first","23":"instock","24":"downloadable","25":"virtual","26":"purchasable","27":"product-type-simple"},"aioseo_notices":[],"jetpack_sharing_enabled":true,"_links":{"self":[{"href":"https:\/\/mediendesign-moser.at\/shop\/index.php?rest_route=\/wp\/v2\/product\/5693","targetHints":{"allow":["GET"]}}],"collection":[{"href":"https:\/\/mediendesign-moser.at\/shop\/index.php?rest_route=\/wp\/v2\/product"}],"about":[{"href":"https:\/\/mediendesign-moser.at\/shop\/index.php?rest_route=\/wp\/v2\/types\/product"}],"replies":[{"embeddable":true,"href":"https:\/\/mediendesign-moser.at\/shop\/index.php?rest_route=%2Fwp%2Fv2%2Fcomments&post=5693"}],"wp:featuredmedia":[{"embeddable":true,"href":"https:\/\/mediendesign-moser.at\/shop\/index.php?rest_route=\/wp\/v2\/media\/5695"}],"wp:attachment":[{"href":"https:\/\/mediendesign-moser.at\/shop\/index.php?rest_route=%2Fwp%2Fv2%2Fmedia&parent=5693"}],"wp:term":[{"taxonomy":"product_cat","embeddable":true,"href":"https:\/\/mediendesign-moser.at\/shop\/index.php?rest_route=%2Fwp%2Fv2%2Fproduct_cat&post=5693"},{"taxonomy":"product_tag","embeddable":true,"href":"https:\/\/mediendesign-moser.at\/shop\/index.php?rest_route=%2Fwp%2Fv2%2Fproduct_tag&post=5693"}],"curies":[{"name":"wp","href":"https:\/\/api.w.org\/{rel}","templated":true}]}}