{"id":547,"date":"2016-11-14T11:53:47","date_gmt":"2016-11-14T10:53:47","guid":{"rendered":"http:\/\/mediendesign-moser.at\/shop\/?product=download-schneidplotter-datei-fuer-rettungsauto"},"modified":"2025-02-26T18:27:38","modified_gmt":"2025-02-26T17:27:38","slug":"download-schneidplotter-datei-fuer-rettungsauto","status":"publish","type":"product","link":"https:\/\/mediendesign-moser.at\/shop\/?product=download-schneidplotter-datei-fuer-rettungsauto","title":{"rendered":"Download: Schneide Datei \/ Bastelbogen f\u00fcr Transporter \/ Rettungswagen"},"content":{"rendered":"","protected":false},"excerpt":{"rendered":"<p>Mit diesem Dateien Download (SVG \/ DXF) k\u00f6nnen die Papier-Einzelteile f\u00fcr den auf dem Foto ersichtlichen Transporter bzw. Rettungswagen zugeschnitten werden. Die Datei enth\u00e4lt die Teile f\u00fcr Transporter, Mini-P\u00e4ckchen, Blaulicht, Rettungs-Beklebung, Trage.<\/p>\n<p>Voraussetzung: Vorhandensein eines Schneidplotters (Silhouette, Brother, Cricut oder Pazzles).<br \/>\nDer Transporter bzw. Rettungswagen passt in eine Explosionsbox mit 4&#8243; (=ca. 10 cm) Seitenkantenl\u00e4nge hinein.<\/p>\n<p>Es gelten unsere\u00a0<a href=\"https:\/\/mediendesign-moser.at\/shop\/?page_id=758\" target=\"_blank\" rel=\"noopener\">Lizenzbedingungen<\/a>\u00a0f\u00fcr downloadbare Produkte.<a href=\"https:\/\/mediendesign-moser.at\/shop\/wp-content\/uploads\/2021\/05\/DL-SPFZ150-van.jpg\"><img loading=\"lazy\" decoding=\"async\" class=\"alignnone size-full wp-image-10594\" src=\"https:\/\/mediendesign-moser.at\/shop\/wp-content\/uploads\/2021\/05\/DL-SPFZ150-van.jpg\" alt=\"\" width=\"620\" height=\"3526\" srcset=\"https:\/\/mediendesign-moser.at\/shop\/wp-content\/uploads\/2021\/05\/DL-SPFZ150-van.jpg 620w, https:\/\/mediendesign-moser.at\/shop\/wp-content\/uploads\/2021\/05\/DL-SPFZ150-van-53x300.jpg 53w, https:\/\/mediendesign-moser.at\/shop\/wp-content\/uploads\/2021\/05\/DL-SPFZ150-van-180x1024.jpg 180w, https:\/\/mediendesign-moser.at\/shop\/wp-content\/uploads\/2021\/05\/DL-SPFZ150-van-600x3412.jpg 600w\" sizes=\"auto, (max-width: 620px) 100vw, 620px\" \/><\/a><\/p>\n","protected":false},"featured_media":10593,"comment_status":"open","ping_status":"closed","template":"","meta":{"om_disable_all_campaigns":false,"_monsterinsights_skip_tracking":false,"_monsterinsights_sitenote_active":false,"_monsterinsights_sitenote_note":"","_monsterinsights_sitenote_category":0},"product_cat":[1124,513,795,263],"product_tag":[1693,542,159,1055,38,158,1644,518,157,984,142,143,517,1694],"class_list":{"0":"post-547","1":"product","2":"type-product","3":"status-publish","4":"has-post-thumbnail","6":"product_cat-bastelboegen","7":"product_cat-schneidplotter-svg-und-pdf","8":"product_cat-fahrzeuge-schneidplotter-svg-und-pdf","9":"product_cat-downloadprodukte","10":"product_tag-ambulance","11":"product_tag-brother","12":"product_tag-bus","13":"product_tag-cricut","14":"product_tag-download","15":"product_tag-kleinbus","16":"product_tag-pazzles","17":"product_tag-pdf","18":"product_tag-rettungsauto","19":"product_tag-rettungswagen","20":"product_tag-schneidplotter-datei","21":"product_tag-silhouette","22":"product_tag-svg","23":"product_tag-van","25":"first","26":"instock","27":"downloadable","28":"virtual","29":"purchasable","30":"product-type-simple"},"aioseo_notices":[],"jetpack_sharing_enabled":true,"_links":{"self":[{"href":"https:\/\/mediendesign-moser.at\/shop\/index.php?rest_route=\/wp\/v2\/product\/547","targetHints":{"allow":["GET"]}}],"collection":[{"href":"https:\/\/mediendesign-moser.at\/shop\/index.php?rest_route=\/wp\/v2\/product"}],"about":[{"href":"https:\/\/mediendesign-moser.at\/shop\/index.php?rest_route=\/wp\/v2\/types\/product"}],"replies":[{"embeddable":true,"href":"https:\/\/mediendesign-moser.at\/shop\/index.php?rest_route=%2Fwp%2Fv2%2Fcomments&post=547"}],"wp:featuredmedia":[{"embeddable":true,"href":"https:\/\/mediendesign-moser.at\/shop\/index.php?rest_route=\/wp\/v2\/media\/10593"}],"wp:attachment":[{"href":"https:\/\/mediendesign-moser.at\/shop\/index.php?rest_route=%2Fwp%2Fv2%2Fmedia&parent=547"}],"wp:term":[{"taxonomy":"product_cat","embeddable":true,"href":"https:\/\/mediendesign-moser.at\/shop\/index.php?rest_route=%2Fwp%2Fv2%2Fproduct_cat&post=547"},{"taxonomy":"product_tag","embeddable":true,"href":"https:\/\/mediendesign-moser.at\/shop\/index.php?rest_route=%2Fwp%2Fv2%2Fproduct_tag&post=547"}],"curies":[{"name":"wp","href":"https:\/\/api.w.org\/{rel}","templated":true}]}}