{"id":5252,"date":"2020-02-20T14:22:26","date_gmt":"2020-02-20T13:22:26","guid":{"rendered":"https:\/\/mediendesign-moser.at\/shop\/?post_type=product&#038;p=5252"},"modified":"2023-01-03T15:45:31","modified_gmt":"2023-01-03T14:45:31","slug":"download-schneidplotter-dateien-einzelbett-und-schrank","status":"publish","type":"product","link":"https:\/\/mediendesign-moser.at\/shop\/?product=download-schneidplotter-dateien-einzelbett-und-schrank","title":{"rendered":"Download: Schneide Datei \/ Bastelbogen f\u00fcr Einzelbett und Schrank"},"content":{"rendered":"","protected":false},"excerpt":{"rendered":"<p>Schneide Datei (.svg, .dxf) sowie Bastelbogen zum selber Ausdrucken f\u00fcr den Zuschnitt eines Einzelbettes und Kleiderschrankes<\/p>\n<p>Diese M\u00f6bel passen in eine <a href=\"https:\/\/mediendesign-moser.at\/shop\/?product=download-schneide-datei-bastelbogen-explosionsbox-in-standardgroesse\" target=\"_blank\" rel=\"noopener\">Explosionsbox mit Standardgr\u00f6\u00dfe<\/a> (ca. 10 cm Seitenkantenl\u00e4nge) hinein.<\/p>\n<p>Mit diesem Download k\u00f6nnen die Papierteile f\u00fcr die Schlafzimmerm\u00f6bel geschnitten werden.<br \/>\nDie T\u00fcren des Schrankes lassen sich \u00f6ffnen und schlie\u00dfen &#8211; als Verschlu\u00df wird die Verwendung von selbstklebenden Mini-Magneten empfohlen.<\/p>\n<p>Im Download sind enthalten:<\/p>\n<ul>\n<li>SVG-Dateien f\u00fcr die Verwendung mit folgenden Schneideger\u00e4ten:<br \/>\nCricut, Brother ScanNCut, oder Silhouette-Ger\u00e4te<\/li>\n<li>DXF-Dateien<\/li>\n<li>Bastelbogen zum selber Ausdrucken f\u00fcr manuellen Zuschnitt.<\/li>\n<\/ul>\n<p>Dieses Projekt wurde mit folgenden Schneideger\u00e4ten getestet:<br \/>\nSilhouette Cameo, Cricut Maker, Brother ScanNCut.<br \/>\nInfos und Anleitungen zur Verwendung mit den jeweiligen Ger\u00e4ten <a href=\"https:\/\/mediendesign-moser.at\/shop\/?page_id=6409\" target=\"_blank\" rel=\"noopener\">finden Sie hier<\/a>.<\/p>\n<p>Beachten Sie unsere \u00a0<a href=\"https:\/\/mediendesign-moser.at\/shop\/?page_id=758\" target=\"_blank\" rel=\"noopener\">Lizenzbedingungen<\/a>\u00a0f\u00fcr downloadbare Produkte.<\/p>\n<p><a href=\"https:\/\/mediendesign-moser.at\/shop\/wp-content\/uploads\/2020\/02\/fotostrecke-einzelbett-1.jpg\"><img loading=\"lazy\" decoding=\"async\" class=\"alignnone wp-image-5443 size-full\" src=\"https:\/\/mediendesign-moser.at\/shop\/wp-content\/uploads\/2020\/02\/fotostrecke-einzelbett-1.jpg\" alt=\"\" width=\"620\" height=\"1913\" srcset=\"https:\/\/mediendesign-moser.at\/shop\/wp-content\/uploads\/2020\/02\/fotostrecke-einzelbett-1.jpg 620w, https:\/\/mediendesign-moser.at\/shop\/wp-content\/uploads\/2020\/02\/fotostrecke-einzelbett-1-97x300.jpg 97w, https:\/\/mediendesign-moser.at\/shop\/wp-content\/uploads\/2020\/02\/fotostrecke-einzelbett-1-332x1024.jpg 332w, https:\/\/mediendesign-moser.at\/shop\/wp-content\/uploads\/2020\/02\/fotostrecke-einzelbett-1-600x1851.jpg 600w\" sizes=\"auto, (max-width: 620px) 100vw, 620px\" \/><\/a><a href=\"https:\/\/mediendesign-moser.at\/shop\/wp-content\/uploads\/2020\/02\/fotostrecke-schrank-1.jpg\"><img loading=\"lazy\" decoding=\"async\" class=\"alignnone wp-image-5444 size-full\" src=\"https:\/\/mediendesign-moser.at\/shop\/wp-content\/uploads\/2020\/02\/fotostrecke-schrank-1.jpg\" alt=\"\" width=\"620\" height=\"2567\" srcset=\"https:\/\/mediendesign-moser.at\/shop\/wp-content\/uploads\/2020\/02\/fotostrecke-schrank-1.jpg 620w, https:\/\/mediendesign-moser.at\/shop\/wp-content\/uploads\/2020\/02\/fotostrecke-schrank-1-247x1024.jpg 247w, https:\/\/mediendesign-moser.at\/shop\/wp-content\/uploads\/2020\/02\/fotostrecke-schrank-1-600x2484.jpg 600w\" sizes=\"auto, (max-width: 620px) 100vw, 620px\" \/><\/a><\/p>\n","protected":false},"featured_media":5244,"comment_status":"open","ping_status":"closed","template":"","meta":{"om_disable_all_campaigns":false,"_monsterinsights_skip_tracking":false,"_monsterinsights_sitenote_active":false,"_monsterinsights_sitenote_note":"","_monsterinsights_sitenote_category":0},"product_cat":[1124,513,807,263],"product_tag":[894,889,542,890,38,895,1044,712,1046,518,541,888,897,893,892,504,142,1045,517],"class_list":{"0":"post-5252","1":"product","2":"type-product","3":"status-publish","4":"has-post-thumbnail","6":"product_cat-bastelboegen","7":"product_cat-schneidplotter-svg-und-pdf","8":"product_cat-moebel-u-einrichtung-schneidplotter-svg-und-pdf","9":"product_cat-downloadprodukte","10":"product_tag-accessoires","11":"product_tag-bett","12":"product_tag-brother","13":"product_tag-doppelbett","14":"product_tag-download","15":"product_tag-einrichtung","16":"product_tag-einzelbett","17":"product_tag-garnitur","18":"product_tag-kasten","19":"product_tag-pdf","20":"product_tag-scanncut","21":"product_tag-schlafzimmer","22":"product_tag-schlafzimmereinrichtung","23":"product_tag-schlafzimmergarnitur","24":"product_tag-schlafzimmermoebel","25":"product_tag-schneidplotter","26":"product_tag-schneidplotter-datei","27":"product_tag-schrank","28":"product_tag-svg","30":"first","31":"instock","32":"downloadable","33":"virtual","34":"purchasable","35":"product-type-simple"},"aioseo_notices":[],"jetpack_sharing_enabled":true,"_links":{"self":[{"href":"https:\/\/mediendesign-moser.at\/shop\/index.php?rest_route=\/wp\/v2\/product\/5252","targetHints":{"allow":["GET"]}}],"collection":[{"href":"https:\/\/mediendesign-moser.at\/shop\/index.php?rest_route=\/wp\/v2\/product"}],"about":[{"href":"https:\/\/mediendesign-moser.at\/shop\/index.php?rest_route=\/wp\/v2\/types\/product"}],"replies":[{"embeddable":true,"href":"https:\/\/mediendesign-moser.at\/shop\/index.php?rest_route=%2Fwp%2Fv2%2Fcomments&post=5252"}],"wp:featuredmedia":[{"embeddable":true,"href":"https:\/\/mediendesign-moser.at\/shop\/index.php?rest_route=\/wp\/v2\/media\/5244"}],"wp:attachment":[{"href":"https:\/\/mediendesign-moser.at\/shop\/index.php?rest_route=%2Fwp%2Fv2%2Fmedia&parent=5252"}],"wp:term":[{"taxonomy":"product_cat","embeddable":true,"href":"https:\/\/mediendesign-moser.at\/shop\/index.php?rest_route=%2Fwp%2Fv2%2Fproduct_cat&post=5252"},{"taxonomy":"product_tag","embeddable":true,"href":"https:\/\/mediendesign-moser.at\/shop\/index.php?rest_route=%2Fwp%2Fv2%2Fproduct_tag&post=5252"}],"curies":[{"name":"wp","href":"https:\/\/api.w.org\/{rel}","templated":true}]}}