{"id":5149,"date":"2020-02-02T21:12:10","date_gmt":"2020-02-02T20:12:10","guid":{"rendered":"https:\/\/mediendesign-moser.at\/shop\/?post_type=product&#038;p=5149"},"modified":"2023-01-03T15:23:41","modified_gmt":"2023-01-03T14:23:41","slug":"download-schneidplotter-dateien-badezimmereinrichtung","status":"publish","type":"product","link":"https:\/\/mediendesign-moser.at\/shop\/?product=download-schneidplotter-dateien-badezimmereinrichtung","title":{"rendered":"Download: Schneide Dateien \/ Bastelbogen Badezimmereinrichtung"},"content":{"rendered":"","protected":false},"excerpt":{"rendered":"<p>Schneide Dateien Set (.svg, .dxf) f\u00fcr den Zuschnitt einer Badezimmereinrichtung bzw. Badezimmerm\u00f6beln.<\/p>\n<p>Mit diesen Dateien Set k\u00f6nnen die Papier-Einzelteile f\u00fcr die am Foto ersichtliche Badezimmereinrichtung bestehend aus Badewanne (Eckbadewanne), Dusche, Waschbecken (in 2 Varianten) zugeschnitten werden.<br \/>\nF\u00fcr den Zuschnitt ben\u00f6tigen Sie einen Schneidplotter (z.B. Schneidplotter der Fa. Silhouette, Brother, Cricut, etc.).<\/p>\n<p>Die Gr\u00f6\u00dfe dieser Badezimmerm\u00f6bel passt f\u00fcr eine Explosionsbox mit 4&#8243; Seitenkantenl\u00e4nge (= ca 10,2 cm Seitenkantenl\u00e4nge).<\/p>\n<p>Im Download sind enthalten:<\/p>\n<ul>\n<li>SVG-Dateien f\u00fcr die Verwendung mit folgenden Schneideger\u00e4ten:<br \/>\nCricut, Brother ScanNCut, oder Silhouette-Ger\u00e4te<\/li>\n<li>DXF-Dateien<\/li>\n<li>Bastelbogen zum Ausdrucken f\u00fcr manuellen Zuschnitt.<\/li>\n<\/ul>\n<p>Dieses Projekt wurde mit folgenden Schneideger\u00e4ten getestet:<br \/>\nSilhouette Cameo, Cricut Maker, Brother ScanNCut.<br \/>\nInfos und Anleitungen zur Verwendung mit den jeweiligen Ger\u00e4ten <a href=\"https:\/\/mediendesign-moser.at\/shop\/?page_id=6409\" target=\"_blank\" rel=\"noopener\">finden Sie hier<\/a>.<\/p>\n<p>Es gelten unsere\u00a0<a href=\"https:\/\/mediendesign-moser.at\/shop\/?page_id=758\" target=\"_blank\" rel=\"noopener\">Lizenzbedingungen<\/a>\u00a0f\u00fcr downloadbare Produkte.<a href=\"https:\/\/mediendesign-moser.at\/shop\/wp-content\/uploads\/2020\/02\/fotostrecke-badewanne-1.jpg\"><img loading=\"lazy\" decoding=\"async\" class=\"alignnone wp-image-5445 size-full\" src=\"https:\/\/mediendesign-moser.at\/shop\/wp-content\/uploads\/2020\/02\/fotostrecke-badewanne-1.jpg\" alt=\"\" width=\"620\" height=\"2713\" srcset=\"https:\/\/mediendesign-moser.at\/shop\/wp-content\/uploads\/2020\/02\/fotostrecke-badewanne-1.jpg 620w, https:\/\/mediendesign-moser.at\/shop\/wp-content\/uploads\/2020\/02\/fotostrecke-badewanne-1-234x1024.jpg 234w, https:\/\/mediendesign-moser.at\/shop\/wp-content\/uploads\/2020\/02\/fotostrecke-badewanne-1-600x2625.jpg 600w\" sizes=\"auto, (max-width: 620px) 100vw, 620px\" \/><\/a><a href=\"https:\/\/mediendesign-moser.at\/shop\/wp-content\/uploads\/2020\/02\/fotostrecke-duschkabine-1.jpg\"><img loading=\"lazy\" decoding=\"async\" class=\"alignnone wp-image-5446 size-full\" src=\"https:\/\/mediendesign-moser.at\/shop\/wp-content\/uploads\/2020\/02\/fotostrecke-duschkabine-1.jpg\" alt=\"\" width=\"620\" height=\"3705\" srcset=\"https:\/\/mediendesign-moser.at\/shop\/wp-content\/uploads\/2020\/02\/fotostrecke-duschkabine-1.jpg 620w, https:\/\/mediendesign-moser.at\/shop\/wp-content\/uploads\/2020\/02\/fotostrecke-duschkabine-1-50x300.jpg 50w, https:\/\/mediendesign-moser.at\/shop\/wp-content\/uploads\/2020\/02\/fotostrecke-duschkabine-1-600x3585.jpg 600w\" sizes=\"auto, (max-width: 620px) 100vw, 620px\" \/><\/a><a href=\"https:\/\/mediendesign-moser.at\/shop\/wp-content\/uploads\/2020\/02\/fotostrecke-waschbecken-1.jpg\"><img loading=\"lazy\" decoding=\"async\" class=\"alignnone wp-image-5447 size-full\" src=\"https:\/\/mediendesign-moser.at\/shop\/wp-content\/uploads\/2020\/02\/fotostrecke-waschbecken-1.jpg\" alt=\"\" width=\"620\" height=\"3633\" srcset=\"https:\/\/mediendesign-moser.at\/shop\/wp-content\/uploads\/2020\/02\/fotostrecke-waschbecken-1.jpg 620w, https:\/\/mediendesign-moser.at\/shop\/wp-content\/uploads\/2020\/02\/fotostrecke-waschbecken-1-51x300.jpg 51w, https:\/\/mediendesign-moser.at\/shop\/wp-content\/uploads\/2020\/02\/fotostrecke-waschbecken-1-175x1024.jpg 175w, https:\/\/mediendesign-moser.at\/shop\/wp-content\/uploads\/2020\/02\/fotostrecke-waschbecken-1-600x3516.jpg 600w\" sizes=\"auto, (max-width: 620px) 100vw, 620px\" \/><\/a><\/p>\n<p>&nbsp;<\/p>\n","protected":false},"featured_media":5152,"comment_status":"closed","ping_status":"closed","template":"","meta":{"om_disable_all_campaigns":false,"_monsterinsights_skip_tracking":false,"_monsterinsights_sitenote_active":false,"_monsterinsights_sitenote_note":"","_monsterinsights_sitenote_category":0},"product_cat":[1124,513,807,263],"product_tag":[1038,1042,1039,1040,1161,1162,1741,542,38,1041,895,51,712,518,896,1160,541,504,142,517,1043],"class_list":{"0":"post-5149","1":"product","2":"type-product","3":"status-publish","4":"has-post-thumbnail","6":"product_cat-bastelboegen","7":"product_cat-schneidplotter-svg-und-pdf","8":"product_cat-moebel-u-einrichtung-schneidplotter-svg-und-pdf","9":"product_cat-downloadprodukte","10":"product_tag-bad","11":"product_tag-badewanne","12":"product_tag-badezimmer","13":"product_tag-badezimmereinrichtung","14":"product_tag-bagno","15":"product_tag-bano","16":"product_tag-bathroom","17":"product_tag-brother","18":"product_tag-download","19":"product_tag-dusche","20":"product_tag-einrichtung","21":"product_tag-explosionsbox","22":"product_tag-garnitur","23":"product_tag-pdf","24":"product_tag-puppenhaus","25":"product_tag-salle-de-bains","26":"product_tag-scanncut","27":"product_tag-schneidplotter","28":"product_tag-schneidplotter-datei","29":"product_tag-svg","30":"product_tag-waschbecken","32":"first","33":"instock","34":"downloadable","35":"virtual","36":"purchasable","37":"product-type-simple"},"aioseo_notices":[],"jetpack_sharing_enabled":true,"_links":{"self":[{"href":"https:\/\/mediendesign-moser.at\/shop\/index.php?rest_route=\/wp\/v2\/product\/5149","targetHints":{"allow":["GET"]}}],"collection":[{"href":"https:\/\/mediendesign-moser.at\/shop\/index.php?rest_route=\/wp\/v2\/product"}],"about":[{"href":"https:\/\/mediendesign-moser.at\/shop\/index.php?rest_route=\/wp\/v2\/types\/product"}],"replies":[{"embeddable":true,"href":"https:\/\/mediendesign-moser.at\/shop\/index.php?rest_route=%2Fwp%2Fv2%2Fcomments&post=5149"}],"wp:featuredmedia":[{"embeddable":true,"href":"https:\/\/mediendesign-moser.at\/shop\/index.php?rest_route=\/wp\/v2\/media\/5152"}],"wp:attachment":[{"href":"https:\/\/mediendesign-moser.at\/shop\/index.php?rest_route=%2Fwp%2Fv2%2Fmedia&parent=5149"}],"wp:term":[{"taxonomy":"product_cat","embeddable":true,"href":"https:\/\/mediendesign-moser.at\/shop\/index.php?rest_route=%2Fwp%2Fv2%2Fproduct_cat&post=5149"},{"taxonomy":"product_tag","embeddable":true,"href":"https:\/\/mediendesign-moser.at\/shop\/index.php?rest_route=%2Fwp%2Fv2%2Fproduct_tag&post=5149"}],"curies":[{"name":"wp","href":"https:\/\/api.w.org\/{rel}","templated":true}]}}