{"id":510,"date":"2016-11-02T10:52:24","date_gmt":"2016-11-02T09:52:24","guid":{"rendered":"http:\/\/mediendesign-moser.at\/shop\/?product=explosionsbox-hochzeit-mit-schatzkiste-und-rose"},"modified":"2023-11-24T11:22:13","modified_gmt":"2023-11-24T10:22:13","slug":"explosionsbox-hochzeit-mit-schatzkiste-und-rose","status":"publish","type":"product","link":"https:\/\/mediendesign-moser.at\/shop\/?product=explosionsbox-hochzeit-mit-schatzkiste-und-rose","title":{"rendered":"Explosionsbox Hochzeit mit Rose und Schatzkiste"},"content":{"rendered":"","protected":false},"excerpt":{"rendered":"<p>Handgemachte Explosionsbox, passend\u00a0als Hochzeitsgeschenk. In der Box ist eine wei\u00dfe Schatzkiste enthalten, die sich \u00f6ffnen l\u00e4sst.<br \/>\nGr\u00f6\u00dfe\u00a0der Box in geschlossenem Zustand: W\u00fcrfel mit ca. 10 cm Kantenl\u00e4nge.<\/p>\n<p>Nicht lieferbar, da wir unsere Explosionsboxen-Angebote eingestellt haben.<\/p>\n","protected":false},"featured_media":19914,"comment_status":"closed","ping_status":"closed","template":"","meta":{"om_disable_all_campaigns":false,"_monsterinsights_skip_tracking":false,"_monsterinsights_sitenote_active":false,"_monsterinsights_sitenote_note":"","_monsterinsights_sitenote_category":0},"product_cat":[80,49],"product_tag":[51,365,82,52,47,81,153,97],"class_list":{"0":"post-510","1":"product","2":"type-product","3":"status-publish","4":"has-post-thumbnail","6":"product_cat-hochzeit","7":"product_cat-explosionsboxen","8":"product_tag-explosionsbox","9":"product_tag-geldgeschenk","10":"product_tag-geldgeschenkverpackung","11":"product_tag-geschenk","12":"product_tag-hochzeit","13":"product_tag-hochzeitsgeschenk","14":"product_tag-rose","15":"product_tag-schatzkiste","16":"product_shipping_class-gebo","18":"first","19":"instock","20":"product-type-external"},"aioseo_notices":[],"jetpack_sharing_enabled":true,"_links":{"self":[{"href":"https:\/\/mediendesign-moser.at\/shop\/index.php?rest_route=\/wp\/v2\/product\/510","targetHints":{"allow":["GET"]}}],"collection":[{"href":"https:\/\/mediendesign-moser.at\/shop\/index.php?rest_route=\/wp\/v2\/product"}],"about":[{"href":"https:\/\/mediendesign-moser.at\/shop\/index.php?rest_route=\/wp\/v2\/types\/product"}],"replies":[{"embeddable":true,"href":"https:\/\/mediendesign-moser.at\/shop\/index.php?rest_route=%2Fwp%2Fv2%2Fcomments&post=510"}],"wp:featuredmedia":[{"embeddable":true,"href":"https:\/\/mediendesign-moser.at\/shop\/index.php?rest_route=\/wp\/v2\/media\/19914"}],"wp:attachment":[{"href":"https:\/\/mediendesign-moser.at\/shop\/index.php?rest_route=%2Fwp%2Fv2%2Fmedia&parent=510"}],"wp:term":[{"taxonomy":"product_cat","embeddable":true,"href":"https:\/\/mediendesign-moser.at\/shop\/index.php?rest_route=%2Fwp%2Fv2%2Fproduct_cat&post=510"},{"taxonomy":"product_tag","embeddable":true,"href":"https:\/\/mediendesign-moser.at\/shop\/index.php?rest_route=%2Fwp%2Fv2%2Fproduct_tag&post=510"}],"curies":[{"name":"wp","href":"https:\/\/api.w.org\/{rel}","templated":true}]}}