{"id":5060,"date":"2020-01-22T15:42:51","date_gmt":"2020-01-22T14:42:51","guid":{"rendered":"https:\/\/mediendesign-moser.at\/shop\/?post_type=product&#038;p=5060"},"modified":"2025-04-25T15:18:04","modified_gmt":"2025-04-25T13:18:04","slug":"download-digitales-designpapier-valentinstag","status":"publish","type":"product","link":"https:\/\/mediendesign-moser.at\/shop\/?product=download-digitales-designpapier-valentinstag","title":{"rendered":"Download: Digitales Designpapier &#8220;Valentinstag&#8221;"},"content":{"rendered":"","protected":false},"excerpt":{"rendered":"<p>Downloadbares digitales Designpapier zum selber ausdrucken. Mit sechs verschiedenen Papieren (gemustert, f\u00fcr den Druck der Papier-Vorderseite) und drei neutralen Hintergrundpapieren (bei beidseitigem Druck, f\u00fcr den Druck der Papier-R\u00fcckseite).<br \/>\nDieses Digitalpapier m\u00fcssen Sie mit Ihrem Drucker selbst ausdrucken und kann dann bei Ihren individuellen kreativen Projekten verwendet werden (z.B. Scrapbooking, Kartenherstellung, Verpackungen, Gestaltung von Explosionsboxen, etc.)<br \/>\nDieser Download enth\u00e4lt Dateien im Dateiformat .jpg (2000 x 2830 pix) und im Dateiformat .pdf in der Gr\u00f6\u00dfe A4 (21 x 29,7 cm).<br \/>\nDie Lizenz f\u00fcr dieses Digitalpapier umfasst den pers\u00f6nlichen Gebrauch und den Gebrauch f\u00fcr kleine Unternehmen.<br \/>\nWenn Sie eine erweiterte Lizenz f\u00fcr diesen Artikel ben\u00f6tigen (d.h. f\u00fcr die Herstellung von mehr als 400 Artikeln mit diesen Designs), dann kontaktieren Sie uns bitte.<\/p>\n","protected":false},"featured_media":5059,"comment_status":"closed","ping_status":"closed","template":"","meta":{"om_disable_all_campaigns":false,"_monsterinsights_skip_tracking":false,"_monsterinsights_sitenote_active":false,"_monsterinsights_sitenote_note":"","_monsterinsights_sitenote_category":0},"product_cat":[555,263],"product_tag":[112,40,556,38,557,457,562,518,561,53],"class_list":{"0":"post-5060","1":"product","2":"type-product","3":"status-publish","4":"has-post-thumbnail","6":"product_cat-digitalpapier","7":"product_cat-downloadprodukte","8":"product_tag-blumen","9":"product_tag-designpapier","10":"product_tag-digitalpapier","11":"product_tag-download","12":"product_tag-druck","13":"product_tag-herzen","14":"product_tag-kartengestaltung","15":"product_tag-pdf","16":"product_tag-scrapbook","17":"product_tag-valentinstag","19":"first","20":"instock","21":"downloadable","22":"virtual","23":"purchasable","24":"product-type-simple"},"aioseo_notices":[],"jetpack_sharing_enabled":true,"_links":{"self":[{"href":"https:\/\/mediendesign-moser.at\/shop\/index.php?rest_route=\/wp\/v2\/product\/5060","targetHints":{"allow":["GET"]}}],"collection":[{"href":"https:\/\/mediendesign-moser.at\/shop\/index.php?rest_route=\/wp\/v2\/product"}],"about":[{"href":"https:\/\/mediendesign-moser.at\/shop\/index.php?rest_route=\/wp\/v2\/types\/product"}],"replies":[{"embeddable":true,"href":"https:\/\/mediendesign-moser.at\/shop\/index.php?rest_route=%2Fwp%2Fv2%2Fcomments&post=5060"}],"wp:featuredmedia":[{"embeddable":true,"href":"https:\/\/mediendesign-moser.at\/shop\/index.php?rest_route=\/wp\/v2\/media\/5059"}],"wp:attachment":[{"href":"https:\/\/mediendesign-moser.at\/shop\/index.php?rest_route=%2Fwp%2Fv2%2Fmedia&parent=5060"}],"wp:term":[{"taxonomy":"product_cat","embeddable":true,"href":"https:\/\/mediendesign-moser.at\/shop\/index.php?rest_route=%2Fwp%2Fv2%2Fproduct_cat&post=5060"},{"taxonomy":"product_tag","embeddable":true,"href":"https:\/\/mediendesign-moser.at\/shop\/index.php?rest_route=%2Fwp%2Fv2%2Fproduct_tag&post=5060"}],"curies":[{"name":"wp","href":"https:\/\/api.w.org\/{rel}","templated":true}]}}