{"id":5005,"date":"2020-01-12T16:34:09","date_gmt":"2020-01-12T15:34:09","guid":{"rendered":"https:\/\/mediendesign-moser.at\/shop\/?post_type=product&#038;p=5005"},"modified":"2023-01-03T15:45:24","modified_gmt":"2023-01-03T14:45:24","slug":"download-schneidplotter-datei-fuer-schubkarre","status":"publish","type":"product","link":"https:\/\/mediendesign-moser.at\/shop\/?product=download-schneidplotter-datei-fuer-schubkarre","title":{"rendered":"Download: Schneidplotter-Datei f\u00fcr Schubkarre"},"content":{"rendered":"","protected":false},"excerpt":{"rendered":"<p>Schneidplotterdateien f\u00fcr den Zuschnitt eine Schubkarre.<br \/>\nMit diesen Dateien k\u00f6nnen die Papier-Einzelteile f\u00fcr die auf den Fotos ersichtlichen Schubkarren zugeschnitten werden. Im Download sind zwei Gr\u00f6\u00dfen enthalten. Die Standardgr\u00f6\u00dfe passt ideal in eine 4x4x4&#8243; Explosionsbox hinein. Die Mini-Gr\u00f6\u00dfe ist ideal um die Schubkarre mit weiteren Motiven zu kombinieren.<br \/>\nF\u00fcr den Zuschnitt ben\u00f6tigen Sie einen Schneidplotter (z.B. Schneidplotter der Fa. Silhouette, Brother, Cricut, etc.).<br \/>\nEin ausdruckbares .pdf ist ebenfalls in diesem Download enthalten.<br \/>\nEs gelten unsere\u00a0<a href=\"https:\/\/mediendesign-moser.at\/shop\/?page_id=758\" target=\"_blank\" rel=\"noopener\">Lizenzbedingungen<\/a>\u00a0f\u00fcr downloadbare Produkte.<a href=\"https:\/\/mediendesign-moser.at\/shop\/wp-content\/uploads\/2020\/01\/fotostrecke-schubkarre-1.jpg\"><img loading=\"lazy\" decoding=\"async\" class=\"alignnone wp-image-5450 size-full\" src=\"https:\/\/mediendesign-moser.at\/shop\/wp-content\/uploads\/2020\/01\/fotostrecke-schubkarre-1.jpg\" alt=\"\" width=\"620\" height=\"1889\" srcset=\"https:\/\/mediendesign-moser.at\/shop\/wp-content\/uploads\/2020\/01\/fotostrecke-schubkarre-1.jpg 620w, https:\/\/mediendesign-moser.at\/shop\/wp-content\/uploads\/2020\/01\/fotostrecke-schubkarre-1-98x300.jpg 98w, https:\/\/mediendesign-moser.at\/shop\/wp-content\/uploads\/2020\/01\/fotostrecke-schubkarre-1-336x1024.jpg 336w, https:\/\/mediendesign-moser.at\/shop\/wp-content\/uploads\/2020\/01\/fotostrecke-schubkarre-1-600x1828.jpg 600w\" sizes=\"auto, (max-width: 620px) 100vw, 620px\" \/><\/a><\/p>\n","protected":false},"featured_media":5004,"comment_status":"closed","ping_status":"closed","template":"","meta":{"om_disable_all_campaigns":false,"_monsterinsights_skip_tracking":false,"_monsterinsights_sitenote_active":false,"_monsterinsights_sitenote_note":"","_monsterinsights_sitenote_category":0},"product_cat":[513,800,861,1026,263],"product_tag":[542,38,565,782,116,503,518,541,1029,504,142,1028,517,1030],"class_list":{"0":"post-5005","1":"product","2":"type-product","3":"status-publish","4":"has-post-thumbnail","6":"product_cat-schneidplotter-svg-und-pdf","7":"product_cat-garten-schneidplotter-svg-und-pdf","8":"product_cat-hobby-und-beruf","9":"product_cat-werkstatt","10":"product_cat-downloadprodukte","11":"product_tag-brother","12":"product_tag-download","13":"product_tag-garten","14":"product_tag-gaertnern","15":"product_tag-hausbau","16":"product_tag-papiermodell","17":"product_tag-pdf","18":"product_tag-scanncut","19":"product_tag-scheibtruhe","20":"product_tag-schneidplotter","21":"product_tag-schneidplotter-datei","22":"product_tag-schubkarre","23":"product_tag-svg","24":"product_tag-werkstatt","26":"first","27":"instock","28":"downloadable","29":"virtual","30":"purchasable","31":"product-type-simple"},"aioseo_notices":[],"jetpack_sharing_enabled":true,"_links":{"self":[{"href":"https:\/\/mediendesign-moser.at\/shop\/index.php?rest_route=\/wp\/v2\/product\/5005","targetHints":{"allow":["GET"]}}],"collection":[{"href":"https:\/\/mediendesign-moser.at\/shop\/index.php?rest_route=\/wp\/v2\/product"}],"about":[{"href":"https:\/\/mediendesign-moser.at\/shop\/index.php?rest_route=\/wp\/v2\/types\/product"}],"replies":[{"embeddable":true,"href":"https:\/\/mediendesign-moser.at\/shop\/index.php?rest_route=%2Fwp%2Fv2%2Fcomments&post=5005"}],"wp:featuredmedia":[{"embeddable":true,"href":"https:\/\/mediendesign-moser.at\/shop\/index.php?rest_route=\/wp\/v2\/media\/5004"}],"wp:attachment":[{"href":"https:\/\/mediendesign-moser.at\/shop\/index.php?rest_route=%2Fwp%2Fv2%2Fmedia&parent=5005"}],"wp:term":[{"taxonomy":"product_cat","embeddable":true,"href":"https:\/\/mediendesign-moser.at\/shop\/index.php?rest_route=%2Fwp%2Fv2%2Fproduct_cat&post=5005"},{"taxonomy":"product_tag","embeddable":true,"href":"https:\/\/mediendesign-moser.at\/shop\/index.php?rest_route=%2Fwp%2Fv2%2Fproduct_tag&post=5005"}],"curies":[{"name":"wp","href":"https:\/\/api.w.org\/{rel}","templated":true}]}}