{"id":4986,"date":"2020-01-09T16:57:44","date_gmt":"2020-01-09T15:57:44","guid":{"rendered":"https:\/\/mediendesign-moser.at\/shop\/?post_type=product&#038;p=4986"},"modified":"2023-01-03T15:45:18","modified_gmt":"2023-01-03T14:45:18","slug":"download-schneidplotter-datei-paeckchen-mit-diagonaloeffnung","status":"publish","type":"product","link":"https:\/\/mediendesign-moser.at\/shop\/?product=download-schneidplotter-datei-paeckchen-mit-diagonaloeffnung","title":{"rendered":"Download: Schneide Datei \/ Bastelbogen P\u00e4ckchen mit Diagonal\u00f6ffnung"},"content":{"rendered":"","protected":false},"excerpt":{"rendered":"<p>Schneidplotterdatei f\u00fcr den Zuschnitt eines P\u00e4ckchens mit diagonaler \u00d6ffnung.<br \/>\nMit dieser Datei k\u00f6nnen die Papier-Einzelteile f\u00fcr das auf den Fotos ersichtliche P\u00e4ckchen samt passender Bodenhalterungen zugeschnitten werden.<\/p>\n<p>Im Download sind enthalten:<\/p>\n<ul>\n<li>SVG-Dateien f\u00fcr die Verwendung mit folgenden Schneideger\u00e4ten:<br \/>\nCricut, Pazzles, Brother ScanNCut, oder Silhouette-Ger\u00e4te (Silhouette Studio ab Designer-Edition erforderlich)<\/li>\n<li>DXF-Dateien<\/li>\n<li>Bastelbogen-PDF zum Ausdrucken<\/li>\n<\/ul>\n<p>Dieses Projekt wurde mit folgenden Schneideger\u00e4ten getestet:<br \/>\nSilhouette Cameo, Cricut Maker, Brother ScanNCut.<br \/>\nInfos und Anleitungen zur Verwendung mit den jeweiligen Ger\u00e4ten <a href=\"https:\/\/mediendesign-moser.at\/shop\/?page_id=6409\" target=\"_blank\" rel=\"noopener\">finden Sie hier<\/a>.<\/p>\n<p>Beachten Sie unsere \u00a0<a href=\"https:\/\/mediendesign-moser.at\/shop\/?page_id=758\" target=\"_blank\" rel=\"noopener\">Lizenzbedingungen<\/a>\u00a0f\u00fcr downloadbare Produkte.<a href=\"https:\/\/mediendesign-moser.at\/shop\/wp-content\/uploads\/2021\/09\/DL-SPVP935-parcel-diagonal-opening.jpg\"><img loading=\"lazy\" decoding=\"async\" class=\"alignnone size-full wp-image-12273\" src=\"https:\/\/mediendesign-moser.at\/shop\/wp-content\/uploads\/2021\/09\/DL-SPVP935-parcel-diagonal-opening.jpg\" alt=\"\" width=\"640\" height=\"1950\" srcset=\"https:\/\/mediendesign-moser.at\/shop\/wp-content\/uploads\/2021\/09\/DL-SPVP935-parcel-diagonal-opening.jpg 640w, https:\/\/mediendesign-moser.at\/shop\/wp-content\/uploads\/2021\/09\/DL-SPVP935-parcel-diagonal-opening-98x300.jpg 98w, https:\/\/mediendesign-moser.at\/shop\/wp-content\/uploads\/2021\/09\/DL-SPVP935-parcel-diagonal-opening-336x1024.jpg 336w, https:\/\/mediendesign-moser.at\/shop\/wp-content\/uploads\/2021\/09\/DL-SPVP935-parcel-diagonal-opening-600x1828.jpg 600w\" sizes=\"auto, (max-width: 640px) 100vw, 640px\" \/><\/a><\/p>\n","protected":false},"featured_media":12274,"comment_status":"open","ping_status":"closed","template":"","meta":{"om_disable_all_campaigns":false,"_monsterinsights_skip_tracking":false,"_monsterinsights_sitenote_active":false,"_monsterinsights_sitenote_note":"","_monsterinsights_sitenote_category":0},"product_cat":[1124,513,799,789,263],"product_tag":[542,1814,38,64,122,366,518,541,504,142,505,517,53,353],"class_list":{"0":"post-4986","1":"product","2":"type-product","3":"status-publish","4":"has-post-thumbnail","6":"product_cat-bastelboegen","7":"product_cat-schneidplotter-svg-und-pdf","8":"product_cat-verpackungen-schneidplotter-svg-und-pdf","9":"product_cat-weihnachten-schneidplotter-svg-und-pdf","10":"product_cat-downloadprodukte","11":"product_tag-brother","12":"product_tag-cricut-maker","13":"product_tag-download","14":"product_tag-geburtstag","15":"product_tag-geschenkverpackung","16":"product_tag-halloween","17":"product_tag-pdf","18":"product_tag-scanncut","19":"product_tag-schneidplotter","20":"product_tag-schneidplotter-datei","21":"product_tag-silhouette-cameo","22":"product_tag-svg","23":"product_tag-valentinstag","24":"product_tag-verpackung","26":"first","27":"instock","28":"downloadable","29":"virtual","30":"purchasable","31":"product-type-simple"},"aioseo_notices":[],"jetpack_sharing_enabled":true,"_links":{"self":[{"href":"https:\/\/mediendesign-moser.at\/shop\/index.php?rest_route=\/wp\/v2\/product\/4986","targetHints":{"allow":["GET"]}}],"collection":[{"href":"https:\/\/mediendesign-moser.at\/shop\/index.php?rest_route=\/wp\/v2\/product"}],"about":[{"href":"https:\/\/mediendesign-moser.at\/shop\/index.php?rest_route=\/wp\/v2\/types\/product"}],"replies":[{"embeddable":true,"href":"https:\/\/mediendesign-moser.at\/shop\/index.php?rest_route=%2Fwp%2Fv2%2Fcomments&post=4986"}],"wp:featuredmedia":[{"embeddable":true,"href":"https:\/\/mediendesign-moser.at\/shop\/index.php?rest_route=\/wp\/v2\/media\/12274"}],"wp:attachment":[{"href":"https:\/\/mediendesign-moser.at\/shop\/index.php?rest_route=%2Fwp%2Fv2%2Fmedia&parent=4986"}],"wp:term":[{"taxonomy":"product_cat","embeddable":true,"href":"https:\/\/mediendesign-moser.at\/shop\/index.php?rest_route=%2Fwp%2Fv2%2Fproduct_cat&post=4986"},{"taxonomy":"product_tag","embeddable":true,"href":"https:\/\/mediendesign-moser.at\/shop\/index.php?rest_route=%2Fwp%2Fv2%2Fproduct_tag&post=4986"}],"curies":[{"name":"wp","href":"https:\/\/api.w.org\/{rel}","templated":true}]}}