{"id":463,"date":"2016-10-30T13:02:24","date_gmt":"2016-10-30T12:02:24","guid":{"rendered":"http:\/\/mediendesign-moser.at\/shop\/?product=schneitplotter-datei-fuer-stoeckelschuh-aus-papier"},"modified":"2025-02-26T18:25:54","modified_gmt":"2025-02-26T17:25:54","slug":"schneitplotter-datei-fuer-stoeckelschuh-aus-papier","status":"publish","type":"product","link":"https:\/\/mediendesign-moser.at\/shop\/?product=schneitplotter-datei-fuer-stoeckelschuh-aus-papier","title":{"rendered":"Download: Schneide Datei \/ Bastelbogen f\u00fcr St\u00f6ckelschuhe"},"content":{"rendered":"","protected":false},"excerpt":{"rendered":"<p>Schneide Dateien Set (.svg, .dxf) f\u00fcr den Zuschnitt von St\u00f6ckelschuhen.<br \/>\nGr\u00f6\u00dfe der fertigen Schuhe: ca. 6,5 cm L\u00e4nge x 3,5 cm Breite x 6 cm H\u00f6he.<br \/>\nEin Schuhpaar passt ideal in eine Explosionsbox mit einer Seitenkantenl\u00e4nge von 10 cm hinein.<\/p>\n<p>Mit diesem Download k\u00f6nnen die Papierteile f\u00fcr St\u00f6ckelschuhe (Fotos) geschnitten werden.<\/p>\n<p>Im Download sind enthalten:<\/p>\n<ul>\n<li>SVG-Dateien f\u00fcr die Verwendung mit folgenden Schneideger\u00e4ten:<br \/>\nCricut, Brother ScanNCut, Silhouette Ger\u00e4te<\/li>\n<li>DXF-Dateien<\/li>\n<li>Bastelbogen zum Ausdrucken f\u00fcr manuellen Zuschnitt.<\/li>\n<\/ul>\n<p>Dieses Projekt wurde mit folgenden Schneideger\u00e4ten getestet:<br \/>\nSilhouette Cameo, Cricut Maker, Brother ScanNCut.<br \/>\nInfos und Anleitungen zur Verwendung mit den jeweiligen Ger\u00e4ten <a href=\"https:\/\/mediendesign-moser.at\/shop\/?page_id=6409\" target=\"_blank\" rel=\"noopener\">finden Sie hier<\/a>.<\/p>\n<p>Beachten Sie unsere \u00a0<a href=\"https:\/\/mediendesign-moser.at\/shop\/?page_id=758\" target=\"_blank\" rel=\"noopener\">Lizenzbedingungen<\/a>\u00a0f\u00fcr downloadbare Produkte.<\/p>\n<p><a href=\"https:\/\/mediendesign-moser.at\/shop\/wp-content\/uploads\/2022\/03\/DL-SPK110-high-heels.jpg\"><img loading=\"lazy\" decoding=\"async\" class=\"alignnone wp-image-14682 size-full\" src=\"https:\/\/mediendesign-moser.at\/shop\/wp-content\/uploads\/2022\/03\/DL-SPK110-high-heels.jpg\" alt=\"\" width=\"620\" height=\"2141\" srcset=\"https:\/\/mediendesign-moser.at\/shop\/wp-content\/uploads\/2022\/03\/DL-SPK110-high-heels.jpg 620w, https:\/\/mediendesign-moser.at\/shop\/wp-content\/uploads\/2022\/03\/DL-SPK110-high-heels-87x300.jpg 87w, https:\/\/mediendesign-moser.at\/shop\/wp-content\/uploads\/2022\/03\/DL-SPK110-high-heels-600x2072.jpg 600w\" sizes=\"auto, (max-width: 620px) 100vw, 620px\" \/><\/a><\/p>\n","protected":false},"featured_media":14687,"comment_status":"closed","ping_status":"closed","template":"","meta":{"om_disable_all_campaigns":false,"_monsterinsights_skip_tracking":false,"_monsterinsights_sitenote_active":false,"_monsterinsights_sitenote_note":"","_monsterinsights_sitenote_category":0},"product_cat":[513,812,898,263],"product_tag":[542,1815,144,1055,38,1229,1644,142,146,74,143,145,517],"class_list":{"0":"post-463","1":"product","2":"type-product","3":"status-publish","4":"has-post-thumbnail","6":"product_cat-schneidplotter-svg-und-pdf","7":"product_cat-kleidung","8":"product_cat-mode-und-schoenheit","9":"product_cat-downloadprodukte","10":"product_tag-brother","11":"product_tag-brother-scanncut","12":"product_tag-cameo","13":"product_tag-cricut","14":"product_tag-download","15":"product_tag-high-heels","16":"product_tag-pazzles","17":"product_tag-schneidplotter-datei","18":"product_tag-schuh","19":"product_tag-schuhe","20":"product_tag-silhouette","21":"product_tag-stoeckelschuh","22":"product_tag-svg","24":"first","25":"instock","26":"downloadable","27":"virtual","28":"purchasable","29":"product-type-simple"},"aioseo_notices":[],"jetpack_sharing_enabled":true,"_links":{"self":[{"href":"https:\/\/mediendesign-moser.at\/shop\/index.php?rest_route=\/wp\/v2\/product\/463","targetHints":{"allow":["GET"]}}],"collection":[{"href":"https:\/\/mediendesign-moser.at\/shop\/index.php?rest_route=\/wp\/v2\/product"}],"about":[{"href":"https:\/\/mediendesign-moser.at\/shop\/index.php?rest_route=\/wp\/v2\/types\/product"}],"replies":[{"embeddable":true,"href":"https:\/\/mediendesign-moser.at\/shop\/index.php?rest_route=%2Fwp%2Fv2%2Fcomments&post=463"}],"wp:featuredmedia":[{"embeddable":true,"href":"https:\/\/mediendesign-moser.at\/shop\/index.php?rest_route=\/wp\/v2\/media\/14687"}],"wp:attachment":[{"href":"https:\/\/mediendesign-moser.at\/shop\/index.php?rest_route=%2Fwp%2Fv2%2Fmedia&parent=463"}],"wp:term":[{"taxonomy":"product_cat","embeddable":true,"href":"https:\/\/mediendesign-moser.at\/shop\/index.php?rest_route=%2Fwp%2Fv2%2Fproduct_cat&post=463"},{"taxonomy":"product_tag","embeddable":true,"href":"https:\/\/mediendesign-moser.at\/shop\/index.php?rest_route=%2Fwp%2Fv2%2Fproduct_tag&post=463"}],"curies":[{"name":"wp","href":"https:\/\/api.w.org\/{rel}","templated":true}]}}