{"id":4578,"date":"2019-10-17T17:50:08","date_gmt":"2019-10-17T15:50:08","guid":{"rendered":"https:\/\/mediendesign-moser.at\/shop\/?post_type=product&#038;p=4578"},"modified":"2024-07-28T11:16:26","modified_gmt":"2024-07-28T09:16:26","slug":"download-schneidplotter-dateien-miniatur-bigben","status":"publish","type":"product","link":"https:\/\/mediendesign-moser.at\/shop\/?product=download-schneidplotter-dateien-miniatur-bigben","title":{"rendered":"Download: Schneide Datei \/ Bastelbogen &#8211; Big Ben"},"content":{"rendered":"","protected":false},"excerpt":{"rendered":"<p>Schneide Datei (.svg, .dxf) f\u00fcr den Zuschnitt eines \u00a0Big Ben<\/p>\n<p>Fertige Gr\u00f6\u00dfe:<br \/>\nCa. 3 x 3 cm, H\u00f6he ca. 12 cm<\/p>\n<p>Dieser Big Ben passt in eine Explosionsbox mit erweiterter H\u00f6he hinein: D.h. Bodenfl\u00e4che ca. 10 x 10 cm, H\u00f6he ca 12,5 cm.<\/p>\n<p>Mit diesem Dateien Set k\u00f6nnen die Papier-Einzelteile f\u00fcr den am Foto ersichtlichen Big Ben (London) zugeschnitten werden.<\/p>\n<p>Im Download sind enthalten:<\/p>\n<ul>\n<li>SVG-Dateien f\u00fcr die Verwendung mit folgenden Schneideger\u00e4ten:<br \/>\nCricut, Brother ScanNCut, oder Silhouette-Ger\u00e4te<\/li>\n<li>DXF-Dateien<\/li>\n<li>Bastelbogen zum Ausdrucken f\u00fcr manuellen Zuschnitt.<\/li>\n<\/ul>\n<p>Dieses Projekt wurde mit folgenden Schneideger\u00e4ten getestet:<br \/>\nSilhouette Cameo, Cricut Maker, Brother ScanNCut.<br \/>\nInfos und Anleitungen zur Verwendung mit den jeweiligen Ger\u00e4ten <a href=\"https:\/\/mediendesign-moser.at\/shop\/?page_id=6409\" target=\"_blank\" rel=\"noopener\">finden Sie hier<\/a>.<\/p>\n<p>Beachten Sie unsere \u00a0<a href=\"https:\/\/mediendesign-moser.at\/shop\/?page_id=758\" target=\"_blank\" rel=\"noopener\">Lizenzbedingungen<\/a>\u00a0f\u00fcr downloadbare Produkte.<\/p>\n<p>Bastelvideo:<br \/>\n<iframe loading=\"lazy\" title=\"YouTube video player\" src=\"https:\/\/www.youtube.com\/embed\/vE8mZQBZjEA\" width=\"560\" height=\"315\" frameborder=\"0\" allowfullscreen=\"allowfullscreen\"><\/iframe><\/p>\n<p><a href=\"https:\/\/mediendesign-moser.at\/shop\/wp-content\/uploads\/2019\/10\/DL-SPSW041-bigben.jpg\"><img loading=\"lazy\" decoding=\"async\" class=\"alignnone size-full wp-image-17791\" src=\"https:\/\/mediendesign-moser.at\/shop\/wp-content\/uploads\/2019\/10\/DL-SPSW041-bigben.jpg\" alt=\"\" width=\"620\" height=\"2577\" srcset=\"https:\/\/mediendesign-moser.at\/shop\/wp-content\/uploads\/2019\/10\/DL-SPSW041-bigben.jpg 620w, https:\/\/mediendesign-moser.at\/shop\/wp-content\/uploads\/2019\/10\/DL-SPSW041-bigben-72x300.jpg 72w, https:\/\/mediendesign-moser.at\/shop\/wp-content\/uploads\/2019\/10\/DL-SPSW041-bigben-600x2494.jpg 600w\" sizes=\"auto, (max-width: 620px) 100vw, 620px\" \/><\/a><\/p>\n","protected":false},"featured_media":17790,"comment_status":"open","ping_status":"closed","template":"","meta":{"om_disable_all_campaigns":false,"_monsterinsights_skip_tracking":false,"_monsterinsights_sitenote_active":false,"_monsterinsights_sitenote_note":"","_monsterinsights_sitenote_category":0},"product_cat":[1124,513,792,851,263],"product_tag":[1015,1014,542,1055,38,1017,1016,518,99,576,541,504,142,720,143,517],"class_list":{"0":"post-4578","1":"product","2":"type-product","3":"status-publish","4":"has-post-thumbnail","6":"product_cat-bastelboegen","7":"product_cat-schneidplotter-svg-und-pdf","8":"product_cat-sehenswuerdigkeiten","9":"product_cat-urlaub","10":"product_cat-downloadprodukte","11":"product_tag-big-ben","12":"product_tag-bigben","13":"product_tag-brother","14":"product_tag-cricut","15":"product_tag-download","16":"product_tag-england","17":"product_tag-london","18":"product_tag-pdf","19":"product_tag-reise","20":"product_tag-reisen","21":"product_tag-scanncut","22":"product_tag-schneidplotter","23":"product_tag-schneidplotter-datei","24":"product_tag-sehenswuerdigkeit","25":"product_tag-silhouette","26":"product_tag-svg","28":"first","29":"instock","30":"downloadable","31":"virtual","32":"purchasable","33":"product-type-simple"},"aioseo_notices":[],"jetpack_sharing_enabled":true,"_links":{"self":[{"href":"https:\/\/mediendesign-moser.at\/shop\/index.php?rest_route=\/wp\/v2\/product\/4578","targetHints":{"allow":["GET"]}}],"collection":[{"href":"https:\/\/mediendesign-moser.at\/shop\/index.php?rest_route=\/wp\/v2\/product"}],"about":[{"href":"https:\/\/mediendesign-moser.at\/shop\/index.php?rest_route=\/wp\/v2\/types\/product"}],"replies":[{"embeddable":true,"href":"https:\/\/mediendesign-moser.at\/shop\/index.php?rest_route=%2Fwp%2Fv2%2Fcomments&post=4578"}],"wp:featuredmedia":[{"embeddable":true,"href":"https:\/\/mediendesign-moser.at\/shop\/index.php?rest_route=\/wp\/v2\/media\/17790"}],"wp:attachment":[{"href":"https:\/\/mediendesign-moser.at\/shop\/index.php?rest_route=%2Fwp%2Fv2%2Fmedia&parent=4578"}],"wp:term":[{"taxonomy":"product_cat","embeddable":true,"href":"https:\/\/mediendesign-moser.at\/shop\/index.php?rest_route=%2Fwp%2Fv2%2Fproduct_cat&post=4578"},{"taxonomy":"product_tag","embeddable":true,"href":"https:\/\/mediendesign-moser.at\/shop\/index.php?rest_route=%2Fwp%2Fv2%2Fproduct_tag&post=4578"}],"curies":[{"name":"wp","href":"https:\/\/api.w.org\/{rel}","templated":true}]}}