{"id":4568,"date":"2019-10-17T16:39:10","date_gmt":"2019-10-17T14:39:10","guid":{"rendered":"https:\/\/mediendesign-moser.at\/shop\/?post_type=product&#038;p=4568"},"modified":"2019-11-14T14:09:45","modified_gmt":"2019-11-14T13:09:45","slug":"download-digitales-designpapier-london-motive","status":"publish","type":"product","link":"https:\/\/mediendesign-moser.at\/shop\/?product=download-digitales-designpapier-london-motive","title":{"rendered":"Download: Digitales Designpapier &#8220;London-Motive&#8221;"},"content":{"rendered":"","protected":false},"excerpt":{"rendered":"<p>Downloadbares digitales Designpapier mit sechs verschiedenen Papieren zum selbst ausdrucken.<br \/>\nDie enthaltenen London-Designs sind ideal f\u00fcr Scrapbooking, Herstellung von Karten, Explosiosnboxen, Verpackung und sonstige kreative Papierprojekte.<br \/>\nDieser Download enth\u00e4lt Dateien im Dateiformat .jpg (2000 x 2830 pix) und im Dateiformat .pdf in der Gr\u00f6\u00dfe A4 (21 x 29,7 cm).<br \/>\nDie Lizenz f\u00fcr dieses Digitalpapier umfasst den pers\u00f6nlichen Gebrauch und den Gebrauch f\u00fcr kleine Unternehmen.<br \/>\nWenn Sie eine erweiterte Lizenz f\u00fcr dieses Designpapier ben\u00f6tigen (d.h. f\u00fcr die Herstellung von mehr als 400 Artikeln mit diesen Designs), dann kontaktieren Sie uns bitte.<\/p>\n","protected":false},"featured_media":4567,"comment_status":"closed","ping_status":"closed","template":"","meta":{"om_disable_all_campaigns":false,"_monsterinsights_skip_tracking":false,"_monsterinsights_sitenote_active":false,"_monsterinsights_sitenote_note":"","_monsterinsights_sitenote_category":0},"product_cat":[555,263],"product_tag":[567,568,40,556,38,557,577,569,562,572,518,99,576,561,574,575,570,573,559,571],"class_list":{"0":"post-4568","1":"product","2":"type-product","3":"status-publish","4":"has-post-thumbnail","6":"product_cat-digitalpapier","7":"product_cat-downloadprodukte","8":"product_tag-amerika","9":"product_tag-cowboyhut","10":"product_tag-designpapier","11":"product_tag-digitalpapier","12":"product_tag-download","13":"product_tag-druck","14":"product_tag-flugzeug","15":"product_tag-huete","16":"product_tag-kartengestaltung","17":"product_tag-ny-taxi","18":"product_tag-pdf","19":"product_tag-reise","20":"product_tag-reisen","21":"product_tag-scrapbook","22":"product_tag-sheriff","23":"product_tag-sheriffstern","24":"product_tag-skyline","25":"product_tag-sterne","26":"product_tag-streifen","27":"product_tag-taxi","29":"first","30":"instock","31":"downloadable","32":"virtual","33":"purchasable","34":"product-type-simple"},"aioseo_notices":[],"jetpack_sharing_enabled":true,"_links":{"self":[{"href":"https:\/\/mediendesign-moser.at\/shop\/index.php?rest_route=\/wp\/v2\/product\/4568","targetHints":{"allow":["GET"]}}],"collection":[{"href":"https:\/\/mediendesign-moser.at\/shop\/index.php?rest_route=\/wp\/v2\/product"}],"about":[{"href":"https:\/\/mediendesign-moser.at\/shop\/index.php?rest_route=\/wp\/v2\/types\/product"}],"replies":[{"embeddable":true,"href":"https:\/\/mediendesign-moser.at\/shop\/index.php?rest_route=%2Fwp%2Fv2%2Fcomments&post=4568"}],"wp:featuredmedia":[{"embeddable":true,"href":"https:\/\/mediendesign-moser.at\/shop\/index.php?rest_route=\/wp\/v2\/media\/4567"}],"wp:attachment":[{"href":"https:\/\/mediendesign-moser.at\/shop\/index.php?rest_route=%2Fwp%2Fv2%2Fmedia&parent=4568"}],"wp:term":[{"taxonomy":"product_cat","embeddable":true,"href":"https:\/\/mediendesign-moser.at\/shop\/index.php?rest_route=%2Fwp%2Fv2%2Fproduct_cat&post=4568"},{"taxonomy":"product_tag","embeddable":true,"href":"https:\/\/mediendesign-moser.at\/shop\/index.php?rest_route=%2Fwp%2Fv2%2Fproduct_tag&post=4568"}],"curies":[{"name":"wp","href":"https:\/\/api.w.org\/{rel}","templated":true}]}}