{"id":4434,"date":"2019-09-24T12:57:29","date_gmt":"2019-09-24T10:57:29","guid":{"rendered":"https:\/\/mediendesign-moser.at\/shop\/?post_type=product&#038;p=4434"},"modified":"2023-01-03T15:44:38","modified_gmt":"2023-01-03T14:44:38","slug":"download-schneidplotter-dateien-saurier-motive","status":"publish","type":"product","link":"https:\/\/mediendesign-moser.at\/shop\/?product=download-schneidplotter-dateien-saurier-motive","title":{"rendered":"Download: Schneidplotter-Dateien Saurier-Motive"},"content":{"rendered":"","protected":false},"excerpt":{"rendered":"<p>Mit diesen Dateien k\u00f6nnen die Papier-Einzelteile f\u00fcr die am Foto ersichtlichen Saurier-Motive, inkl. Ei und Saurier-Baby zugeschnitten werden.<br \/>\nF\u00fcr den Zuschnitt ben\u00f6tigen Sie einen Schneidplotter (z.B. Schneidplotter der Fa. Silhouette, Brother, Cricut, etc.).<br \/>\nEs wird au\u00dferdem empfohlen, als Verschlu\u00df f\u00fcr das Ei ein Paar Mini-Magnete zu verwenden.<br \/>\nEs gelten unsere\u00a0<a href=\"https:\/\/mediendesign-moser.at\/shop\/?page_id=758\" target=\"_blank\" rel=\"noopener\">Lizenzbedingungen<\/a>\u00a0f\u00fcr downloadbare Produkte.<a href=\"https:\/\/mediendesign-moser.at\/shop\/wp-content\/uploads\/2019\/09\/fotostrecke-saurier-motive-1.jpg\"><img loading=\"lazy\" decoding=\"async\" class=\"alignnone wp-image-5460 size-full\" src=\"https:\/\/mediendesign-moser.at\/shop\/wp-content\/uploads\/2019\/09\/fotostrecke-saurier-motive-1.jpg\" alt=\"\" width=\"620\" height=\"2567\" srcset=\"https:\/\/mediendesign-moser.at\/shop\/wp-content\/uploads\/2019\/09\/fotostrecke-saurier-motive-1.jpg 620w, https:\/\/mediendesign-moser.at\/shop\/wp-content\/uploads\/2019\/09\/fotostrecke-saurier-motive-1-247x1024.jpg 247w, https:\/\/mediendesign-moser.at\/shop\/wp-content\/uploads\/2019\/09\/fotostrecke-saurier-motive-1-600x2484.jpg 600w\" sizes=\"auto, (max-width: 620px) 100vw, 620px\" \/><\/a><\/p>\n","protected":false},"featured_media":4435,"comment_status":"closed","ping_status":"closed","template":"","meta":{"om_disable_all_campaigns":false,"_monsterinsights_skip_tracking":false,"_monsterinsights_sitenote_active":false,"_monsterinsights_sitenote_note":"","_monsterinsights_sitenote_category":0},"product_cat":[513,944,263],"product_tag":[542,1055,991,994,38,993,518,990,992,541,504,142,143,517],"class_list":{"0":"post-4434","1":"product","2":"type-product","3":"status-publish","4":"has-post-thumbnail","6":"product_cat-schneidplotter-svg-und-pdf","7":"product_cat-tiere-und-wildnis","8":"product_cat-downloadprodukte","9":"product_tag-brother","10":"product_tag-cricut","11":"product_tag-dinosaurier","12":"product_tag-dinosaurier-ei","13":"product_tag-download","14":"product_tag-ei","15":"product_tag-pdf","16":"product_tag-saurier","17":"product_tag-saurier-baby","18":"product_tag-scanncut","19":"product_tag-schneidplotter","20":"product_tag-schneidplotter-datei","21":"product_tag-silhouette","22":"product_tag-svg","24":"first","25":"instock","26":"downloadable","27":"virtual","28":"purchasable","29":"product-type-simple"},"aioseo_notices":[],"jetpack_sharing_enabled":true,"_links":{"self":[{"href":"https:\/\/mediendesign-moser.at\/shop\/index.php?rest_route=\/wp\/v2\/product\/4434","targetHints":{"allow":["GET"]}}],"collection":[{"href":"https:\/\/mediendesign-moser.at\/shop\/index.php?rest_route=\/wp\/v2\/product"}],"about":[{"href":"https:\/\/mediendesign-moser.at\/shop\/index.php?rest_route=\/wp\/v2\/types\/product"}],"replies":[{"embeddable":true,"href":"https:\/\/mediendesign-moser.at\/shop\/index.php?rest_route=%2Fwp%2Fv2%2Fcomments&post=4434"}],"wp:featuredmedia":[{"embeddable":true,"href":"https:\/\/mediendesign-moser.at\/shop\/index.php?rest_route=\/wp\/v2\/media\/4435"}],"wp:attachment":[{"href":"https:\/\/mediendesign-moser.at\/shop\/index.php?rest_route=%2Fwp%2Fv2%2Fmedia&parent=4434"}],"wp:term":[{"taxonomy":"product_cat","embeddable":true,"href":"https:\/\/mediendesign-moser.at\/shop\/index.php?rest_route=%2Fwp%2Fv2%2Fproduct_cat&post=4434"},{"taxonomy":"product_tag","embeddable":true,"href":"https:\/\/mediendesign-moser.at\/shop\/index.php?rest_route=%2Fwp%2Fv2%2Fproduct_tag&post=4434"}],"curies":[{"name":"wp","href":"https:\/\/api.w.org\/{rel}","templated":true}]}}