{"id":4159,"date":"2019-08-07T20:44:28","date_gmt":"2019-08-07T18:44:28","guid":{"rendered":"https:\/\/mediendesign-moser.at\/shop\/?post_type=product&#038;p=4159"},"modified":"2023-08-05T13:29:13","modified_gmt":"2023-08-05T11:29:13","slug":"download-schneidplotter-datei-fuer-ein-orientalisches-hotel","status":"publish","type":"product","link":"https:\/\/mediendesign-moser.at\/shop\/?product=download-schneidplotter-datei-fuer-ein-orientalisches-hotel","title":{"rendered":"Download: Schneidplotter-Datei f\u00fcr ein orientalisches Hotel"},"content":{"rendered":"","protected":false},"excerpt":{"rendered":"<p>Schneide Dateien Set (.svg, .dxf) f\u00fcr den Zuschnitt orientalischen Hotels.<br \/>\nDas Hotel (ohne Poolbereich) passt in eine Explosionsbox in <a href=\"https:\/\/mediendesign-moser.at\/shop\/?product=download-schneide-datei-bastelbogen-explosionsbox-in-standardgroesse\" target=\"_blank\" rel=\"noopener\">Standardgr\u00f6\u00dfe<\/a> (4x4x4\u2033),<br \/>\nHotel mit Poolbereich passt in eine Explosionsbox <a href=\"https:\/\/mediendesign-moser.at\/shop\/?product=download-schneide-datei-bastelbogen-explosionsbox-doppelte-breite\" target=\"_blank\" rel=\"noopener\">doppelte Breite<\/a> (4x8x4\u2033).<br \/>\nGr\u00f6\u00dfe des fertigen Hotels (ohne Poolbereich): 9,8 x 3,7 cm; H\u00f6he: 5,7 cm.<\/p>\n<p>Mit dieser Datei k\u00f6nnen die Papier-Einzelteile f\u00fcr das am Foto ersichtliche Hotel inkl. Poolbereich zugeschnitten werden.<br \/>\nSie ben\u00f6tigen eine Schneidemaschine mit Schneidemattengr\u00f6\u00dfe von mindestens 8 x 12\u2033 (z.B. Silhouette Portrait, Silhouette Cameo, Brother ScanNCut, Cricut Maker etc.).<\/p>\n<p>Ein ausdruckbares .pdf f\u00fcr den h\u00e4ndischen Zuschnitt ist ebenfalls in diesem Download enthalten.<\/p>\n<p>Im Download sind enthalten:<\/p>\n<ul>\n<li>SVG-Dateien f\u00fcr die Verwendung mit folgenden Schneideger\u00e4ten:<br \/>\nCricut, Brother ScanNCut, Silhouette Ger\u00e4te<\/li>\n<li>DXF-Dateien<\/li>\n<li>Bastelbogen zum Ausdrucken f\u00fcr manuellen Zuschnitt.<\/li>\n<\/ul>\n<p>Dieses Projekt wurde mit folgenden Schneideger\u00e4ten getestet:<br \/>\nSilhouette Cameo, Cricut Maker, Brother ScanNCut.<br \/>\nInfos und Anleitungen zur Verwendung mit den jeweiligen Ger\u00e4ten <a href=\"https:\/\/mediendesign-moser.at\/shop\/?page_id=6409\" target=\"_blank\" rel=\"noopener\">finden Sie hier<\/a>.<\/p>\n<p>Beachten Sie unsere \u00a0<a href=\"https:\/\/mediendesign-moser.at\/shop\/?page_id=758\" target=\"_blank\" rel=\"noopener\">Lizenzbedingungen<\/a>\u00a0f\u00fcr downloadbare Produkte.<\/p>\n<p><a href=\"https:\/\/mediendesign-moser.at\/shop\/wp-content\/uploads\/2019\/08\/fotostrecke-orientalisches-hotel-1.jpg\"><img loading=\"lazy\" decoding=\"async\" class=\"alignnone wp-image-5465 size-full\" src=\"https:\/\/mediendesign-moser.at\/shop\/wp-content\/uploads\/2019\/08\/fotostrecke-orientalisches-hotel-1.jpg\" alt=\"\" width=\"620\" height=\"1741\" srcset=\"https:\/\/mediendesign-moser.at\/shop\/wp-content\/uploads\/2019\/08\/fotostrecke-orientalisches-hotel-1.jpg 620w, https:\/\/mediendesign-moser.at\/shop\/wp-content\/uploads\/2019\/08\/fotostrecke-orientalisches-hotel-1-107x300.jpg 107w, https:\/\/mediendesign-moser.at\/shop\/wp-content\/uploads\/2019\/08\/fotostrecke-orientalisches-hotel-1-365x1024.jpg 365w, https:\/\/mediendesign-moser.at\/shop\/wp-content\/uploads\/2019\/08\/fotostrecke-orientalisches-hotel-1-600x1685.jpg 600w\" sizes=\"auto, (max-width: 620px) 100vw, 620px\" \/><\/a><\/p>\n<p><a href=\"https:\/\/mediendesign-moser.at\/shop\/wp-content\/uploads\/2019\/08\/DL-SPG025-oriental-hotel-p2.jpg\"><img loading=\"lazy\" decoding=\"async\" class=\"alignnone size-full wp-image-21098\" src=\"https:\/\/mediendesign-moser.at\/shop\/wp-content\/uploads\/2019\/08\/DL-SPG025-oriental-hotel-p2.jpg\" alt=\"\" width=\"620\" height=\"2620\" srcset=\"https:\/\/mediendesign-moser.at\/shop\/wp-content\/uploads\/2019\/08\/DL-SPG025-oriental-hotel-p2.jpg 620w, https:\/\/mediendesign-moser.at\/shop\/wp-content\/uploads\/2019\/08\/DL-SPG025-oriental-hotel-p2-71x300.jpg 71w, https:\/\/mediendesign-moser.at\/shop\/wp-content\/uploads\/2019\/08\/DL-SPG025-oriental-hotel-p2-242x1024.jpg 242w, https:\/\/mediendesign-moser.at\/shop\/wp-content\/uploads\/2019\/08\/DL-SPG025-oriental-hotel-p2-600x2535.jpg 600w\" sizes=\"auto, (max-width: 620px) 100vw, 620px\" \/><\/a><\/p>\n","protected":false},"featured_media":21091,"comment_status":"open","ping_status":"closed","template":"","meta":{"om_disable_all_campaigns":false,"_monsterinsights_skip_tracking":false,"_monsterinsights_sitenote_active":false,"_monsterinsights_sitenote_note":"","_monsterinsights_sitenote_category":0},"product_cat":[513,796,851,263],"product_tag":[542,1055,38,742,501,942,2175,971,503,518,541,504,142,143,517,743,412,964],"class_list":{"0":"post-4159","1":"product","2":"type-product","3":"status-publish","4":"has-post-thumbnail","6":"product_cat-schneidplotter-svg-und-pdf","7":"product_cat-gebaeude-schneidplotter-svg-und-pdf","8":"product_cat-urlaub","9":"product_cat-downloadprodukte","10":"product_tag-brother","11":"product_tag-cricut","12":"product_tag-download","13":"product_tag-hotel","14":"product_tag-modell","15":"product_tag-orient","16":"product_tag-oriental","17":"product_tag-orientalisch","18":"product_tag-papiermodell","19":"product_tag-pdf","20":"product_tag-scanncut","21":"product_tag-schneidplotter","22":"product_tag-schneidplotter-datei","23":"product_tag-silhouette","24":"product_tag-svg","25":"product_tag-uebernachtung","26":"product_tag-urlaub","27":"product_tag-wueste","29":"first","30":"instock","31":"downloadable","32":"virtual","33":"purchasable","34":"product-type-simple"},"aioseo_notices":[],"jetpack_sharing_enabled":true,"_links":{"self":[{"href":"https:\/\/mediendesign-moser.at\/shop\/index.php?rest_route=\/wp\/v2\/product\/4159","targetHints":{"allow":["GET"]}}],"collection":[{"href":"https:\/\/mediendesign-moser.at\/shop\/index.php?rest_route=\/wp\/v2\/product"}],"about":[{"href":"https:\/\/mediendesign-moser.at\/shop\/index.php?rest_route=\/wp\/v2\/types\/product"}],"replies":[{"embeddable":true,"href":"https:\/\/mediendesign-moser.at\/shop\/index.php?rest_route=%2Fwp%2Fv2%2Fcomments&post=4159"}],"wp:featuredmedia":[{"embeddable":true,"href":"https:\/\/mediendesign-moser.at\/shop\/index.php?rest_route=\/wp\/v2\/media\/21091"}],"wp:attachment":[{"href":"https:\/\/mediendesign-moser.at\/shop\/index.php?rest_route=%2Fwp%2Fv2%2Fmedia&parent=4159"}],"wp:term":[{"taxonomy":"product_cat","embeddable":true,"href":"https:\/\/mediendesign-moser.at\/shop\/index.php?rest_route=%2Fwp%2Fv2%2Fproduct_cat&post=4159"},{"taxonomy":"product_tag","embeddable":true,"href":"https:\/\/mediendesign-moser.at\/shop\/index.php?rest_route=%2Fwp%2Fv2%2Fproduct_tag&post=4159"}],"curies":[{"name":"wp","href":"https:\/\/api.w.org\/{rel}","templated":true}]}}