{"id":4144,"date":"2019-08-07T13:15:59","date_gmt":"2019-08-07T11:15:59","guid":{"rendered":"https:\/\/mediendesign-moser.at\/shop\/?post_type=product&#038;p=4144"},"modified":"2024-03-29T10:56:04","modified_gmt":"2024-03-29T09:56:04","slug":"download-schneidplotter-datei-fuer-wuestenlandschaft-und-moschee","status":"publish","type":"product","link":"https:\/\/mediendesign-moser.at\/shop\/?product=download-schneidplotter-datei-fuer-wuestenlandschaft-und-moschee","title":{"rendered":"Download: Schneidplotter-Datei f\u00fcr W\u00fcstenlandschaft und Moschee"},"content":{"rendered":"","protected":false},"excerpt":{"rendered":"<p>Schneide Dateien Set (.svg, .dxf, png) f\u00fcr den Zuschnitt f\u00fcr die auf den Fotos ersichtlichen Landschaften mit W\u00fcste +Kamele, sowie Landschaft mit Moschee.<\/p>\n<p>Mit dieser Datei k\u00f6nnen die Papier-Einzelteile f\u00fcr die am Foto ersichtlichen Landschaften zugeschnitten werden<\/p>\n<p>Die Gr\u00f6\u00dfe passt f\u00fcr Seitenw\u00e4nde von Explosionsboxen mit Standardgr\u00f6\u00dfe (4x4x4&#8243;), doppelte Breite (4x8x4&#8243;) sowie \u00dcbergr\u00f6\u00dfe (5x5x4&#8243;).<\/p>\n<p>Die beiden Motive sind au\u00dferdem f\u00fcr Print\/Cut Funktion deiner Schneidemaschine verwendbar<\/p>\n<p>Im Download sind enthalten:<\/p>\n<ul>\n<li>SVG-Dateien f\u00fcr die Verwendung mit folgenden Schneideger\u00e4ten:<br \/>\nBrother ScanNCut, Silhouette Ger\u00e4te<\/li>\n<li>PNG Dateien f\u00fcr Print\/Cut Funktion deines Cricut Ger\u00e4tes<\/li>\n<li>DXF-Dateien<\/li>\n<li>Bastelbogen zum Ausdrucken f\u00fcr manuellen Zuschnitt<\/li>\n<\/ul>\n<p>Dieses Projekt wurde mit folgenden Schneideger\u00e4ten getestet:<br \/>\nSilhouette Cameo, Cricut Maker, Brother ScanNCut.<br \/>\nInfos und Anleitungen zur Verwendung mit den jeweiligen Ger\u00e4ten <a href=\"https:\/\/mediendesign-moser.at\/shop\/?page_id=6409\" target=\"_blank\" rel=\"noopener\">findest du hier<\/a>.<\/p>\n<p>Beachte bitte unsere \u00a0<a href=\"https:\/\/mediendesign-moser.at\/shop\/?page_id=758\" target=\"_blank\" rel=\"noopener\">Lizenzbedingungen<\/a>\u00a0f\u00fcr downloadbare Produkte.<\/p>\n<p><a href=\"https:\/\/mediendesign-moser.at\/shop\/wp-content\/uploads\/2024\/03\/DL-SPLAN035-desert-mosque.jpg\"><img loading=\"lazy\" decoding=\"async\" class=\"alignnone size-full wp-image-23522\" src=\"https:\/\/mediendesign-moser.at\/shop\/wp-content\/uploads\/2024\/03\/DL-SPLAN035-desert-mosque.jpg\" alt=\"\" width=\"1280\" height=\"3360\" srcset=\"https:\/\/mediendesign-moser.at\/shop\/wp-content\/uploads\/2024\/03\/DL-SPLAN035-desert-mosque.jpg 1280w, https:\/\/mediendesign-moser.at\/shop\/wp-content\/uploads\/2024\/03\/DL-SPLAN035-desert-mosque-114x300.jpg 114w, https:\/\/mediendesign-moser.at\/shop\/wp-content\/uploads\/2024\/03\/DL-SPLAN035-desert-mosque-768x2016.jpg 768w, https:\/\/mediendesign-moser.at\/shop\/wp-content\/uploads\/2024\/03\/DL-SPLAN035-desert-mosque-390x1024.jpg 390w, https:\/\/mediendesign-moser.at\/shop\/wp-content\/uploads\/2024\/03\/DL-SPLAN035-desert-mosque-600x1575.jpg 600w\" sizes=\"auto, (max-width: 1280px) 100vw, 1280px\" \/><\/a><\/p>\n","protected":false},"featured_media":23520,"comment_status":"open","ping_status":"closed","template":"","meta":{"om_disable_all_campaigns":false,"_monsterinsights_skip_tracking":false,"_monsterinsights_sitenote_active":false,"_monsterinsights_sitenote_note":"","_monsterinsights_sitenote_category":0},"product_cat":[513,796,851,263],"product_tag":[542,144,38,969,966,967,611,965,970,942,518,99,541,504,142,612,143,505,517,412,964,968],"class_list":{"0":"post-4144","1":"product","2":"type-product","3":"status-publish","4":"has-post-thumbnail","6":"product_cat-schneidplotter-svg-und-pdf","7":"product_cat-gebaeude-schneidplotter-svg-und-pdf","8":"product_cat-urlaub","9":"product_cat-downloadprodukte","10":"product_tag-brother","11":"product_tag-cameo","12":"product_tag-download","13":"product_tag-dromedar","14":"product_tag-kamel","15":"product_tag-kamele","16":"product_tag-landschaft","17":"product_tag-moschee","18":"product_tag-naher-osten","19":"product_tag-orient","20":"product_tag-pdf","21":"product_tag-reise","22":"product_tag-scanncut","23":"product_tag-schneidplotter","24":"product_tag-schneidplotter-datei","25":"product_tag-seitenwand","26":"product_tag-silhouette","27":"product_tag-silhouette-cameo","28":"product_tag-svg","29":"product_tag-urlaub","30":"product_tag-wueste","31":"product_tag-wuestenlandschaft","33":"first","34":"instock","35":"downloadable","36":"virtual","37":"purchasable","38":"product-type-simple"},"aioseo_notices":[],"jetpack_sharing_enabled":true,"_links":{"self":[{"href":"https:\/\/mediendesign-moser.at\/shop\/index.php?rest_route=\/wp\/v2\/product\/4144","targetHints":{"allow":["GET"]}}],"collection":[{"href":"https:\/\/mediendesign-moser.at\/shop\/index.php?rest_route=\/wp\/v2\/product"}],"about":[{"href":"https:\/\/mediendesign-moser.at\/shop\/index.php?rest_route=\/wp\/v2\/types\/product"}],"replies":[{"embeddable":true,"href":"https:\/\/mediendesign-moser.at\/shop\/index.php?rest_route=%2Fwp%2Fv2%2Fcomments&post=4144"}],"wp:featuredmedia":[{"embeddable":true,"href":"https:\/\/mediendesign-moser.at\/shop\/index.php?rest_route=\/wp\/v2\/media\/23520"}],"wp:attachment":[{"href":"https:\/\/mediendesign-moser.at\/shop\/index.php?rest_route=%2Fwp%2Fv2%2Fmedia&parent=4144"}],"wp:term":[{"taxonomy":"product_cat","embeddable":true,"href":"https:\/\/mediendesign-moser.at\/shop\/index.php?rest_route=%2Fwp%2Fv2%2Fproduct_cat&post=4144"},{"taxonomy":"product_tag","embeddable":true,"href":"https:\/\/mediendesign-moser.at\/shop\/index.php?rest_route=%2Fwp%2Fv2%2Fproduct_tag&post=4144"}],"curies":[{"name":"wp","href":"https:\/\/api.w.org\/{rel}","templated":true}]}}