{"id":4109,"date":"2019-08-03T14:17:23","date_gmt":"2019-08-03T12:17:23","guid":{"rendered":"https:\/\/mediendesign-moser.at\/shop\/?post_type=product&#038;p=4109"},"modified":"2023-01-03T15:43:59","modified_gmt":"2023-01-03T14:43:59","slug":"download-stiftfoermige-box","status":"publish","type":"product","link":"https:\/\/mediendesign-moser.at\/shop\/?product=download-stiftfoermige-box","title":{"rendered":"Download: Schneide Datei \/ Bastelbogen Stiftf\u00f6rmige Box"},"content":{"rendered":"","protected":false},"excerpt":{"rendered":"<p>Schneide Datei (.svg, .dxf) f\u00fcr den Zuschnitt stiftf\u00f6rmiger Verpackungen.<\/p>\n<p>Mit diesem Download k\u00f6nnen die Papierteile f\u00fcr die auf den Fotos ersichtlichen Verpackungsboxen geschnitten werden.<\/p>\n<p>Die stiftf\u00f6rmigen Verpackungen sind in einer l\u00e4ngeren und in einer k\u00fcrzeren Variante in den Downloaddateien enthalten.<\/p>\n<p>Im Download sind enthalten:<\/p>\n<ul>\n<li>SVG-Dateien f\u00fcr die Verwendung mit folgenden Schneideger\u00e4ten:<br \/>\nCricut, Brother ScanNCut, oder Silhouette-Ger\u00e4te<\/li>\n<li>DXF-Dateien<\/li>\n<li>Bastelbogen zum Ausdrucken f\u00fcr manuellen Zuschnitt.<\/li>\n<\/ul>\n<p>Dieses Projekt wurde mit folgenden Schneideger\u00e4ten getestet:<br \/>\nSilhouette Cameo, Cricut Maker, Brother ScanNCut.<br \/>\nInfos und Anleitungen zur Verwendung mit den jeweiligen Ger\u00e4ten <a href=\"https:\/\/mediendesign-moser.at\/shop\/?page_id=6409\" target=\"_blank\" rel=\"noopener\">finden Sie hier<\/a>.<\/p>\n<p>Beachten Sie unsere \u00a0<a href=\"https:\/\/mediendesign-moser.at\/shop\/?page_id=758\" target=\"_blank\" rel=\"noopener\">Lizenzbedingungen<\/a>\u00a0f\u00fcr downloadbare Produkte.<\/p>\n<p><a href=\"https:\/\/mediendesign-moser.at\/shop\/wp-content\/uploads\/2019\/08\/fotostrecke-stiftbox-1.jpg\"><img loading=\"lazy\" decoding=\"async\" class=\"alignnone wp-image-5467 size-full\" src=\"https:\/\/mediendesign-moser.at\/shop\/wp-content\/uploads\/2019\/08\/fotostrecke-stiftbox-1.jpg\" alt=\"\" width=\"620\" height=\"1753\" srcset=\"https:\/\/mediendesign-moser.at\/shop\/wp-content\/uploads\/2019\/08\/fotostrecke-stiftbox-1.jpg 620w, https:\/\/mediendesign-moser.at\/shop\/wp-content\/uploads\/2019\/08\/fotostrecke-stiftbox-1-106x300.jpg 106w, https:\/\/mediendesign-moser.at\/shop\/wp-content\/uploads\/2019\/08\/fotostrecke-stiftbox-1-362x1024.jpg 362w, https:\/\/mediendesign-moser.at\/shop\/wp-content\/uploads\/2019\/08\/fotostrecke-stiftbox-1-600x1696.jpg 600w\" sizes=\"auto, (max-width: 620px) 100vw, 620px\" \/><\/a><\/p>\n","protected":false},"featured_media":4113,"comment_status":"closed","ping_status":"closed","template":"","meta":{"om_disable_all_campaigns":false,"_monsterinsights_skip_tracking":false,"_monsterinsights_sitenote_active":false,"_monsterinsights_sitenote_note":"","_monsterinsights_sitenote_category":0},"product_cat":[513,815,962,799,263],"product_tag":[542,1055,38,122,518,541,504,142,632,961,960,143,957,958,959,517,353],"class_list":{"0":"post-4109","1":"product","2":"type-product","3":"status-publish","4":"has-post-thumbnail","6":"product_cat-schneidplotter-svg-und-pdf","7":"product_cat-baby-und-kind-schneidplotter-svg-und-pdf","8":"product_cat-schule-und-bildung","9":"product_cat-verpackungen-schneidplotter-svg-und-pdf","10":"product_cat-downloadprodukte","11":"product_tag-brother","12":"product_tag-cricut","13":"product_tag-download","14":"product_tag-geschenkverpackung","15":"product_tag-pdf","16":"product_tag-scanncut","17":"product_tag-schneidplotter","18":"product_tag-schneidplotter-datei","19":"product_tag-schulanfang","20":"product_tag-schulanfaenger","21":"product_tag-schule","22":"product_tag-silhouette","23":"product_tag-stiftbox","24":"product_tag-stiftfoermig","25":"product_tag-stiftfoermige-box","26":"product_tag-svg","27":"product_tag-verpackung","29":"first","30":"instock","31":"downloadable","32":"virtual","33":"purchasable","34":"product-type-simple"},"aioseo_notices":[],"jetpack_sharing_enabled":true,"_links":{"self":[{"href":"https:\/\/mediendesign-moser.at\/shop\/index.php?rest_route=\/wp\/v2\/product\/4109","targetHints":{"allow":["GET"]}}],"collection":[{"href":"https:\/\/mediendesign-moser.at\/shop\/index.php?rest_route=\/wp\/v2\/product"}],"about":[{"href":"https:\/\/mediendesign-moser.at\/shop\/index.php?rest_route=\/wp\/v2\/types\/product"}],"replies":[{"embeddable":true,"href":"https:\/\/mediendesign-moser.at\/shop\/index.php?rest_route=%2Fwp%2Fv2%2Fcomments&post=4109"}],"wp:featuredmedia":[{"embeddable":true,"href":"https:\/\/mediendesign-moser.at\/shop\/index.php?rest_route=\/wp\/v2\/media\/4113"}],"wp:attachment":[{"href":"https:\/\/mediendesign-moser.at\/shop\/index.php?rest_route=%2Fwp%2Fv2%2Fmedia&parent=4109"}],"wp:term":[{"taxonomy":"product_cat","embeddable":true,"href":"https:\/\/mediendesign-moser.at\/shop\/index.php?rest_route=%2Fwp%2Fv2%2Fproduct_cat&post=4109"},{"taxonomy":"product_tag","embeddable":true,"href":"https:\/\/mediendesign-moser.at\/shop\/index.php?rest_route=%2Fwp%2Fv2%2Fproduct_tag&post=4109"}],"curies":[{"name":"wp","href":"https:\/\/api.w.org\/{rel}","templated":true}]}}