{"id":4035,"date":"2019-07-23T14:13:02","date_gmt":"2019-07-23T12:13:02","guid":{"rendered":"https:\/\/mediendesign-moser.at\/shop\/?post_type=product&#038;p=4035"},"modified":"2023-01-03T15:40:42","modified_gmt":"2023-01-03T14:40:42","slug":"download-schneidplotter-datei-fuer-bergpanorama-2d","status":"publish","type":"product","link":"https:\/\/mediendesign-moser.at\/shop\/?product=download-schneidplotter-datei-fuer-bergpanorama-2d","title":{"rendered":"Download: Schneide Datei \/ Bastelbogen f\u00fcr Bergpanorama (2D)"},"content":{"rendered":"","protected":false},"excerpt":{"rendered":"<p>Schneide Datei (.svg, .dxf) f\u00fcr den Zuschnitt eines Bergpanoramas (2D-Fl\u00e4che).<\/p>\n<p>Mit diesem Download k\u00f6nnen die Papierteile f\u00fcr den die Berge (Fotos) geschnitten werden.<\/p>\n<p>Diese Landschaftsfl\u00e4chen sind ideal \u00a0um \u00a0z.B. Seitenw\u00e4nde von Explosionsboxen (Gr\u00f6\u00dfe 4&#215;4&#8243; und 4&#215;8&#8243;) zu gestalten.<\/p>\n<p>Im Download sind enthalten:<\/p>\n<ul>\n<li>SVG-Dateien f\u00fcr die Verwendung mit folgenden Schneideger\u00e4ten:<br \/>\nCricut, Brother ScanNCut, oder Silhouette-Ger\u00e4te<\/li>\n<li>DXF-Dateien<\/li>\n<li>Bastelbogen zum Ausdrucken f\u00fcr manuellen Zuschnitt.<\/li>\n<\/ul>\n<p>Dieses Projekt wurde mit folgenden Schneideger\u00e4ten getestet:<br \/>\nSilhouette Cameo, Cricut Maker, Brother ScanNCut.<br \/>\nInfos und Anleitungen zur Verwendung mit den jeweiligen Ger\u00e4ten <a href=\"https:\/\/mediendesign-moser.at\/shop\/?page_id=6409\" target=\"_blank\" rel=\"noopener\">finden Sie hier<\/a>.<\/p>\n<p>Beachten Sie unsere \u00a0<a href=\"https:\/\/mediendesign-moser.at\/shop\/?page_id=758\" target=\"_blank\" rel=\"noopener\">Lizenzbedingungen<\/a>\u00a0f\u00fcr downloadbare Produkte.<\/p>\n","protected":false},"featured_media":4036,"comment_status":"closed","ping_status":"closed","template":"","meta":{"om_disable_all_campaigns":false,"_monsterinsights_skip_tracking":false,"_monsterinsights_sitenote_active":false,"_monsterinsights_sitenote_note":"","_monsterinsights_sitenote_category":0},"product_cat":[513,803,851,263],"product_tag":[586,89,418,948,1056,542,38,949,611,2079,518,99,541,504,142,612,143,517,412,323],"class_list":{"0":"post-4035","1":"product","2":"type-product","3":"status-publish","4":"has-post-thumbnail","6":"product_cat-schneidplotter-svg-und-pdf","7":"product_cat-freizeit-schneidplotter-svg-und-pdf","8":"product_cat-urlaub","9":"product_cat-downloadprodukte","10":"product_tag-alpen","11":"product_tag-ausflug","12":"product_tag-berge","13":"product_tag-bergpanorama","14":"product_tag-bergsteigen","15":"product_tag-brother","16":"product_tag-download","17":"product_tag-gebirge","18":"product_tag-landschaft","19":"product_tag-mountain","20":"product_tag-pdf","21":"product_tag-reise","22":"product_tag-scanncut","23":"product_tag-schneidplotter","24":"product_tag-schneidplotter-datei","25":"product_tag-seitenwand","26":"product_tag-silhouette","27":"product_tag-svg","28":"product_tag-urlaub","29":"product_tag-wandern","31":"first","32":"instock","33":"downloadable","34":"virtual","35":"purchasable","36":"product-type-simple"},"aioseo_notices":[],"jetpack_sharing_enabled":true,"_links":{"self":[{"href":"https:\/\/mediendesign-moser.at\/shop\/index.php?rest_route=\/wp\/v2\/product\/4035","targetHints":{"allow":["GET"]}}],"collection":[{"href":"https:\/\/mediendesign-moser.at\/shop\/index.php?rest_route=\/wp\/v2\/product"}],"about":[{"href":"https:\/\/mediendesign-moser.at\/shop\/index.php?rest_route=\/wp\/v2\/types\/product"}],"replies":[{"embeddable":true,"href":"https:\/\/mediendesign-moser.at\/shop\/index.php?rest_route=%2Fwp%2Fv2%2Fcomments&post=4035"}],"wp:featuredmedia":[{"embeddable":true,"href":"https:\/\/mediendesign-moser.at\/shop\/index.php?rest_route=\/wp\/v2\/media\/4036"}],"wp:attachment":[{"href":"https:\/\/mediendesign-moser.at\/shop\/index.php?rest_route=%2Fwp%2Fv2%2Fmedia&parent=4035"}],"wp:term":[{"taxonomy":"product_cat","embeddable":true,"href":"https:\/\/mediendesign-moser.at\/shop\/index.php?rest_route=%2Fwp%2Fv2%2Fproduct_cat&post=4035"},{"taxonomy":"product_tag","embeddable":true,"href":"https:\/\/mediendesign-moser.at\/shop\/index.php?rest_route=%2Fwp%2Fv2%2Fproduct_tag&post=4035"}],"curies":[{"name":"wp","href":"https:\/\/api.w.org\/{rel}","templated":true}]}}