{"id":3829,"date":"2019-06-22T15:53:09","date_gmt":"2019-06-22T13:53:09","guid":{"rendered":"http:\/\/mediendesign-moser.at\/shop\/?post_type=product&#038;p=3829"},"modified":"2023-01-03T15:37:01","modified_gmt":"2023-01-03T14:37:01","slug":"download-schneidplotter-dateien-kuecheneinrichtung","status":"publish","type":"product","link":"https:\/\/mediendesign-moser.at\/shop\/?product=download-schneidplotter-dateien-kuecheneinrichtung","title":{"rendered":"Download: Schneide Datei \/ Bastelbogen K\u00fccheneinrichtung"},"content":{"rendered":"","protected":false},"excerpt":{"rendered":"<p>Mit diesen Dateien k\u00f6nnen die Papier-Einzelteile f\u00fcr die am Foto ersichtliche K\u00fccheneinrichtung zugeschnitten werden.<br \/>\nF\u00fcr den Zuschnitt ben\u00f6tigen Sie einen Schneidplotter (z.B. Schneidplotter der Fa. Silhouette, Brother, Cricut, etc).<br \/>\nEin .pdf ist ebenfalls in diesem Download enthalten.<br \/>\nDie Gr\u00f6\u00dfe dieser K\u00fccheneinrichtung passt f\u00fcr eine Explosionsbox mit 4&#8243; Seitenkantenl\u00e4nge (= ca 10 cm Seitenkantenl\u00e4nge)<br \/>\nEs gelten unsere\u00a0<a href=\"https:\/\/mediendesign-moser.at\/shop\/?page_id=758\" target=\"_blank\" rel=\"noopener\">Lizenzbedingungen<\/a>\u00a0f\u00fcr downloadbare Produkte.<a href=\"https:\/\/mediendesign-moser.at\/shop\/wp-content\/uploads\/2019\/06\/fotostrecke-kuecheneinrichtung.jpg\"><img loading=\"lazy\" decoding=\"async\" class=\"alignnone wp-image-5482 size-full\" src=\"https:\/\/mediendesign-moser.at\/shop\/wp-content\/uploads\/2019\/06\/fotostrecke-kuecheneinrichtung.jpg\" alt=\"\" width=\"620\" height=\"2979\" srcset=\"https:\/\/mediendesign-moser.at\/shop\/wp-content\/uploads\/2019\/06\/fotostrecke-kuecheneinrichtung.jpg 620w, https:\/\/mediendesign-moser.at\/shop\/wp-content\/uploads\/2019\/06\/fotostrecke-kuecheneinrichtung-213x1024.jpg 213w, https:\/\/mediendesign-moser.at\/shop\/wp-content\/uploads\/2019\/06\/fotostrecke-kuecheneinrichtung-600x2883.jpg 600w\" sizes=\"auto, (max-width: 620px) 100vw, 620px\" \/><\/a><\/p>\n<p>&nbsp;<\/p>\n","protected":false},"featured_media":3837,"comment_status":"closed","ping_status":"closed","template":"","meta":{"om_disable_all_campaigns":false,"_monsterinsights_skip_tracking":false,"_monsterinsights_sitenote_active":false,"_monsterinsights_sitenote_note":"","_monsterinsights_sitenote_category":0},"product_cat":[1124,513,807,263],"product_tag":[542,1055,1158,1159,38,895,912,51,712,913,697,910,909,911,518,896,541,504,142,143,517],"class_list":{"0":"post-3829","1":"product","2":"type-product","3":"status-publish","4":"has-post-thumbnail","6":"product_cat-bastelboegen","7":"product_cat-schneidplotter-svg-und-pdf","8":"product_cat-moebel-u-einrichtung-schneidplotter-svg-und-pdf","9":"product_cat-downloadprodukte","10":"product_tag-brother","11":"product_tag-cricut","12":"product_tag-cucina","13":"product_tag-cuisine","14":"product_tag-download","15":"product_tag-einrichtung","16":"product_tag-eisschrank","17":"product_tag-explosionsbox","18":"product_tag-garnitur","19":"product_tag-herd","20":"product_tag-kueche","21":"product_tag-kuecheneinrichtung","22":"product_tag-kuechenmoebel","23":"product_tag-kuechenschrank","24":"product_tag-pdf","25":"product_tag-puppenhaus","26":"product_tag-scanncut","27":"product_tag-schneidplotter","28":"product_tag-schneidplotter-datei","29":"product_tag-silhouette","30":"product_tag-svg","32":"first","33":"instock","34":"downloadable","35":"virtual","36":"purchasable","37":"product-type-simple"},"aioseo_notices":[],"jetpack_sharing_enabled":true,"_links":{"self":[{"href":"https:\/\/mediendesign-moser.at\/shop\/index.php?rest_route=\/wp\/v2\/product\/3829","targetHints":{"allow":["GET"]}}],"collection":[{"href":"https:\/\/mediendesign-moser.at\/shop\/index.php?rest_route=\/wp\/v2\/product"}],"about":[{"href":"https:\/\/mediendesign-moser.at\/shop\/index.php?rest_route=\/wp\/v2\/types\/product"}],"replies":[{"embeddable":true,"href":"https:\/\/mediendesign-moser.at\/shop\/index.php?rest_route=%2Fwp%2Fv2%2Fcomments&post=3829"}],"wp:featuredmedia":[{"embeddable":true,"href":"https:\/\/mediendesign-moser.at\/shop\/index.php?rest_route=\/wp\/v2\/media\/3837"}],"wp:attachment":[{"href":"https:\/\/mediendesign-moser.at\/shop\/index.php?rest_route=%2Fwp%2Fv2%2Fmedia&parent=3829"}],"wp:term":[{"taxonomy":"product_cat","embeddable":true,"href":"https:\/\/mediendesign-moser.at\/shop\/index.php?rest_route=%2Fwp%2Fv2%2Fproduct_cat&post=3829"},{"taxonomy":"product_tag","embeddable":true,"href":"https:\/\/mediendesign-moser.at\/shop\/index.php?rest_route=%2Fwp%2Fv2%2Fproduct_tag&post=3829"}],"curies":[{"name":"wp","href":"https:\/\/api.w.org\/{rel}","templated":true}]}}