{"id":3731,"date":"2019-06-04T14:38:45","date_gmt":"2019-06-04T12:38:45","guid":{"rendered":"http:\/\/mediendesign-moser.at\/shop\/?post_type=product&#038;p=3731"},"modified":"2023-01-03T15:36:34","modified_gmt":"2023-01-03T14:36:34","slug":"download-schneidplotter-dateien-schlafzimmermoebel","status":"publish","type":"product","link":"https:\/\/mediendesign-moser.at\/shop\/?product=download-schneidplotter-dateien-schlafzimmermoebel","title":{"rendered":"Download: Schneidplotter-Dateien Schlafzimmerm\u00f6bel"},"content":{"rendered":"","protected":false},"excerpt":{"rendered":"<p>Mit diesen Dateien k\u00f6nnen die Papier-Einzelteile f\u00fcr die am Foto ersichtliche Schlafzimmereinrichtung zugeschnitten werden.<br \/>\nF\u00fcr den Zuschnitt ben\u00f6tigen Sie einen Schneidplotter (z.B. Schneidplotter der Fa. Silhouette, Brother, Cricut, etc).<br \/>\nEin .pdf ist ebenfalls in diesem Download enthalten.<br \/>\nEs gelten unsere\u00a0<a href=\"https:\/\/mediendesign-moser.at\/shop\/?page_id=758\" target=\"_blank\" rel=\"noopener\">Lizenzbedingungen<\/a>\u00a0f\u00fcr downloadbare Produkte.<a href=\"https:\/\/mediendesign-moser.at\/shop\/wp-content\/uploads\/2019\/06\/fotostrecke-schlafzimmerm\u00f6bel-1.jpg\"><img loading=\"lazy\" decoding=\"async\" class=\"alignnone wp-image-5484 size-full\" src=\"https:\/\/mediendesign-moser.at\/shop\/wp-content\/uploads\/2019\/06\/fotostrecke-schlafzimmerm\u00f6bel-1.jpg\" alt=\"\" width=\"620\" height=\"2422\" srcset=\"https:\/\/mediendesign-moser.at\/shop\/wp-content\/uploads\/2019\/06\/fotostrecke-schlafzimmerm\u00f6bel-1.jpg 620w, https:\/\/mediendesign-moser.at\/shop\/wp-content\/uploads\/2019\/06\/fotostrecke-schlafzimmerm\u00f6bel-1-77x300.jpg 77w, https:\/\/mediendesign-moser.at\/shop\/wp-content\/uploads\/2019\/06\/fotostrecke-schlafzimmerm\u00f6bel-1-262x1024.jpg 262w, https:\/\/mediendesign-moser.at\/shop\/wp-content\/uploads\/2019\/06\/fotostrecke-schlafzimmerm\u00f6bel-1-600x2344.jpg 600w\" sizes=\"auto, (max-width: 620px) 100vw, 620px\" \/><\/a><a href=\"https:\/\/mediendesign-moser.at\/shop\/wp-content\/uploads\/2019\/06\/fotostrecke-schlafzimmeraccessoires-1.jpg\"><img loading=\"lazy\" decoding=\"async\" class=\"alignnone wp-image-5485 size-full\" src=\"https:\/\/mediendesign-moser.at\/shop\/wp-content\/uploads\/2019\/06\/fotostrecke-schlafzimmeraccessoires-1.jpg\" alt=\"\" width=\"620\" height=\"1482\" srcset=\"https:\/\/mediendesign-moser.at\/shop\/wp-content\/uploads\/2019\/06\/fotostrecke-schlafzimmeraccessoires-1.jpg 620w, https:\/\/mediendesign-moser.at\/shop\/wp-content\/uploads\/2019\/06\/fotostrecke-schlafzimmeraccessoires-1-126x300.jpg 126w, https:\/\/mediendesign-moser.at\/shop\/wp-content\/uploads\/2019\/06\/fotostrecke-schlafzimmeraccessoires-1-428x1024.jpg 428w, https:\/\/mediendesign-moser.at\/shop\/wp-content\/uploads\/2019\/06\/fotostrecke-schlafzimmeraccessoires-1-600x1434.jpg 600w\" sizes=\"auto, (max-width: 620px) 100vw, 620px\" \/><\/a><\/p>\n<p>&nbsp;<\/p>\n","protected":false},"featured_media":3730,"comment_status":"closed","ping_status":"closed","template":"","meta":{"om_disable_all_campaigns":false,"_monsterinsights_skip_tracking":false,"_monsterinsights_sitenote_active":false,"_monsterinsights_sitenote_note":"","_monsterinsights_sitenote_category":0},"product_cat":[513,807,263],"product_tag":[894,889,542,1055,890,38,895,712,891,1166,1167,1168,518,896,541,888,897,893,892,504,142,143,517],"class_list":{"0":"post-3731","1":"product","2":"type-product","3":"status-publish","4":"has-post-thumbnail","6":"product_cat-schneidplotter-svg-und-pdf","7":"product_cat-moebel-u-einrichtung-schneidplotter-svg-und-pdf","8":"product_cat-downloadprodukte","9":"product_tag-accessoires","10":"product_tag-bett","11":"product_tag-brother","12":"product_tag-cricut","13":"product_tag-doppelbett","14":"product_tag-download","15":"product_tag-einrichtung","16":"product_tag-garnitur","17":"product_tag-kommode","18":"product_tag-meubles-de-chambre","19":"product_tag-mobili-da-camera-da-letto","20":"product_tag-muebles-de-dormitorio","21":"product_tag-pdf","22":"product_tag-puppenhaus","23":"product_tag-scanncut","24":"product_tag-schlafzimmer","25":"product_tag-schlafzimmereinrichtung","26":"product_tag-schlafzimmergarnitur","27":"product_tag-schlafzimmermoebel","28":"product_tag-schneidplotter","29":"product_tag-schneidplotter-datei","30":"product_tag-silhouette","31":"product_tag-svg","33":"first","34":"instock","35":"downloadable","36":"virtual","37":"purchasable","38":"product-type-simple"},"aioseo_notices":[],"jetpack_sharing_enabled":true,"_links":{"self":[{"href":"https:\/\/mediendesign-moser.at\/shop\/index.php?rest_route=\/wp\/v2\/product\/3731","targetHints":{"allow":["GET"]}}],"collection":[{"href":"https:\/\/mediendesign-moser.at\/shop\/index.php?rest_route=\/wp\/v2\/product"}],"about":[{"href":"https:\/\/mediendesign-moser.at\/shop\/index.php?rest_route=\/wp\/v2\/types\/product"}],"replies":[{"embeddable":true,"href":"https:\/\/mediendesign-moser.at\/shop\/index.php?rest_route=%2Fwp%2Fv2%2Fcomments&post=3731"}],"wp:featuredmedia":[{"embeddable":true,"href":"https:\/\/mediendesign-moser.at\/shop\/index.php?rest_route=\/wp\/v2\/media\/3730"}],"wp:attachment":[{"href":"https:\/\/mediendesign-moser.at\/shop\/index.php?rest_route=%2Fwp%2Fv2%2Fmedia&parent=3731"}],"wp:term":[{"taxonomy":"product_cat","embeddable":true,"href":"https:\/\/mediendesign-moser.at\/shop\/index.php?rest_route=%2Fwp%2Fv2%2Fproduct_cat&post=3731"},{"taxonomy":"product_tag","embeddable":true,"href":"https:\/\/mediendesign-moser.at\/shop\/index.php?rest_route=%2Fwp%2Fv2%2Fproduct_tag&post=3731"}],"curies":[{"name":"wp","href":"https:\/\/api.w.org\/{rel}","templated":true}]}}