{"id":3592,"date":"2019-05-16T08:00:58","date_gmt":"2019-05-16T06:00:58","guid":{"rendered":"http:\/\/mediendesign-moser.at\/shop\/?post_type=product&#038;p=3592"},"modified":"2023-01-03T15:35:52","modified_gmt":"2023-01-03T14:35:52","slug":"download-schneidplotter-datei-fuer-amboss-und-werkzeuge","status":"publish","type":"product","link":"https:\/\/mediendesign-moser.at\/shop\/?product=download-schneidplotter-datei-fuer-amboss-und-werkzeuge","title":{"rendered":"Download: Schneidplotter-Datei f\u00fcr Amboss und Werkzeuge"},"content":{"rendered":"","protected":false},"excerpt":{"rendered":"<p>Mit dieser Datei k\u00f6nnen die Papier-Einzelteile f\u00fcr den am Foto ersichtlichen Amboss mitsamt Werkzeugen zugeschnitten werden.<br \/>\nF\u00fcr den Zuschnitt ben\u00f6tigen Sie einen Schneidplotter (z.B. Schneidplotter der Fa. Silhouette, oder eine andere Schneidplotter-Marke welche .svg-Dateien verarbeiten kann).<br \/>\nEin ausdruckbares .pdf ist ebenfalls in diesem Download enthalten.<br \/>\nEs gelten unsere\u00a0<a href=\"https:\/\/mediendesign-moser.at\/shop\/?page_id=758\" target=\"_blank\" rel=\"noopener\">Lizenzbedingungen<\/a>\u00a0f\u00fcr downloadbare Produkte.<a href=\"https:\/\/mediendesign-moser.at\/shop\/wp-content\/uploads\/2019\/05\/fotostrecke-amboss.jpg\"><img loading=\"lazy\" decoding=\"async\" class=\"alignnone size-full wp-image-3585\" src=\"https:\/\/mediendesign-moser.at\/shop\/wp-content\/uploads\/2019\/05\/fotostrecke-amboss.jpg\" alt=\"\" width=\"620\" height=\"1550\" srcset=\"https:\/\/mediendesign-moser.at\/shop\/wp-content\/uploads\/2019\/05\/fotostrecke-amboss.jpg 620w, https:\/\/mediendesign-moser.at\/shop\/wp-content\/uploads\/2019\/05\/fotostrecke-amboss-120x300.jpg 120w, https:\/\/mediendesign-moser.at\/shop\/wp-content\/uploads\/2019\/05\/fotostrecke-amboss-410x1024.jpg 410w, https:\/\/mediendesign-moser.at\/shop\/wp-content\/uploads\/2019\/05\/fotostrecke-amboss-600x1500.jpg 600w\" sizes=\"auto, (max-width: 620px) 100vw, 620px\" \/><\/a><a href=\"https:\/\/mediendesign-moser.at\/shop\/wp-content\/uploads\/2019\/05\/fotostrecke-mini-hammer.jpg\"><img loading=\"lazy\" decoding=\"async\" class=\"alignnone size-full wp-image-3586\" src=\"https:\/\/mediendesign-moser.at\/shop\/wp-content\/uploads\/2019\/05\/fotostrecke-mini-hammer.jpg\" alt=\"\" width=\"620\" height=\"1526\" srcset=\"https:\/\/mediendesign-moser.at\/shop\/wp-content\/uploads\/2019\/05\/fotostrecke-mini-hammer.jpg 620w, https:\/\/mediendesign-moser.at\/shop\/wp-content\/uploads\/2019\/05\/fotostrecke-mini-hammer-122x300.jpg 122w, https:\/\/mediendesign-moser.at\/shop\/wp-content\/uploads\/2019\/05\/fotostrecke-mini-hammer-416x1024.jpg 416w, https:\/\/mediendesign-moser.at\/shop\/wp-content\/uploads\/2019\/05\/fotostrecke-mini-hammer-600x1477.jpg 600w\" sizes=\"auto, (max-width: 620px) 100vw, 620px\" \/><\/a><\/p>\n","protected":false},"featured_media":3582,"comment_status":"closed","ping_status":"closed","template":"","meta":{"om_disable_all_campaigns":false,"_monsterinsights_skip_tracking":false,"_monsterinsights_sitenote_active":false,"_monsterinsights_sitenote_note":"","_monsterinsights_sitenote_category":0},"product_cat":[513,861,1026,263],"product_tag":[864,1055,38,865,869,870,501,503,518,863,504,142,143,517,866,867,868],"class_list":{"0":"post-3592","1":"product","2":"type-product","3":"status-publish","4":"has-post-thumbnail","6":"product_cat-schneidplotter-svg-und-pdf","7":"product_cat-hobby-und-beruf","8":"product_cat-werkstatt","9":"product_cat-downloadprodukte","10":"product_tag-amboss","11":"product_tag-cricut","12":"product_tag-download","13":"product_tag-hammer","14":"product_tag-messer","15":"product_tag-messerschmied","16":"product_tag-modell","17":"product_tag-papiermodell","18":"product_tag-pdf","19":"product_tag-schmiede","20":"product_tag-schneidplotter","21":"product_tag-schneidplotter-datei","22":"product_tag-silhouette","23":"product_tag-svg","24":"product_tag-werkzeug","25":"product_tag-werkzeuge","26":"product_tag-zangen","28":"first","29":"instock","30":"downloadable","31":"virtual","32":"purchasable","33":"product-type-simple"},"aioseo_notices":[],"jetpack_sharing_enabled":true,"_links":{"self":[{"href":"https:\/\/mediendesign-moser.at\/shop\/index.php?rest_route=\/wp\/v2\/product\/3592","targetHints":{"allow":["GET"]}}],"collection":[{"href":"https:\/\/mediendesign-moser.at\/shop\/index.php?rest_route=\/wp\/v2\/product"}],"about":[{"href":"https:\/\/mediendesign-moser.at\/shop\/index.php?rest_route=\/wp\/v2\/types\/product"}],"replies":[{"embeddable":true,"href":"https:\/\/mediendesign-moser.at\/shop\/index.php?rest_route=%2Fwp%2Fv2%2Fcomments&post=3592"}],"wp:featuredmedia":[{"embeddable":true,"href":"https:\/\/mediendesign-moser.at\/shop\/index.php?rest_route=\/wp\/v2\/media\/3582"}],"wp:attachment":[{"href":"https:\/\/mediendesign-moser.at\/shop\/index.php?rest_route=%2Fwp%2Fv2%2Fmedia&parent=3592"}],"wp:term":[{"taxonomy":"product_cat","embeddable":true,"href":"https:\/\/mediendesign-moser.at\/shop\/index.php?rest_route=%2Fwp%2Fv2%2Fproduct_cat&post=3592"},{"taxonomy":"product_tag","embeddable":true,"href":"https:\/\/mediendesign-moser.at\/shop\/index.php?rest_route=%2Fwp%2Fv2%2Fproduct_tag&post=3592"}],"curies":[{"name":"wp","href":"https:\/\/api.w.org\/{rel}","templated":true}]}}