{"id":3365,"date":"2019-04-06T21:00:36","date_gmt":"2019-04-06T19:00:36","guid":{"rendered":"http:\/\/mediendesign-moser.at\/shop\/?post_type=product&#038;p=3365"},"modified":"2026-03-12T12:50:11","modified_gmt":"2026-03-12T11:50:11","slug":"download-schneidplotter-datei-herzverpackung","status":"publish","type":"product","link":"https:\/\/mediendesign-moser.at\/shop\/?product=download-schneidplotter-datei-herzverpackung","title":{"rendered":"Download: Schneide Datei \/ Bastelbogen Herzverpackung"},"content":{"rendered":"","protected":false},"excerpt":{"rendered":"<p>Schneide Dateien (.svg, .dxf) f\u00fcr den Zuschnitt einer herzf\u00f6rmigen Verpackung.<br \/>\nMit diesem Download k\u00f6nnen die Papierteile f\u00fcr die Herzverpackung (Fotos) geschnitten werden.<br \/>\nGr\u00f6\u00dfe der fertig hergestellten Verpackung:<br \/>\nca. 9 cm breit, ca. 9 cm hoch, ca. 5 cm dick (ohne Schleife)<\/p>\n<h3>Voraussetzung f\u00fcr deine verwendete Schneidemaschine\/Schneidematte:<\/h3>\n<p>Deine Maschine muss Papier mit mindestens Gr\u00f6\u00dfe A4 verarbeiten k\u00f6nnen.<br \/>\nEmpfehlung: F\u00fcr den Zuschnitt bitte Cardstock mit ca. 200 g oder 216 g verwenden.<\/p>\n<p>Im Download sind enthalten:<\/p>\n<ul>\n<li>SVG-Dateien f\u00fcr die Verwendung mit folgenden Schneideger\u00e4ten:<br \/>\nCricut, Brother ScanNCut, oder Silhouette-Ger\u00e4te (Silhouette Studio ab Designer-Edition erforderlich)<\/li>\n<li>DXF-Dateien<\/li>\n<li>PDF zum Ausdrucken f\u00fcr manuellen Zuschnitt<\/li>\n<\/ul>\n<p>Dieses Projekt wurde mit folgenden Schneideger\u00e4ten getestet:<br \/>\nSilhouette Cameo, Cricut Maker, Brother ScanNCut.<br \/>\nInfos und Anleitungen zur Verwendung mit den jeweiligen Ger\u00e4ten <a href=\"https:\/\/mediendesign-moser.at\/shop\/?page_id=6409\" target=\"_blank\" rel=\"noopener\">finden Sie hier<\/a>.<\/p>\n<p>Beachten Sie unsere \u00a0<a href=\"https:\/\/mediendesign-moser.at\/shop\/?page_id=758\" target=\"_blank\" rel=\"noopener\">Lizenzbedingungen<\/a>\u00a0f\u00fcr downloadbare Produkte.<\/p>\n<p><img loading=\"lazy\" decoding=\"async\" class=\"alignnone size-full wp-image-25891\" src=\"https:\/\/mediendesign-moser.at\/shop\/wp-content\/uploads\/2025\/01\/DL-SPVP918-heart-shaped-packaging-scaled.jpg\" alt=\"\" width=\"712\" height=\"2560\" srcset=\"https:\/\/mediendesign-moser.at\/shop\/wp-content\/uploads\/2025\/01\/DL-SPVP918-heart-shaped-packaging-scaled.jpg 712w, https:\/\/mediendesign-moser.at\/shop\/wp-content\/uploads\/2025\/01\/DL-SPVP918-heart-shaped-packaging-285x1024.jpg 285w, https:\/\/mediendesign-moser.at\/shop\/wp-content\/uploads\/2025\/01\/DL-SPVP918-heart-shaped-packaging-768x2760.jpg 768w, https:\/\/mediendesign-moser.at\/shop\/wp-content\/uploads\/2025\/01\/DL-SPVP918-heart-shaped-packaging-427x1536.jpg 427w, https:\/\/mediendesign-moser.at\/shop\/wp-content\/uploads\/2025\/01\/DL-SPVP918-heart-shaped-packaging-570x2048.jpg 570w, https:\/\/mediendesign-moser.at\/shop\/wp-content\/uploads\/2025\/01\/DL-SPVP918-heart-shaped-packaging-600x2156.jpg 600w\" sizes=\"auto, (max-width: 712px) 100vw, 712px\" \/><\/p>\n<h3>Zu diesem Projekt passende Produktempfehlungen auf Amazon: {Werbung}<\/h3>\n<p><a href=\"https:\/\/amzn.to\/403lPTh\" target=\"_blank\" rel=\"noopener\">Passender Cardstock bzw. Papier<\/a><br \/>\n<a href=\"https:\/\/amzn.to\/4j7f9w7\" target=\"_blank\" rel=\"noopener\">Fl\u00fcssiger Klebstoff<\/a><br \/>\n<a href=\"https:\/\/amzn.to\/400im81\" target=\"_blank\" rel=\"noopener\">Federklemmen<\/a><br \/>\n<a href=\"https:\/\/amzn.to\/4086W2f\" target=\"_blank\" rel=\"noopener\">Satin Schleifenband<\/a><br \/>\n<a href=\"https:\/\/amzn.to\/4j0DoMz\" target=\"_blank\" rel=\"noopener\">Doppelseitiges Klebeband<\/a><\/p>\n","protected":false},"featured_media":25890,"comment_status":"closed","ping_status":"closed","template":"","meta":{"om_disable_all_campaigns":false,"_monsterinsights_skip_tracking":false,"_monsterinsights_sitenote_active":false,"_monsterinsights_sitenote_note":"","_monsterinsights_sitenote_category":0},"product_cat":[513,849,2242,799,263],"product_tag":[542,38,64,122,456,824,825,518,541,504,142,143,517,53,353],"class_list":{"0":"post-3365","1":"product","2":"type-product","3":"status-publish","4":"has-post-thumbnail","6":"product_cat-schneidplotter-svg-und-pdf","7":"product_cat-hochzeit-schneidplotter-svg-und-pdf","8":"product_cat-valentinstag-schneidplotter-svg-und-pdf","9":"product_cat-verpackungen-schneidplotter-svg-und-pdf","10":"product_cat-downloadprodukte","11":"product_tag-brother","12":"product_tag-download","13":"product_tag-geburtstag","14":"product_tag-geschenkverpackung","15":"product_tag-herz","16":"product_tag-herzverpackung","17":"product_tag-muttertag","18":"product_tag-pdf","19":"product_tag-scanncut","20":"product_tag-schneidplotter","21":"product_tag-schneidplotter-datei","22":"product_tag-silhouette","23":"product_tag-svg","24":"product_tag-valentinstag","25":"product_tag-verpackung","27":"first","28":"instock","29":"downloadable","30":"virtual","31":"purchasable","32":"product-type-simple"},"aioseo_notices":[],"jetpack_sharing_enabled":true,"_links":{"self":[{"href":"https:\/\/mediendesign-moser.at\/shop\/index.php?rest_route=\/wp\/v2\/product\/3365","targetHints":{"allow":["GET"]}}],"collection":[{"href":"https:\/\/mediendesign-moser.at\/shop\/index.php?rest_route=\/wp\/v2\/product"}],"about":[{"href":"https:\/\/mediendesign-moser.at\/shop\/index.php?rest_route=\/wp\/v2\/types\/product"}],"replies":[{"embeddable":true,"href":"https:\/\/mediendesign-moser.at\/shop\/index.php?rest_route=%2Fwp%2Fv2%2Fcomments&post=3365"}],"wp:featuredmedia":[{"embeddable":true,"href":"https:\/\/mediendesign-moser.at\/shop\/index.php?rest_route=\/wp\/v2\/media\/25890"}],"wp:attachment":[{"href":"https:\/\/mediendesign-moser.at\/shop\/index.php?rest_route=%2Fwp%2Fv2%2Fmedia&parent=3365"}],"wp:term":[{"taxonomy":"product_cat","embeddable":true,"href":"https:\/\/mediendesign-moser.at\/shop\/index.php?rest_route=%2Fwp%2Fv2%2Fproduct_cat&post=3365"},{"taxonomy":"product_tag","embeddable":true,"href":"https:\/\/mediendesign-moser.at\/shop\/index.php?rest_route=%2Fwp%2Fv2%2Fproduct_tag&post=3365"}],"curies":[{"name":"wp","href":"https:\/\/api.w.org\/{rel}","templated":true}]}}