{"id":3278,"date":"2019-03-22T14:31:20","date_gmt":"2019-03-22T13:31:20","guid":{"rendered":"http:\/\/mediendesign-moser.at\/shop\/?post_type=product&#038;p=3278"},"modified":"2025-11-08T15:02:30","modified_gmt":"2025-11-08T14:02:30","slug":"download-schneidplotter-datei-adventkranz-to-go","status":"publish","type":"product","link":"https:\/\/mediendesign-moser.at\/shop\/?product=download-schneidplotter-datei-adventkranz-to-go","title":{"rendered":"Download: Schneide Datei\/Bastelbogen Adventkranz-to-go"},"content":{"rendered":"","protected":false},"excerpt":{"rendered":"<p>Schneide Dateien Set (Plotter Datei) und ausdruckbarer Bastelbogen &#8220;Adventkranz to go&#8221;<\/p>\n<p>Mit diesem Download k\u00f6nnen die Papier Teile f\u00fcr den am Foto ersichtlichen &#8220;Adventkranz-to-go&#8221; zugeschnitten werden.\u00a0Sie ben\u00f6tigen eine Schneidemaschine mit Schneidemattengr\u00f6\u00dfe von mindestens 8 x 12\u2033 (z.B. Silhouette Portrait, Silhouette Cameo, Brother ScanNCut, Cricut Maker etc.)<\/p>\n<p>Im Download sind enthalten:<\/p>\n<ul>\n<li>SVG-Dateien f\u00fcr die Verwendung mit folgenden Schneideger\u00e4ten:<br \/>\nCricut, Brother ScanNCut, Silhouette Ger\u00e4te<\/li>\n<li>DXF-Dateien<\/li>\n<li>Ausdruckbarer Bastelbogen f\u00fcr den manuellen Zuschnitt.<\/li>\n<\/ul>\n<p>Dieses Projekt wurde mit folgenden Schneideger\u00e4ten getestet:<br \/>\nSilhouette Cameo, Cricut Maker, Brother ScanNCut.<br \/>\nInfos und Anleitungen zur Verwendung mit den jeweiligen Ger\u00e4ten <a href=\"https:\/\/mediendesign-moser.at\/shop\/?page_id=6409\" target=\"_blank\" rel=\"noopener\">finden Sie hier<\/a>.<\/p>\n<p>Beachten Sie unsere \u00a0<a href=\"https:\/\/mediendesign-moser.at\/shop\/?page_id=758\" target=\"_blank\" rel=\"noopener\">Lizenzbedingungen<\/a>\u00a0f\u00fcr downloadbare Produkte.<\/p>\n<p>Bastelvideo:<br \/>\n<iframe loading=\"lazy\" title=\"YouTube video player\" src=\"https:\/\/www.youtube.com\/embed\/Rsjsvf214HA?si=Zw0eTNkibBxPlkkn\" width=\"560\" height=\"315\" frameborder=\"0\" allowfullscreen=\"allowfullscreen\"><\/iframe><\/p>\n<p><img loading=\"lazy\" decoding=\"async\" class=\"alignnone wp-image-22053 size-full\" src=\"https:\/\/mediendesign-moser.at\/shop\/wp-content\/uploads\/2023\/11\/DL-SPWA031-advent-wreath.jpg\" alt=\"\" width=\"1280\" height=\"4560\" srcset=\"https:\/\/mediendesign-moser.at\/shop\/wp-content\/uploads\/2023\/11\/DL-SPWA031-advent-wreath.jpg 1280w, https:\/\/mediendesign-moser.at\/shop\/wp-content\/uploads\/2023\/11\/DL-SPWA031-advent-wreath-84x300.jpg 84w, https:\/\/mediendesign-moser.at\/shop\/wp-content\/uploads\/2023\/11\/DL-SPWA031-advent-wreath-768x2736.jpg 768w, https:\/\/mediendesign-moser.at\/shop\/wp-content\/uploads\/2023\/11\/DL-SPWA031-advent-wreath-600x2138.jpg 600w\" sizes=\"auto, (max-width: 1280px) 100vw, 1280px\" \/><\/p>\n","protected":false},"featured_media":22046,"comment_status":"open","ping_status":"closed","template":"","meta":{"om_disable_all_campaigns":false,"_monsterinsights_skip_tracking":false,"_monsterinsights_sitenote_active":false,"_monsterinsights_sitenote_note":"","_monsterinsights_sitenote_category":0},"product_cat":[1124,513,1107,789,263],"product_tag":[388,2213,2214,1129,542,38,2215,518,541,504,142,143,517,129],"class_list":{"0":"post-3278","1":"product","2":"type-product","3":"status-publish","4":"has-post-thumbnail","6":"product_cat-bastelboegen","7":"product_cat-schneidplotter-svg-und-pdf","8":"product_cat-dekorgegenstaende","9":"product_cat-weihnachten-schneidplotter-svg-und-pdf","10":"product_cat-downloadprodukte","11":"product_tag-advent","12":"product_tag-adventkranz","13":"product_tag-adventkranz-to-go","14":"product_tag-bastelbogen","15":"product_tag-brother","16":"product_tag-download","17":"product_tag-mitbringsel","18":"product_tag-pdf","19":"product_tag-scanncut","20":"product_tag-schneidplotter","21":"product_tag-schneidplotter-datei","22":"product_tag-silhouette","23":"product_tag-svg","24":"product_tag-weihnachten","26":"first","27":"instock","28":"downloadable","29":"virtual","30":"purchasable","31":"product-type-simple"},"aioseo_notices":[],"jetpack_sharing_enabled":true,"_links":{"self":[{"href":"https:\/\/mediendesign-moser.at\/shop\/index.php?rest_route=\/wp\/v2\/product\/3278","targetHints":{"allow":["GET"]}}],"collection":[{"href":"https:\/\/mediendesign-moser.at\/shop\/index.php?rest_route=\/wp\/v2\/product"}],"about":[{"href":"https:\/\/mediendesign-moser.at\/shop\/index.php?rest_route=\/wp\/v2\/types\/product"}],"replies":[{"embeddable":true,"href":"https:\/\/mediendesign-moser.at\/shop\/index.php?rest_route=%2Fwp%2Fv2%2Fcomments&post=3278"}],"wp:featuredmedia":[{"embeddable":true,"href":"https:\/\/mediendesign-moser.at\/shop\/index.php?rest_route=\/wp\/v2\/media\/22046"}],"wp:attachment":[{"href":"https:\/\/mediendesign-moser.at\/shop\/index.php?rest_route=%2Fwp%2Fv2%2Fmedia&parent=3278"}],"wp:term":[{"taxonomy":"product_cat","embeddable":true,"href":"https:\/\/mediendesign-moser.at\/shop\/index.php?rest_route=%2Fwp%2Fv2%2Fproduct_cat&post=3278"},{"taxonomy":"product_tag","embeddable":true,"href":"https:\/\/mediendesign-moser.at\/shop\/index.php?rest_route=%2Fwp%2Fv2%2Fproduct_tag&post=3278"}],"curies":[{"name":"wp","href":"https:\/\/api.w.org\/{rel}","templated":true}]}}