{"id":3223,"date":"2019-03-11T15:15:31","date_gmt":"2019-03-11T14:15:31","guid":{"rendered":"http:\/\/mediendesign-moser.at\/shop\/?post_type=product&#038;p=3223"},"modified":"2023-06-30T12:16:12","modified_gmt":"2023-06-30T10:16:12","slug":"download-schneidplotter-datei-fuer-hochbeet","status":"publish","type":"product","link":"https:\/\/mediendesign-moser.at\/shop\/?product=download-schneidplotter-datei-fuer-hochbeet","title":{"rendered":"Download: Schneide Datei \/ Bastelbogen f\u00fcr Hochbeet"},"content":{"rendered":"","protected":false},"excerpt":{"rendered":"<p>Mit diesem Dateien Download (SVG \/ DXF) k\u00f6nnen die Papier-Einzelteile das den auf dem Foto ersichtliche Hochbeet zugeschnitten werden. Die Datei enth\u00e4lt die Teile f\u00fcr Hochbeet und Bepflanzung.<\/p>\n<p>Voraussetzung: Vorhandensein eines Schneidplotters (Silhouette, Brother, Cricut oder Pazzles).<\/p>\n<p>Es gelten unsere\u00a0<a href=\"https:\/\/mediendesign-moser.at\/shop\/?page_id=758\" target=\"_blank\" rel=\"noopener\">Lizenzbedingungen<\/a>\u00a0f\u00fcr downloadbare Produkte.<a href=\"https:\/\/mediendesign-moser.at\/shop\/wp-content\/uploads\/2021\/05\/DL-SPGA020-hochbeet.jpg\"><img loading=\"lazy\" decoding=\"async\" class=\"alignnone size-full wp-image-10614\" src=\"https:\/\/mediendesign-moser.at\/shop\/wp-content\/uploads\/2021\/05\/DL-SPGA020-hochbeet.jpg\" alt=\"\" width=\"620\" height=\"1671\" srcset=\"https:\/\/mediendesign-moser.at\/shop\/wp-content\/uploads\/2021\/05\/DL-SPGA020-hochbeet.jpg 620w, https:\/\/mediendesign-moser.at\/shop\/wp-content\/uploads\/2021\/05\/DL-SPGA020-hochbeet-111x300.jpg 111w, https:\/\/mediendesign-moser.at\/shop\/wp-content\/uploads\/2021\/05\/DL-SPGA020-hochbeet-380x1024.jpg 380w, https:\/\/mediendesign-moser.at\/shop\/wp-content\/uploads\/2021\/05\/DL-SPGA020-hochbeet-600x1617.jpg 600w\" sizes=\"auto, (max-width: 620px) 100vw, 620px\" \/><\/a><\/p>\n","protected":false},"featured_media":3218,"comment_status":"closed","ping_status":"closed","template":"","meta":{"om_disable_all_campaigns":false,"_monsterinsights_skip_tracking":false,"_monsterinsights_sitenote_active":false,"_monsterinsights_sitenote_note":"","_monsterinsights_sitenote_category":0},"product_cat":[513,800,263],"product_tag":[1696,542,38,565,782,780,779,781,503,518,1695,541,504,142,143,517],"class_list":{"0":"post-3223","1":"product","2":"type-product","3":"status-publish","4":"has-post-thumbnail","6":"product_cat-schneidplotter-svg-und-pdf","7":"product_cat-garten-schneidplotter-svg-und-pdf","8":"product_cat-downloadprodukte","9":"product_tag-bepflanzung","10":"product_tag-brother","11":"product_tag-download","12":"product_tag-garten","13":"product_tag-gaertnern","14":"product_tag-gemuese","15":"product_tag-hochbeet","16":"product_tag-karotten","17":"product_tag-papiermodell","18":"product_tag-pdf","19":"product_tag-pflanzen","20":"product_tag-scanncut","21":"product_tag-schneidplotter","22":"product_tag-schneidplotter-datei","23":"product_tag-silhouette","24":"product_tag-svg","26":"first","27":"instock","28":"downloadable","29":"virtual","30":"purchasable","31":"product-type-simple"},"aioseo_notices":[],"jetpack_sharing_enabled":true,"_links":{"self":[{"href":"https:\/\/mediendesign-moser.at\/shop\/index.php?rest_route=\/wp\/v2\/product\/3223","targetHints":{"allow":["GET"]}}],"collection":[{"href":"https:\/\/mediendesign-moser.at\/shop\/index.php?rest_route=\/wp\/v2\/product"}],"about":[{"href":"https:\/\/mediendesign-moser.at\/shop\/index.php?rest_route=\/wp\/v2\/types\/product"}],"replies":[{"embeddable":true,"href":"https:\/\/mediendesign-moser.at\/shop\/index.php?rest_route=%2Fwp%2Fv2%2Fcomments&post=3223"}],"wp:featuredmedia":[{"embeddable":true,"href":"https:\/\/mediendesign-moser.at\/shop\/index.php?rest_route=\/wp\/v2\/media\/3218"}],"wp:attachment":[{"href":"https:\/\/mediendesign-moser.at\/shop\/index.php?rest_route=%2Fwp%2Fv2%2Fmedia&parent=3223"}],"wp:term":[{"taxonomy":"product_cat","embeddable":true,"href":"https:\/\/mediendesign-moser.at\/shop\/index.php?rest_route=%2Fwp%2Fv2%2Fproduct_cat&post=3223"},{"taxonomy":"product_tag","embeddable":true,"href":"https:\/\/mediendesign-moser.at\/shop\/index.php?rest_route=%2Fwp%2Fv2%2Fproduct_tag&post=3223"}],"curies":[{"name":"wp","href":"https:\/\/api.w.org\/{rel}","templated":true}]}}