{"id":3070,"date":"2019-02-10T17:00:15","date_gmt":"2019-02-10T16:00:15","guid":{"rendered":"http:\/\/mediendesign-moser.at\/shop\/?post_type=product&#038;p=3070"},"modified":"2025-02-26T18:48:26","modified_gmt":"2025-02-26T17:48:26","slug":"download-schneidplotter-datei-fuer-palme-und-liegestuehle","status":"publish","type":"product","link":"https:\/\/mediendesign-moser.at\/shop\/?product=download-schneidplotter-datei-fuer-palme-und-liegestuehle","title":{"rendered":"Download: Schneide Datei \/ Bastelbogen f\u00fcr Palme und Liegest\u00fchle"},"content":{"rendered":"","protected":false},"excerpt":{"rendered":"<p>Schneide Dateien Set (.svg, .dxf) f\u00fcr den Zuschnitt von einer Palme und Liegest\u00fchlen.<\/p>\n<p>Mit diesem Download k\u00f6nnen die Papierteile f\u00fcr die Palme und die zwei verschiedenen Liegest\u00fchle (Fotos) geschnitten werden.<\/p>\n<p>Im Download sind enthalten:<\/p>\n<ul>\n<li>SVG-Dateien f\u00fcr die Verwendung mit folgenden Schneideger\u00e4ten:<br \/>\nCricut, Brother ScanNCut, Silhouette Ger\u00e4te<\/li>\n<li>DXF-Dateien<\/li>\n<li>Bastelbogen zum Ausdrucken f\u00fcr manuellen Zuschnitt.<\/li>\n<\/ul>\n<p>Dieses Projekt wurde mit folgenden Schneideger\u00e4ten getestet:<br \/>\nSilhouette Cameo, Cricut Maker, Brother ScanNCut.<br \/>\nInfos und Anleitungen zur Verwendung mit den jeweiligen Ger\u00e4ten <a href=\"https:\/\/mediendesign-moser.at\/shop\/?page_id=6409\" target=\"_blank\" rel=\"noopener\">finden Sie hier<\/a>.<\/p>\n<p>Beachten Sie unsere \u00a0<a href=\"https:\/\/mediendesign-moser.at\/shop\/?page_id=758\" target=\"_blank\" rel=\"noopener\">Lizenzbedingungen<\/a>\u00a0f\u00fcr downloadbare Produkte.<\/p>\n<p><a href=\"https:\/\/mediendesign-moser.at\/shop\/wp-content\/uploads\/2019\/02\/DL-SPU005-deckchairs.jpg\"><img loading=\"lazy\" decoding=\"async\" class=\"alignnone size-full wp-image-9586\" src=\"https:\/\/mediendesign-moser.at\/shop\/wp-content\/uploads\/2019\/02\/DL-SPU005-deckchairs.jpg\" alt=\"\" width=\"620\" height=\"1647\" srcset=\"https:\/\/mediendesign-moser.at\/shop\/wp-content\/uploads\/2019\/02\/DL-SPU005-deckchairs.jpg 620w, https:\/\/mediendesign-moser.at\/shop\/wp-content\/uploads\/2019\/02\/DL-SPU005-deckchairs-113x300.jpg 113w, https:\/\/mediendesign-moser.at\/shop\/wp-content\/uploads\/2019\/02\/DL-SPU005-deckchairs-385x1024.jpg 385w, https:\/\/mediendesign-moser.at\/shop\/wp-content\/uploads\/2019\/02\/DL-SPU005-deckchairs-600x1594.jpg 600w\" sizes=\"auto, (max-width: 620px) 100vw, 620px\" \/><\/a><a href=\"https:\/\/mediendesign-moser.at\/shop\/wp-content\/uploads\/2019\/02\/DL-SPU005-palm-tree.jpg\"><img loading=\"lazy\" decoding=\"async\" class=\"alignnone size-full wp-image-9587\" src=\"https:\/\/mediendesign-moser.at\/shop\/wp-content\/uploads\/2019\/02\/DL-SPU005-palm-tree.jpg\" alt=\"\" width=\"620\" height=\"1865\" srcset=\"https:\/\/mediendesign-moser.at\/shop\/wp-content\/uploads\/2019\/02\/DL-SPU005-palm-tree.jpg 620w, https:\/\/mediendesign-moser.at\/shop\/wp-content\/uploads\/2019\/02\/DL-SPU005-palm-tree-100x300.jpg 100w, https:\/\/mediendesign-moser.at\/shop\/wp-content\/uploads\/2019\/02\/DL-SPU005-palm-tree-340x1024.jpg 340w, https:\/\/mediendesign-moser.at\/shop\/wp-content\/uploads\/2019\/02\/DL-SPU005-palm-tree-600x1805.jpg 600w\" sizes=\"auto, (max-width: 620px) 100vw, 620px\" \/><\/a><\/p>\n","protected":false},"featured_media":3062,"comment_status":"open","ping_status":"closed","template":"","meta":{"om_disable_all_campaigns":false,"_monsterinsights_skip_tracking":false,"_monsterinsights_sitenote_active":false,"_monsterinsights_sitenote_note":"","_monsterinsights_sitenote_category":0},"product_cat":[513,803,851,263],"product_tag":[1584,542,2016,38,751,750,1625,111,752,2015,749,753,2014,518,541,504,142,143,106,517,412],"class_list":{"0":"post-3070","1":"product","2":"type-product","3":"status-publish","4":"has-post-thumbnail","6":"product_cat-schneidplotter-svg-und-pdf","7":"product_cat-freizeit-schneidplotter-svg-und-pdf","8":"product_cat-urlaub","9":"product_cat-downloadprodukte","10":"product_tag-beach","11":"product_tag-brother","12":"product_tag-deck-chair","13":"product_tag-download","14":"product_tag-einsame-insel","15":"product_tag-insel","16":"product_tag-island","17":"product_tag-liegestuhl","18":"product_tag-liegestuehle","19":"product_tag-palm-tree","20":"product_tag-palme","21":"product_tag-palmen","22":"product_tag-palmtree","23":"product_tag-pdf","24":"product_tag-scanncut","25":"product_tag-schneidplotter","26":"product_tag-schneidplotter-datei","27":"product_tag-silhouette","28":"product_tag-strand","29":"product_tag-svg","30":"product_tag-urlaub","32":"first","33":"instock","34":"downloadable","35":"virtual","36":"purchasable","37":"product-type-simple"},"aioseo_notices":[],"jetpack_sharing_enabled":true,"_links":{"self":[{"href":"https:\/\/mediendesign-moser.at\/shop\/index.php?rest_route=\/wp\/v2\/product\/3070","targetHints":{"allow":["GET"]}}],"collection":[{"href":"https:\/\/mediendesign-moser.at\/shop\/index.php?rest_route=\/wp\/v2\/product"}],"about":[{"href":"https:\/\/mediendesign-moser.at\/shop\/index.php?rest_route=\/wp\/v2\/types\/product"}],"replies":[{"embeddable":true,"href":"https:\/\/mediendesign-moser.at\/shop\/index.php?rest_route=%2Fwp%2Fv2%2Fcomments&post=3070"}],"wp:featuredmedia":[{"embeddable":true,"href":"https:\/\/mediendesign-moser.at\/shop\/index.php?rest_route=\/wp\/v2\/media\/3062"}],"wp:attachment":[{"href":"https:\/\/mediendesign-moser.at\/shop\/index.php?rest_route=%2Fwp%2Fv2%2Fmedia&parent=3070"}],"wp:term":[{"taxonomy":"product_cat","embeddable":true,"href":"https:\/\/mediendesign-moser.at\/shop\/index.php?rest_route=%2Fwp%2Fv2%2Fproduct_cat&post=3070"},{"taxonomy":"product_tag","embeddable":true,"href":"https:\/\/mediendesign-moser.at\/shop\/index.php?rest_route=%2Fwp%2Fv2%2Fproduct_tag&post=3070"}],"curies":[{"name":"wp","href":"https:\/\/api.w.org\/{rel}","templated":true}]}}