{"id":2929,"date":"2019-01-16T19:43:47","date_gmt":"2019-01-16T18:43:47","guid":{"rendered":"http:\/\/mediendesign-moser.at\/shop\/?post_type=product&#038;p=2929"},"modified":"2025-02-26T18:53:17","modified_gmt":"2025-02-26T17:53:17","slug":"download-schneidplotter-datei-trapeztuete","status":"publish","type":"product","link":"https:\/\/mediendesign-moser.at\/shop\/?product=download-schneidplotter-datei-trapeztuete","title":{"rendered":"Download: Schneidplotter-Datei Trapezt\u00fcte"},"content":{"rendered":"","protected":false},"excerpt":{"rendered":"<p>Schneide Dateien (.svg, .dxf) f\u00fcr den Zuschnitt f\u00fcr die am Foto ersichtliche Trapezt\u00fcte samt Plaketten (mit Herzen).<\/p>\n<p>Mit diesem Download k\u00f6nnen die Papierteile f\u00fcr die trapezf\u00f6rmige T\u00fcte geschnitten werden.<\/p>\n<p>Wenn die Trapezt\u00fcten fertig hergestellt sind (ohne vergr\u00f6\u00dfert oder verkleinert worden zu sein), dann haben die T\u00fcten eine Gr\u00f6\u00dfe von ca. 7 cm Breite und 10 cm H\u00f6he. Nat\u00fcrlich kannst du das Dateien-Set in deiner Schneidemaschinen-Software skalieren (=vergr\u00f6\u00dfern oder verkleinern), bitte beachte dazu unsere Anleitungsvideos f\u00fcr die jeweilige Schneidemaschinen-Software!<\/p>\n<p>Im Download sind enthalten:<\/p>\n<ul>\n<li>SVG-Dateien f\u00fcr die Verwendung mit folgenden Schneideger\u00e4ten:<br \/>\nCricut, Brother ScanNCut, Silhouette Ger\u00e4te<\/li>\n<li>DXF-Dateien<\/li>\n<li>Bastelbogen zum Ausdrucken f\u00fcr manuellen Zuschnitt &#8211; Achtung: fixe Gr\u00f6\u00dfe &#8211; Gr\u00f6\u00dfe nur \u00fcber deine Druckereinstellungen bzw. Druckerm\u00f6glichkeiten \u00e4nderbar!<\/li>\n<\/ul>\n<p>Dieses Projekt wurde mit folgenden Schneideger\u00e4ten getestet:<br \/>\nSilhouette Cameo, Cricut Maker, Brother ScanNCut.<br \/>\nInfos und Anleitungen zur Verwendung mit den jeweiligen Ger\u00e4ten <a href=\"https:\/\/mediendesign-moser.at\/shop\/?page_id=6409\" target=\"_blank\" rel=\"noopener\">findest du hier<\/a>.<\/p>\n<p>Beachte bitte unsere \u00a0<a href=\"https:\/\/mediendesign-moser.at\/shop\/?page_id=758\" target=\"_blank\" rel=\"noopener\">Lizenzbedingungen<\/a>\u00a0f\u00fcr downloadbare Produkte.<\/p>\n<p><a href=\"https:\/\/mediendesign-moser.at\/shop\/wp-content\/uploads\/2024\/01\/DL-SPVA914-tapezoidal-bag.jpg\"><img loading=\"lazy\" decoding=\"async\" class=\"alignnone size-full wp-image-22831\" src=\"https:\/\/mediendesign-moser.at\/shop\/wp-content\/uploads\/2024\/01\/DL-SPVA914-tapezoidal-bag.jpg\" alt=\"\" width=\"1280\" height=\"3820\" srcset=\"https:\/\/mediendesign-moser.at\/shop\/wp-content\/uploads\/2024\/01\/DL-SPVA914-tapezoidal-bag.jpg 1280w, https:\/\/mediendesign-moser.at\/shop\/wp-content\/uploads\/2024\/01\/DL-SPVA914-tapezoidal-bag-101x300.jpg 101w, https:\/\/mediendesign-moser.at\/shop\/wp-content\/uploads\/2024\/01\/DL-SPVA914-tapezoidal-bag-768x2292.jpg 768w, https:\/\/mediendesign-moser.at\/shop\/wp-content\/uploads\/2024\/01\/DL-SPVA914-tapezoidal-bag-343x1024.jpg 343w, https:\/\/mediendesign-moser.at\/shop\/wp-content\/uploads\/2024\/01\/DL-SPVA914-tapezoidal-bag-600x1791.jpg 600w\" sizes=\"auto, (max-width: 1280px) 100vw, 1280px\" \/><\/a><\/p>\n","protected":false},"featured_media":22824,"comment_status":"open","ping_status":"closed","template":"","meta":{"om_disable_all_campaigns":false,"_monsterinsights_skip_tracking":false,"_monsterinsights_sitenote_active":false,"_monsterinsights_sitenote_note":"","_monsterinsights_sitenote_category":0},"product_cat":[513,2242,799,263],"product_tag":[542,38,122,456,457,518,541,504,142,143,364,517,53],"class_list":{"0":"post-2929","1":"product","2":"type-product","3":"status-publish","4":"has-post-thumbnail","6":"product_cat-schneidplotter-svg-und-pdf","7":"product_cat-valentinstag-schneidplotter-svg-und-pdf","8":"product_cat-verpackungen-schneidplotter-svg-und-pdf","9":"product_cat-downloadprodukte","10":"product_tag-brother","11":"product_tag-download","12":"product_tag-geschenkverpackung","13":"product_tag-herz","14":"product_tag-herzen","15":"product_tag-pdf","16":"product_tag-scanncut","17":"product_tag-schneidplotter","18":"product_tag-schneidplotter-datei","19":"product_tag-silhouette","20":"product_tag-stern","21":"product_tag-svg","22":"product_tag-valentinstag","24":"first","25":"instock","26":"downloadable","27":"virtual","28":"purchasable","29":"product-type-simple"},"aioseo_notices":[],"jetpack_sharing_enabled":true,"_links":{"self":[{"href":"https:\/\/mediendesign-moser.at\/shop\/index.php?rest_route=\/wp\/v2\/product\/2929","targetHints":{"allow":["GET"]}}],"collection":[{"href":"https:\/\/mediendesign-moser.at\/shop\/index.php?rest_route=\/wp\/v2\/product"}],"about":[{"href":"https:\/\/mediendesign-moser.at\/shop\/index.php?rest_route=\/wp\/v2\/types\/product"}],"replies":[{"embeddable":true,"href":"https:\/\/mediendesign-moser.at\/shop\/index.php?rest_route=%2Fwp%2Fv2%2Fcomments&post=2929"}],"wp:featuredmedia":[{"embeddable":true,"href":"https:\/\/mediendesign-moser.at\/shop\/index.php?rest_route=\/wp\/v2\/media\/22824"}],"wp:attachment":[{"href":"https:\/\/mediendesign-moser.at\/shop\/index.php?rest_route=%2Fwp%2Fv2%2Fmedia&parent=2929"}],"wp:term":[{"taxonomy":"product_cat","embeddable":true,"href":"https:\/\/mediendesign-moser.at\/shop\/index.php?rest_route=%2Fwp%2Fv2%2Fproduct_cat&post=2929"},{"taxonomy":"product_tag","embeddable":true,"href":"https:\/\/mediendesign-moser.at\/shop\/index.php?rest_route=%2Fwp%2Fv2%2Fproduct_tag&post=2929"}],"curies":[{"name":"wp","href":"https:\/\/api.w.org\/{rel}","templated":true}]}}