{"id":2773,"date":"2018-11-20T13:48:33","date_gmt":"2018-11-20T12:48:33","guid":{"rendered":"http:\/\/mediendesign-moser.at\/shop\/?post_type=product&#038;p=2773"},"modified":"2025-04-01T09:34:47","modified_gmt":"2025-04-01T07:34:47","slug":"download-schneidplotter-dateien-triumphbogen","status":"publish","type":"product","link":"https:\/\/mediendesign-moser.at\/shop\/?product=download-schneidplotter-dateien-triumphbogen","title":{"rendered":"Download: Schneidplotter-Dateien Triumphbogen"},"content":{"rendered":"","protected":false},"excerpt":{"rendered":"<p>Schneide Dateien Set (.svg, .dxf) f\u00fcr den Zuschnitt f\u00fcr den am Foto ersichtlichen Triumphbogen.<\/p>\n<p>Mit diesem Download k\u00f6nnen die Papierteile den Triumphbogen geschnitten werden.<\/p>\n<p>Die Gr\u00f6\u00dfe passt f\u00fcr Seitenw\u00e4nde von Explosionsboxen.<\/p>\n<p>Im Download sind enthalten:<\/p>\n<ul>\n<li>SVG-Dateien f\u00fcr die Verwendung mit folgenden Schneideger\u00e4ten:<br \/>\nCricut, Brother ScanNCut, Silhouette Ger\u00e4te<\/li>\n<li>DXF-Dateien<\/li>\n<li>Bastelbogen zum Ausdrucken f\u00fcr manuellen Zuschnitt \u2013 Achtung: fixe Gr\u00f6\u00dfe \u2013 Gr\u00f6\u00dfe nur \u00fcber deine Druckereinstellungen bzw. Druckerm\u00f6glichkeiten \u00e4nderbar!<\/li>\n<\/ul>\n<p>Dieses Projekt wurde mit folgenden Schneideger\u00e4ten getestet:<br \/>\nSilhouette Cameo, Cricut Maker, Brother ScanNCut.<br \/>\nInfos und Anleitungen zur Verwendung mit den jeweiligen Ger\u00e4ten <a href=\"https:\/\/mediendesign-moser.at\/shop\/?page_id=6409\" target=\"_blank\" rel=\"noopener\">findest du hier<\/a>.<\/p>\n<p>Beachte bitte unsere \u00a0<a href=\"https:\/\/mediendesign-moser.at\/shop\/?page_id=758\" target=\"_blank\" rel=\"noopener\">Lizenzbedingungen<\/a>\u00a0f\u00fcr downloadbare Produkte.<\/p>\n<p><a href=\"https:\/\/mediendesign-moser.at\/shop\/wp-content\/uploads\/2024\/02\/DL-SPSW011-triumphial-arch.jpg\"><img loading=\"lazy\" decoding=\"async\" class=\"alignnone size-full wp-image-23105\" src=\"https:\/\/mediendesign-moser.at\/shop\/wp-content\/uploads\/2024\/02\/DL-SPSW011-triumphial-arch.jpg\" alt=\"\" width=\"1280\" height=\"3050\" srcset=\"https:\/\/mediendesign-moser.at\/shop\/wp-content\/uploads\/2024\/02\/DL-SPSW011-triumphial-arch.jpg 1280w, https:\/\/mediendesign-moser.at\/shop\/wp-content\/uploads\/2024\/02\/DL-SPSW011-triumphial-arch-126x300.jpg 126w, https:\/\/mediendesign-moser.at\/shop\/wp-content\/uploads\/2024\/02\/DL-SPSW011-triumphial-arch-768x1830.jpg 768w, https:\/\/mediendesign-moser.at\/shop\/wp-content\/uploads\/2024\/02\/DL-SPSW011-triumphial-arch-430x1024.jpg 430w, https:\/\/mediendesign-moser.at\/shop\/wp-content\/uploads\/2024\/02\/DL-SPSW011-triumphial-arch-600x1430.jpg 600w\" sizes=\"auto, (max-width: 1280px) 100vw, 1280px\" \/><\/a><\/p>\n<p><strong>Tipp:<\/strong><br \/>\nWenn Sie f\u00fcr den Zuschnitt Papier haben m\u00f6chten, das mit Strukturen versehen ist, dann verwenden Sie einfach die Strukturen aus dem kostenlosen Design-Papier-Set &#8220;<a href=\"https:\/\/mediendesign-moser.at\/shop\/?product=download-digitales-designpapier-basic-structures\" target=\"_blank\" rel=\"noopener\">Basic Structures<\/a>&#8221; und bedrucken Sie einf\u00e4rbiges Papier Ihrer Wahl mit einer Struktur Ihrer Wahl!<\/p>\n<h3>Zu diesem Projekt passende Produktempfehlungen auf Amazon: {Werbung}<\/h3>\n<p><a href=\"https:\/\/amzn.to\/3QWZTFn\" target=\"_blank\" rel=\"noopener\">Passender Cardstock bzw. Papier<\/a><br \/>\n<a href=\"https:\/\/amzn.to\/4j7f9w7\" target=\"_blank\" rel=\"noopener\">Fl\u00fcssiger Klebstoff<\/a><br \/>\n<a href=\"https:\/\/amzn.to\/400im81\" target=\"_blank\" rel=\"noopener\">Federklemmen<\/a><br \/>\n<a href=\"https:\/\/amzn.to\/4j0DoMz\" target=\"_blank\" rel=\"noopener\">Doppelseitiges Klebeband<\/a><\/p>\n","protected":false},"featured_media":23104,"comment_status":"open","ping_status":"closed","template":"","meta":{"om_disable_all_campaigns":false,"_monsterinsights_skip_tracking":false,"_monsterinsights_sitenote_active":false,"_monsterinsights_sitenote_note":"","_monsterinsights_sitenote_category":0},"product_cat":[1124,513,792,851,263],"product_tag":[542,1055,38,725,722,518,99,576,541,504,142,720,143,517],"class_list":{"0":"post-2773","1":"product","2":"type-product","3":"status-publish","4":"has-post-thumbnail","6":"product_cat-bastelboegen","7":"product_cat-schneidplotter-svg-und-pdf","8":"product_cat-sehenswuerdigkeiten","9":"product_cat-urlaub","10":"product_cat-downloadprodukte","11":"product_tag-brother","12":"product_tag-cricut","13":"product_tag-download","14":"product_tag-frankreich","15":"product_tag-paris","16":"product_tag-pdf","17":"product_tag-reise","18":"product_tag-reisen","19":"product_tag-scanncut","20":"product_tag-schneidplotter","21":"product_tag-schneidplotter-datei","22":"product_tag-sehenswuerdigkeit","23":"product_tag-silhouette","24":"product_tag-svg","26":"first","27":"instock","28":"downloadable","29":"virtual","30":"purchasable","31":"product-type-simple"},"aioseo_notices":[],"jetpack_sharing_enabled":true,"_links":{"self":[{"href":"https:\/\/mediendesign-moser.at\/shop\/index.php?rest_route=\/wp\/v2\/product\/2773","targetHints":{"allow":["GET"]}}],"collection":[{"href":"https:\/\/mediendesign-moser.at\/shop\/index.php?rest_route=\/wp\/v2\/product"}],"about":[{"href":"https:\/\/mediendesign-moser.at\/shop\/index.php?rest_route=\/wp\/v2\/types\/product"}],"replies":[{"embeddable":true,"href":"https:\/\/mediendesign-moser.at\/shop\/index.php?rest_route=%2Fwp%2Fv2%2Fcomments&post=2773"}],"wp:featuredmedia":[{"embeddable":true,"href":"https:\/\/mediendesign-moser.at\/shop\/index.php?rest_route=\/wp\/v2\/media\/23104"}],"wp:attachment":[{"href":"https:\/\/mediendesign-moser.at\/shop\/index.php?rest_route=%2Fwp%2Fv2%2Fmedia&parent=2773"}],"wp:term":[{"taxonomy":"product_cat","embeddable":true,"href":"https:\/\/mediendesign-moser.at\/shop\/index.php?rest_route=%2Fwp%2Fv2%2Fproduct_cat&post=2773"},{"taxonomy":"product_tag","embeddable":true,"href":"https:\/\/mediendesign-moser.at\/shop\/index.php?rest_route=%2Fwp%2Fv2%2Fproduct_tag&post=2773"}],"curies":[{"name":"wp","href":"https:\/\/api.w.org\/{rel}","templated":true}]}}