{"id":2747,"date":"2018-11-13T16:53:20","date_gmt":"2018-11-13T15:53:20","guid":{"rendered":"http:\/\/mediendesign-moser.at\/shop\/?post_type=product&#038;p=2747"},"modified":"2024-07-28T11:06:59","modified_gmt":"2024-07-28T09:06:59","slug":"download-schneidplotter-dateien-miniatur-eiffelturm","status":"publish","type":"product","link":"https:\/\/mediendesign-moser.at\/shop\/?product=download-schneidplotter-dateien-miniatur-eiffelturm","title":{"rendered":"Download: Schneide Datei \/ Bastelbogen Miniatur-Eiffelturm"},"content":{"rendered":"","protected":false},"excerpt":{"rendered":"<p>Schneide Dateien Set (.svg, .dxf) f\u00fcr den Zuschnitt eines Miniatur Eiffelturms.<\/p>\n<p>Gr\u00f6\u00dfe des fertigen Turms: ca. 7 cm L\u00e4nge x 7 cm Breite x 11 cm H\u00f6he.<\/p>\n<p>Mit diesem Download k\u00f6nnen die Papierteile f\u00fcr den Eiffelturm (Fotos) geschnitten werden.<\/p>\n<p>Im Download sind enthalten:<\/p>\n<ul>\n<li>SVG-Dateien f\u00fcr die Verwendung mit folgenden Schneideger\u00e4ten:<br \/>\nCricut, Brother ScanNCut, Silhouette Ger\u00e4te<\/li>\n<li>DXF-Dateien<\/li>\n<li>Bastelbogen zum Ausdrucken f\u00fcr manuellen Zuschnitt.<\/li>\n<\/ul>\n<p>Dieses Projekt wurde mit folgenden Schneideger\u00e4ten getestet:<br \/>\nSilhouette Cameo, Cricut Maker, Brother ScanNCut.<br \/>\nInfos und Anleitungen zur Verwendung mit den jeweiligen Ger\u00e4ten <a href=\"https:\/\/mediendesign-moser.at\/shop\/?page_id=6409\" target=\"_blank\" rel=\"noopener\">finden Sie hier<\/a>.<\/p>\n<p>Beachten Sie unsere \u00a0<a href=\"https:\/\/mediendesign-moser.at\/shop\/?page_id=758\" target=\"_blank\" rel=\"noopener\">Lizenzbedingungen<\/a>\u00a0f\u00fcr downloadbare Produkte.<\/p>\n<p><a href=\"https:\/\/mediendesign-moser.at\/shop\/wp-content\/uploads\/2018\/11\/miniatur-eiffelturm-schneidplotter.jpg\"><img loading=\"lazy\" decoding=\"async\" class=\"alignnone size-full wp-image-2750\" src=\"https:\/\/mediendesign-moser.at\/shop\/wp-content\/uploads\/2018\/11\/miniatur-eiffelturm-schneidplotter.jpg\" alt=\"\" width=\"620\" height=\"1996\" srcset=\"https:\/\/mediendesign-moser.at\/shop\/wp-content\/uploads\/2018\/11\/miniatur-eiffelturm-schneidplotter.jpg 620w, https:\/\/mediendesign-moser.at\/shop\/wp-content\/uploads\/2018\/11\/miniatur-eiffelturm-schneidplotter-93x300.jpg 93w, https:\/\/mediendesign-moser.at\/shop\/wp-content\/uploads\/2018\/11\/miniatur-eiffelturm-schneidplotter-318x1024.jpg 318w, https:\/\/mediendesign-moser.at\/shop\/wp-content\/uploads\/2018\/11\/miniatur-eiffelturm-schneidplotter-600x1932.jpg 600w\" sizes=\"auto, (max-width: 620px) 100vw, 620px\" \/><\/a><\/p>\n","protected":false},"featured_media":2742,"comment_status":"closed","ping_status":"closed","template":"","meta":{"om_disable_all_campaigns":false,"_monsterinsights_skip_tracking":false,"_monsterinsights_sitenote_active":false,"_monsterinsights_sitenote_note":"","_monsterinsights_sitenote_category":0},"product_cat":[513,792,851,263],"product_tag":[542,38,2013,721,725,722,518,99,576,541,504,142,720,143,517],"class_list":{"0":"post-2747","1":"product","2":"type-product","3":"status-publish","4":"has-post-thumbnail","6":"product_cat-schneidplotter-svg-und-pdf","7":"product_cat-sehenswuerdigkeiten","8":"product_cat-urlaub","9":"product_cat-downloadprodukte","10":"product_tag-brother","11":"product_tag-download","12":"product_tag-eiffel-tower","13":"product_tag-eiffelturm","14":"product_tag-frankreich","15":"product_tag-paris","16":"product_tag-pdf","17":"product_tag-reise","18":"product_tag-reisen","19":"product_tag-scanncut","20":"product_tag-schneidplotter","21":"product_tag-schneidplotter-datei","22":"product_tag-sehenswuerdigkeit","23":"product_tag-silhouette","24":"product_tag-svg","26":"first","27":"instock","28":"downloadable","29":"virtual","30":"purchasable","31":"product-type-simple"},"aioseo_notices":[],"jetpack_sharing_enabled":true,"_links":{"self":[{"href":"https:\/\/mediendesign-moser.at\/shop\/index.php?rest_route=\/wp\/v2\/product\/2747","targetHints":{"allow":["GET"]}}],"collection":[{"href":"https:\/\/mediendesign-moser.at\/shop\/index.php?rest_route=\/wp\/v2\/product"}],"about":[{"href":"https:\/\/mediendesign-moser.at\/shop\/index.php?rest_route=\/wp\/v2\/types\/product"}],"replies":[{"embeddable":true,"href":"https:\/\/mediendesign-moser.at\/shop\/index.php?rest_route=%2Fwp%2Fv2%2Fcomments&post=2747"}],"wp:featuredmedia":[{"embeddable":true,"href":"https:\/\/mediendesign-moser.at\/shop\/index.php?rest_route=\/wp\/v2\/media\/2742"}],"wp:attachment":[{"href":"https:\/\/mediendesign-moser.at\/shop\/index.php?rest_route=%2Fwp%2Fv2%2Fmedia&parent=2747"}],"wp:term":[{"taxonomy":"product_cat","embeddable":true,"href":"https:\/\/mediendesign-moser.at\/shop\/index.php?rest_route=%2Fwp%2Fv2%2Fproduct_cat&post=2747"},{"taxonomy":"product_tag","embeddable":true,"href":"https:\/\/mediendesign-moser.at\/shop\/index.php?rest_route=%2Fwp%2Fv2%2Fproduct_tag&post=2747"}],"curies":[{"name":"wp","href":"https:\/\/api.w.org\/{rel}","templated":true}]}}