{"id":27442,"date":"2025-10-15T18:29:30","date_gmt":"2025-10-15T16:29:30","guid":{"rendered":"https:\/\/mediendesign-moser.at\/shop\/?post_type=product&#038;p=27442"},"modified":"2025-11-08T14:18:37","modified_gmt":"2025-11-08T13:18:37","slug":"download-schneide-datei-fuer-casino","status":"publish","type":"product","link":"https:\/\/mediendesign-moser.at\/shop\/?product=download-schneide-datei-fuer-casino","title":{"rendered":"Download: Schneide Datei f\u00fcr Casino"},"content":{"rendered":"","protected":false},"excerpt":{"rendered":"<p>Schneide Datei f\u00fcr Zuschnit von Roulette und Jetons f\u00fcr eine Casino-Explosionsbox.<\/p>\n<p><strong>Stand per 15. Oktober: Derzeit sind nur Dateien f\u00fcr Silhouette Brother und Cricut Ger\u00e4te vorgesehen. Dateien f\u00fcr andere Ger\u00e4te (Pazzles und Handzuschnitt) folgen sp\u00e4ter (bis Ende Nov. 2025).<\/strong><\/p>\n<p>Mit dieser Datei k\u00f6nnen die Papierteile f\u00fcr die Roulette Fl\u00e4che und Jetons geschnitten werden. Print\/Cut Datei, d.h. die Roulette-Fl\u00e4che und Jetons m\u00fcssen zuerst mit dem Drucker gedruckt und anschlie\u00dfend mit Print\/Cut Funktion der Maschine ausgeschnitten werden.<br \/>\nF\u00fcr den Zuschnitt ben\u00f6tigen Sie einen Schneidplotter (z.B. Schneidemaschine von Silhouette, Brother, Cricut,<\/p>\n<p>Handzuschnitt folgt sp\u00e4ter<\/p>\n<p>&nbsp;<\/p>\n<p>Voraussetzung ist, dass Ihr Ger\u00e4t \u00a0.svg- oder .dxf-Dateien verarbeiten kann).<br \/>\nEin ausdruckbares .pdf ist ebenfalls in diesem Download enthalten.<br \/>\nBeachten Sie unsere \u00a0<a href=\"https:\/\/mediendesign-moser.at\/shop\/?page_id=758\" target=\"_blank\" rel=\"noopener\">Lizenzbedingungen<\/a> f\u00fcr downloadbare Produkte.<\/p>\n<p><img loading=\"lazy\" decoding=\"async\" class=\"alignnone size-medium wp-image-27439\" src=\"https:\/\/mediendesign-moser.at\/shop\/wp-content\/uploads\/2025\/10\/BMDM4533-300x200.jpg\" alt=\"\" width=\"300\" height=\"200\" srcset=\"https:\/\/mediendesign-moser.at\/shop\/wp-content\/uploads\/2025\/10\/BMDM4533-300x200.jpg 300w, https:\/\/mediendesign-moser.at\/shop\/wp-content\/uploads\/2025\/10\/BMDM4533-1024x682.jpg 1024w, https:\/\/mediendesign-moser.at\/shop\/wp-content\/uploads\/2025\/10\/BMDM4533-768x512.jpg 768w, https:\/\/mediendesign-moser.at\/shop\/wp-content\/uploads\/2025\/10\/BMDM4533-600x400.jpg 600w, https:\/\/mediendesign-moser.at\/shop\/wp-content\/uploads\/2025\/10\/BMDM4533.jpg 1280w\" sizes=\"auto, (max-width: 300px) 100vw, 300px\" \/><\/p>\n","protected":false},"featured_media":27437,"comment_status":"open","ping_status":"closed","template":"","meta":{"om_disable_all_campaigns":false,"_monsterinsights_skip_tracking":false,"_monsterinsights_sitenote_active":false,"_monsterinsights_sitenote_note":"","_monsterinsights_sitenote_category":0},"product_cat":[513,803,861,263],"product_tag":[972,38,1066,2274,518,974,504,142,1064,517],"class_list":{"0":"post-27442","1":"product","2":"type-product","3":"status-publish","4":"has-post-thumbnail","6":"product_cat-schneidplotter-svg-und-pdf","7":"product_cat-freizeit-schneidplotter-svg-und-pdf","8":"product_cat-hobby-und-beruf","9":"product_cat-downloadprodukte","10":"product_tag-casino","11":"product_tag-download","12":"product_tag-game","13":"product_tag-jetons","14":"product_tag-pdf","15":"product_tag-roulette","16":"product_tag-schneidplotter","17":"product_tag-schneidplotter-datei","18":"product_tag-spielen","19":"product_tag-svg","21":"first","22":"instock","23":"downloadable","24":"virtual","25":"purchasable","26":"product-type-simple"},"aioseo_notices":[],"jetpack_sharing_enabled":true,"_links":{"self":[{"href":"https:\/\/mediendesign-moser.at\/shop\/index.php?rest_route=\/wp\/v2\/product\/27442","targetHints":{"allow":["GET"]}}],"collection":[{"href":"https:\/\/mediendesign-moser.at\/shop\/index.php?rest_route=\/wp\/v2\/product"}],"about":[{"href":"https:\/\/mediendesign-moser.at\/shop\/index.php?rest_route=\/wp\/v2\/types\/product"}],"replies":[{"embeddable":true,"href":"https:\/\/mediendesign-moser.at\/shop\/index.php?rest_route=%2Fwp%2Fv2%2Fcomments&post=27442"}],"wp:featuredmedia":[{"embeddable":true,"href":"https:\/\/mediendesign-moser.at\/shop\/index.php?rest_route=\/wp\/v2\/media\/27437"}],"wp:attachment":[{"href":"https:\/\/mediendesign-moser.at\/shop\/index.php?rest_route=%2Fwp%2Fv2%2Fmedia&parent=27442"}],"wp:term":[{"taxonomy":"product_cat","embeddable":true,"href":"https:\/\/mediendesign-moser.at\/shop\/index.php?rest_route=%2Fwp%2Fv2%2Fproduct_cat&post=27442"},{"taxonomy":"product_tag","embeddable":true,"href":"https:\/\/mediendesign-moser.at\/shop\/index.php?rest_route=%2Fwp%2Fv2%2Fproduct_tag&post=27442"}],"curies":[{"name":"wp","href":"https:\/\/api.w.org\/{rel}","templated":true}]}}