{"id":2625,"date":"2018-10-08T07:30:23","date_gmt":"2018-10-08T05:30:23","guid":{"rendered":"http:\/\/mediendesign-moser.at\/shop\/?post_type=product&#038;p=2625"},"modified":"2023-11-23T13:12:28","modified_gmt":"2023-11-23T12:12:28","slug":"explosionsbox-mit-nostalgie-ofen","status":"publish","type":"product","link":"https:\/\/mediendesign-moser.at\/shop\/?product=explosionsbox-mit-nostalgie-ofen","title":{"rendered":"Explosionsbox mit Nostalgie-Ofen"},"content":{"rendered":"","protected":false},"excerpt":{"rendered":"<p>Handgemachte Explosionsbox mit einem Nostalgie Ofen.<br \/>\nGr\u00f6\u00dfe dieser Geschenkbox: W\u00fcrfel mit ca. 10\u00a0cm Seitenkantenl\u00e4nge.<\/p>\n<p>Nicht lieferbar, da wir unsere Explosionsboxen-Angebote eingestellt haben.<\/p>\n","protected":false},"featured_media":2629,"comment_status":"closed","ping_status":"closed","template":"","meta":{"om_disable_all_campaigns":false,"_monsterinsights_skip_tracking":false,"_monsterinsights_sitenote_active":false,"_monsterinsights_sitenote_note":"","_monsterinsights_sitenote_category":0},"product_cat":[63,702,49],"product_tag":[696,51,64,365,52,165,700,703,694,704,353,499],"class_list":{"0":"post-2625","1":"product","2":"type-product","3":"status-publish","4":"has-post-thumbnail","6":"product_cat-geburtstag","7":"product_cat-symbolgeschenk","8":"product_cat-explosionsboxen","9":"product_tag-backofen","10":"product_tag-explosionsbox","11":"product_tag-geburtstag","12":"product_tag-geldgeschenk","13":"product_tag-geschenk","14":"product_tag-geschenkbox","15":"product_tag-nostalgie","16":"product_tag-nostalgie-ofen","17":"product_tag-ofen","18":"product_tag-symbolgeschenk","19":"product_tag-verpackung","20":"product_tag-vintage","21":"product_shipping_class-gebo","23":"first","24":"instock","25":"product-type-external"},"aioseo_notices":[],"jetpack_sharing_enabled":true,"_links":{"self":[{"href":"https:\/\/mediendesign-moser.at\/shop\/index.php?rest_route=\/wp\/v2\/product\/2625","targetHints":{"allow":["GET"]}}],"collection":[{"href":"https:\/\/mediendesign-moser.at\/shop\/index.php?rest_route=\/wp\/v2\/product"}],"about":[{"href":"https:\/\/mediendesign-moser.at\/shop\/index.php?rest_route=\/wp\/v2\/types\/product"}],"replies":[{"embeddable":true,"href":"https:\/\/mediendesign-moser.at\/shop\/index.php?rest_route=%2Fwp%2Fv2%2Fcomments&post=2625"}],"wp:featuredmedia":[{"embeddable":true,"href":"https:\/\/mediendesign-moser.at\/shop\/index.php?rest_route=\/wp\/v2\/media\/2629"}],"wp:attachment":[{"href":"https:\/\/mediendesign-moser.at\/shop\/index.php?rest_route=%2Fwp%2Fv2%2Fmedia&parent=2625"}],"wp:term":[{"taxonomy":"product_cat","embeddable":true,"href":"https:\/\/mediendesign-moser.at\/shop\/index.php?rest_route=%2Fwp%2Fv2%2Fproduct_cat&post=2625"},{"taxonomy":"product_tag","embeddable":true,"href":"https:\/\/mediendesign-moser.at\/shop\/index.php?rest_route=%2Fwp%2Fv2%2Fproduct_tag&post=2625"}],"curies":[{"name":"wp","href":"https:\/\/api.w.org\/{rel}","templated":true}]}}